{"id":128721,"date":"2025-05-18T22:16:47","date_gmt":"2025-05-18T22:16:47","guid":{"rendered":"https:\/\/staging2.stylingagenten.com\/fi\/produkt\/wet-n-wild-cloud-pout-marshmallow-lip-mousse-3ml-cloud-chaser\/"},"modified":"2025-12-06T19:31:40","modified_gmt":"2025-12-06T19:31:40","slug":"wet-n-wild-cloud-pout-marshmallow-lip-mousse-3ml-cloud-chaser","status":"publish","type":"product","link":"https:\/\/stylingagenten.com\/fi\/tuote\/wet-n-wild-cloud-pout-marshmallow-lip-mousse-3ml-cloud-chaser\/","title":{"rendered":"Wet n Wild Cloud Pout Marshmallow Lip Mousse 3ml &#8211; Cloud Chaser"},"content":{"rendered":"<p>Wet n Wild Cloud Pout Marshmallow Lip Mousse on taianomainen huulikiilto, joka tuntuu ihanan pehme\u00e4lt\u00e4 vaahtokarkkipilvelt\u00e4. Sis\u00e4lt\u00e4\u00e4 argan\u00f6ljy\u00e4, avokado\u00f6ljy\u00e4 ja E-vitamiinia, jotka ravitsevat ja kosteuttavat huulia, ja siin\u00e4 on makean vaahtokarkin tuoksu. Huulikiilto antaa luonnollisen v\u00e4rin, mutta sit\u00e4 voi kerrostaa peitt\u00e4v\u00e4mm\u00e4n, mattapintaisen lopputuloksen saamiseksi. Sis\u00e4lt\u00e4\u00e4 natriumhyaluronaattia, joka kosteuttaa ja tasoittaa hienoja juonteita tasaisemman ilmeen saavuttamiseksi.<\/p>\n<p>S\u00e4vy: Cloud Chaser<\/p>\n<p>3ml<\/p>\n","protected":false},"excerpt":{"rendered":"<p>Wet n Wild Cloud Pout Marshmallow Lip Mousse on taianomainen huulikiilto, joka tuntuu ihanan pehme\u00e4lt\u00e4 vaahtokarkkipilvelt\u00e4. Sis\u00e4lt\u00e4\u00e4 argan\u00f6ljy\u00e4, avokado\u00f6ljy\u00e4 ja E-vitamiinia, jotka ravitsevat ja kosteuttavat huulia, ja siin\u00e4 on makean vaahtokarkin tuoksu. Huulikiilto antaa luonnollisen v\u00e4rin, mutta sit\u00e4 voi kerrostaa peitt\u00e4v\u00e4mm\u00e4n, mattapintaisen lopputuloksen saamiseksi. Sis\u00e4lt\u00e4\u00e4 natriumhyaluronaattia, joka kosteuttaa ja tasoittaa hienoja juonteita tasaisemman ilmeen saavuttamiseksi. [&hellip;]<\/p>\n","protected":false},"featured_media":128707,"comment_status":"open","ping_status":"closed","template":"","meta":{"_trash_the_other_posts":false},"product_brand":[],"product_cat":[599],"product_tag":[4083],"berocket_brand":[1035],"class_list":{"0":"post-128721","1":"product","2":"type-product","3":"status-publish","4":"has-post-thumbnail","6":"product_cat-huulikiilto","7":"product_tag-wet-n-wild-cloud-pout-marshmallow-lip-mousse-3ml","8":"pa_brand-wet-n-wild","9":"pa_variantti-cloud-chaser","10":"berocket_brand-wet-n-wild","12":"first","13":"instock","14":"sale","15":"taxable","16":"shipping-taxable","17":"purchasable","18":"product-type-simple"},"_links":{"self":[{"href":"https:\/\/stylingagenten.com\/fi\/wp-json\/wp\/v2\/product\/128721","targetHints":{"allow":["GET"]}}],"collection":[{"href":"https:\/\/stylingagenten.com\/fi\/wp-json\/wp\/v2\/product"}],"about":[{"href":"https:\/\/stylingagenten.com\/fi\/wp-json\/wp\/v2\/types\/product"}],"replies":[{"embeddable":true,"href":"https:\/\/stylingagenten.com\/fi\/wp-json\/wp\/v2\/comments?post=128721"}],"version-history":[{"count":0,"href":"https:\/\/stylingagenten.com\/fi\/wp-json\/wp\/v2\/product\/128721\/revisions"}],"wp:featuredmedia":[{"embeddable":true,"href":"https:\/\/stylingagenten.com\/fi\/wp-json\/wp\/v2\/media\/128707"}],"wp:attachment":[{"href":"https:\/\/stylingagenten.com\/fi\/wp-json\/wp\/v2\/media?parent=128721"}],"wp:term":[{"taxonomy":"product_brand","embeddable":true,"href":"https:\/\/stylingagenten.com\/fi\/wp-json\/wp\/v2\/product_brand?post=128721"},{"taxonomy":"product_cat","embeddable":true,"href":"https:\/\/stylingagenten.com\/fi\/wp-json\/wp\/v2\/product_cat?post=128721"},{"taxonomy":"product_tag","embeddable":true,"href":"https:\/\/stylingagenten.com\/fi\/wp-json\/wp\/v2\/product_tag?post=128721"},{"taxonomy":"berocket_brand","embeddable":true,"href":"https:\/\/stylingagenten.com\/fi\/wp-json\/wp\/v2\/berocket_brand?post=128721"}],"curies":[{"name":"wp","href":"https:\/\/api.w.org\/{rel}","templated":true}]}}