{"id":128719,"date":"2025-05-18T22:16:47","date_gmt":"2025-05-18T22:16:47","guid":{"rendered":"https:\/\/staging2.stylingagenten.com\/fi\/produkt\/wet-n-wild-megalast-lock-n-shine-lip-color-red-y-for-me\/"},"modified":"2025-11-19T12:47:11","modified_gmt":"2025-11-19T12:47:11","slug":"wet-n-wild-megalast-lock-n-shine-lip-color-red-y-for-me","status":"publish","type":"product","link":"https:\/\/stylingagenten.com\/fi\/tuote\/wet-n-wild-megalast-lock-n-shine-lip-color-red-y-for-me\/","title":{"rendered":"Wet n Wild Megalast Lock n&#8217; Shine Lip Color &#8211; Red- y- for me"},"content":{"rendered":"<p>T\u00e4m\u00e4 kaksipuolinen huulikiilto saa huulesi hehkumaan tuntikausia! Toinen puoli sis\u00e4lt\u00e4\u00e4 huuliv\u00e4rin ja toinen puoli kirkkaan kiillon. Koostettu ainesosista, kuten E-vitamiiniasetaatti, jojoba\u00f6ljy ja antioksidanttirikas passionhedelm\u00e4n siemen\u00f6ljy, kosteuttamaan ja hoitamaan huulia. Valitse suosikkiv\u00e4risi ja lukitse se sitten kiillolla wet n wildin MegaLast Lock \u2019n\u2019 Shine -tuotteen avulla!<\/p>\n<p>V\u00e4ri: Red- y for me<\/p>\n<p>8 ml<\/p>\n","protected":false},"excerpt":{"rendered":"<p>T\u00e4m\u00e4 kaksipuolinen huulikiilto saa huulesi hehkumaan tuntikausia! Toinen puoli sis\u00e4lt\u00e4\u00e4 huuliv\u00e4rin ja toinen puoli kirkkaan kiillon. Koostettu ainesosista, kuten E-vitamiiniasetaatti, jojoba\u00f6ljy ja antioksidanttirikas passionhedelm\u00e4n siemen\u00f6ljy, kosteuttamaan ja hoitamaan huulia. Valitse suosikkiv\u00e4risi ja lukitse se sitten kiillolla wet n wildin MegaLast Lock \u2019n\u2019 Shine -tuotteen avulla! V\u00e4ri: Red- y for me 8 ml<\/p>\n","protected":false},"featured_media":128706,"comment_status":"open","ping_status":"closed","template":"","meta":{"_trash_the_other_posts":false},"product_brand":[],"product_cat":[599],"product_tag":[4104],"berocket_brand":[1035],"class_list":{"0":"post-128719","1":"product","2":"type-product","3":"status-publish","4":"has-post-thumbnail","6":"product_cat-huulikiilto","7":"product_tag-wet-n-wild-megalast-lock-n-shine-lip-color","8":"pa_brand-wet-n-wild","9":"pa_variantti-red-y-for-me","10":"berocket_brand-wet-n-wild","12":"first","13":"instock","14":"sale","15":"taxable","16":"shipping-taxable","17":"purchasable","18":"product-type-simple"},"_links":{"self":[{"href":"https:\/\/stylingagenten.com\/fi\/wp-json\/wp\/v2\/product\/128719","targetHints":{"allow":["GET"]}}],"collection":[{"href":"https:\/\/stylingagenten.com\/fi\/wp-json\/wp\/v2\/product"}],"about":[{"href":"https:\/\/stylingagenten.com\/fi\/wp-json\/wp\/v2\/types\/product"}],"replies":[{"embeddable":true,"href":"https:\/\/stylingagenten.com\/fi\/wp-json\/wp\/v2\/comments?post=128719"}],"version-history":[{"count":0,"href":"https:\/\/stylingagenten.com\/fi\/wp-json\/wp\/v2\/product\/128719\/revisions"}],"wp:featuredmedia":[{"embeddable":true,"href":"https:\/\/stylingagenten.com\/fi\/wp-json\/wp\/v2\/media\/128706"}],"wp:attachment":[{"href":"https:\/\/stylingagenten.com\/fi\/wp-json\/wp\/v2\/media?parent=128719"}],"wp:term":[{"taxonomy":"product_brand","embeddable":true,"href":"https:\/\/stylingagenten.com\/fi\/wp-json\/wp\/v2\/product_brand?post=128719"},{"taxonomy":"product_cat","embeddable":true,"href":"https:\/\/stylingagenten.com\/fi\/wp-json\/wp\/v2\/product_cat?post=128719"},{"taxonomy":"product_tag","embeddable":true,"href":"https:\/\/stylingagenten.com\/fi\/wp-json\/wp\/v2\/product_tag?post=128719"},{"taxonomy":"berocket_brand","embeddable":true,"href":"https:\/\/stylingagenten.com\/fi\/wp-json\/wp\/v2\/berocket_brand?post=128719"}],"curies":[{"name":"wp","href":"https:\/\/api.w.org\/{rel}","templated":true}]}}