{"id":128666,"date":"2025-05-18T22:16:37","date_gmt":"2025-05-18T22:16:37","guid":{"rendered":"https:\/\/staging2.stylingagenten.com\/fi\/produkt\/bareminerals-dewy-lip-gloss-balm-affection\/"},"modified":"2026-01-23T11:30:10","modified_gmt":"2026-01-23T11:30:10","slug":"bareminerals-dewy-lip-gloss-balm-affection","status":"publish","type":"product","link":"https:\/\/stylingagenten.com\/fi\/tuote\/bareminerals-dewy-lip-gloss-balm-affection\/","title":{"rendered":"BareMinerals Dewy Lip Gloss-Balm Affection"},"content":{"rendered":"<p>BareMinerals Dewy Lip Gloss-Balm on huulikiilto-balmi, joka hoitaa huulia herkullisella kiillolla koko p\u00e4iv\u00e4n* + 24 tunnin kosteutuksella** n\u00e4kyv\u00e4sti terveemmille, tasaisemmille ja pehme\u00e4mmille huulille.<\/p>\n<p>Upota huulesi vastustamattoman, mehukkaan kiillon helmi\u00e4v\u00e4rill\u00e4, joka pit\u00e4\u00e4 huulet kosteutettuina koko p\u00e4iv\u00e4n*. T\u00e4m\u00e4 t\u00e4ytel\u00e4inen, tahmea mutta ei liimainen kiilto-balmi sulaa huulille levitett\u00e4ess\u00e4 ja on t\u00e4ynn\u00e4 kest\u00e4v\u00e4sti tuotettuja ainesosia, jotka saavat huulet tuntumaan heti levityksen j\u00e4lkeen pehme\u00e4mmilt\u00e4, tasaisemmilta ja kosteutetuilta \u2013 sek\u00e4 ajan my\u00f6t\u00e4. Huulikiilto on t\u00e4ysin vegaaninen.<\/p>\n<p>MIT\u00c4 SE TEKEE?<br \/>-Huulikiilto-balmi, joka antaa huulille kevyen, tasaisen v\u00e4rin yhdell\u00e4 vedolla \u2013 saatavilla 8 inklusiivisella s\u00e4vyll\u00e4.<br \/>-Kliinisesti todistettu antavansa 8 tunnin jatkuvaa kiiltoa*.<br \/>-Kliinisesti todistettu antavansa 24 tunnin jatkuvaa kosteutusta*.<br \/>-Huulten n\u00e4ytt\u00e4\u00e4 olevan pehme\u00e4mm\u00e4t, tasaisemmat ja terveemm\u00e4t jo viikon** kuluessa.<\/p>\n<p>MIT\u00c4 MUUTA TARVITSET TIET\u00c4?<br \/>-94 % huuliyst\u00e4v\u00e4llisi\u00e4 ainesosia. Vegaaninen.<br \/>-Kierr\u00e4tett\u00e4v\u00e4, kokonaan alumiinipakkauksessa.<br \/>-Formuloitu ilman synteettisi\u00e4 hajusteita, PEG:\u00e4\u00e4 ja muuta.<\/p>\n<p>V\u00e4ri: Affection<\/p>\n","protected":false},"excerpt":{"rendered":"<p>BareMinerals Dewy Lip Gloss-Balm on huulikiilto-balmi, joka hoitaa huulia herkullisella kiillolla koko p\u00e4iv\u00e4n* + 24 tunnin kosteutuksella** n\u00e4kyv\u00e4sti terveemmille, tasaisemmille ja pehme\u00e4mmille huulille. Upota huulesi vastustamattoman, mehukkaan kiillon helmi\u00e4v\u00e4rill\u00e4, joka pit\u00e4\u00e4 huulet kosteutettuina koko p\u00e4iv\u00e4n*. T\u00e4m\u00e4 t\u00e4ytel\u00e4inen, tahmea mutta ei liimainen kiilto-balmi sulaa huulille levitett\u00e4ess\u00e4 ja on t\u00e4ynn\u00e4 kest\u00e4v\u00e4sti tuotettuja ainesosia, jotka saavat huulet tuntumaan [&hellip;]<\/p>\n","protected":false},"featured_media":128642,"comment_status":"open","ping_status":"closed","template":"","meta":{"_trash_the_other_posts":false},"product_brand":[],"product_cat":[599],"product_tag":[2474],"berocket_brand":[1256],"class_list":{"0":"post-128666","1":"product","2":"type-product","3":"status-publish","4":"has-post-thumbnail","6":"product_cat-huulikiilto","7":"product_tag-bareminerals-dewy-lip-gloss-balm","8":"pa_brand-bareminerals","9":"pa_variantti-affection","10":"berocket_brand-bareminerals","12":"first","13":"instock","14":"sale","15":"taxable","16":"shipping-taxable","17":"purchasable","18":"product-type-simple"},"_links":{"self":[{"href":"https:\/\/stylingagenten.com\/fi\/wp-json\/wp\/v2\/product\/128666","targetHints":{"allow":["GET"]}}],"collection":[{"href":"https:\/\/stylingagenten.com\/fi\/wp-json\/wp\/v2\/product"}],"about":[{"href":"https:\/\/stylingagenten.com\/fi\/wp-json\/wp\/v2\/types\/product"}],"replies":[{"embeddable":true,"href":"https:\/\/stylingagenten.com\/fi\/wp-json\/wp\/v2\/comments?post=128666"}],"version-history":[{"count":0,"href":"https:\/\/stylingagenten.com\/fi\/wp-json\/wp\/v2\/product\/128666\/revisions"}],"wp:featuredmedia":[{"embeddable":true,"href":"https:\/\/stylingagenten.com\/fi\/wp-json\/wp\/v2\/media\/128642"}],"wp:attachment":[{"href":"https:\/\/stylingagenten.com\/fi\/wp-json\/wp\/v2\/media?parent=128666"}],"wp:term":[{"taxonomy":"product_brand","embeddable":true,"href":"https:\/\/stylingagenten.com\/fi\/wp-json\/wp\/v2\/product_brand?post=128666"},{"taxonomy":"product_cat","embeddable":true,"href":"https:\/\/stylingagenten.com\/fi\/wp-json\/wp\/v2\/product_cat?post=128666"},{"taxonomy":"product_tag","embeddable":true,"href":"https:\/\/stylingagenten.com\/fi\/wp-json\/wp\/v2\/product_tag?post=128666"},{"taxonomy":"berocket_brand","embeddable":true,"href":"https:\/\/stylingagenten.com\/fi\/wp-json\/wp\/v2\/berocket_brand?post=128666"}],"curies":[{"name":"wp","href":"https:\/\/api.w.org\/{rel}","templated":true}]}}