{"id":128637,"date":"2025-05-18T22:16:30","date_gmt":"2025-05-18T22:16:30","guid":{"rendered":"https:\/\/staging2.stylingagenten.com\/fi\/produkt\/wet-n-wild-cloud-pout-marshmallow-lip-mousse-3ml-fluffernutter\/"},"modified":"2025-12-01T15:51:40","modified_gmt":"2025-12-01T15:51:40","slug":"wet-n-wild-cloud-pout-marshmallow-lip-mousse-3ml-fluffernutter","status":"publish","type":"product","link":"https:\/\/stylingagenten.com\/fi\/tuote\/wet-n-wild-cloud-pout-marshmallow-lip-mousse-3ml-fluffernutter\/","title":{"rendered":"Wet n Wild Cloud Pout Marshmallow Lip Mousse 3ml &#8211; Fluffernutter"},"content":{"rendered":"<p>Wet n Wild Cloud Pout Marshmallow Lip Mousse on taianomainen huulikiilto, joka tuntuu ihanan pehme\u00e4lt\u00e4 vaahtokarkkipilvelt\u00e4. Sis\u00e4lt\u00e4\u00e4 argan\u00f6ljy\u00e4, avokado\u00f6ljy\u00e4 ja E-vitamiinia, jotka ravitsevat ja kosteuttavat huulia, ja siin\u00e4 on makean vaahtokarkin tuoksu. Huulikiilto antaa luonnollisen v\u00e4rin, mutta sit\u00e4 voi kerrostaa peitt\u00e4v\u00e4mm\u00e4n, mattapintaisen lopputuloksen saamiseksi. Sis\u00e4lt\u00e4\u00e4 natriumhyaluronaattia, joka kosteuttaa ja tasoittaa hienoja juonteita tasaisemman ilmeen saavuttamiseksi.<\/p>\n<p>S\u00e4vy: Fluffernutter<\/p>\n<p>3ml<\/p>\n","protected":false},"excerpt":{"rendered":"<p>Wet n Wild Cloud Pout Marshmallow Lip Mousse on taianomainen huulikiilto, joka tuntuu ihanan pehme\u00e4lt\u00e4 vaahtokarkkipilvelt\u00e4. Sis\u00e4lt\u00e4\u00e4 argan\u00f6ljy\u00e4, avokado\u00f6ljy\u00e4 ja E-vitamiinia, jotka ravitsevat ja kosteuttavat huulia, ja siin\u00e4 on makean vaahtokarkin tuoksu. Huulikiilto antaa luonnollisen v\u00e4rin, mutta sit\u00e4 voi kerrostaa peitt\u00e4v\u00e4mm\u00e4n, mattapintaisen lopputuloksen saamiseksi. Sis\u00e4lt\u00e4\u00e4 natriumhyaluronaattia, joka kosteuttaa ja tasoittaa hienoja juonteita tasaisemman ilmeen saavuttamiseksi. [&hellip;]<\/p>\n","protected":false},"featured_media":128626,"comment_status":"open","ping_status":"closed","template":"","meta":{"_trash_the_other_posts":false},"product_brand":[],"product_cat":[599],"product_tag":[4083],"berocket_brand":[1035],"class_list":{"0":"post-128637","1":"product","2":"type-product","3":"status-publish","4":"has-post-thumbnail","6":"product_cat-huulikiilto","7":"product_tag-wet-n-wild-cloud-pout-marshmallow-lip-mousse-3ml","8":"pa_brand-wet-n-wild","9":"pa_variantti-fluffernutter","10":"berocket_brand-wet-n-wild","12":"first","13":"instock","14":"sale","15":"taxable","16":"shipping-taxable","17":"purchasable","18":"product-type-simple"},"_links":{"self":[{"href":"https:\/\/stylingagenten.com\/fi\/wp-json\/wp\/v2\/product\/128637","targetHints":{"allow":["GET"]}}],"collection":[{"href":"https:\/\/stylingagenten.com\/fi\/wp-json\/wp\/v2\/product"}],"about":[{"href":"https:\/\/stylingagenten.com\/fi\/wp-json\/wp\/v2\/types\/product"}],"replies":[{"embeddable":true,"href":"https:\/\/stylingagenten.com\/fi\/wp-json\/wp\/v2\/comments?post=128637"}],"version-history":[{"count":0,"href":"https:\/\/stylingagenten.com\/fi\/wp-json\/wp\/v2\/product\/128637\/revisions"}],"wp:featuredmedia":[{"embeddable":true,"href":"https:\/\/stylingagenten.com\/fi\/wp-json\/wp\/v2\/media\/128626"}],"wp:attachment":[{"href":"https:\/\/stylingagenten.com\/fi\/wp-json\/wp\/v2\/media?parent=128637"}],"wp:term":[{"taxonomy":"product_brand","embeddable":true,"href":"https:\/\/stylingagenten.com\/fi\/wp-json\/wp\/v2\/product_brand?post=128637"},{"taxonomy":"product_cat","embeddable":true,"href":"https:\/\/stylingagenten.com\/fi\/wp-json\/wp\/v2\/product_cat?post=128637"},{"taxonomy":"product_tag","embeddable":true,"href":"https:\/\/stylingagenten.com\/fi\/wp-json\/wp\/v2\/product_tag?post=128637"},{"taxonomy":"berocket_brand","embeddable":true,"href":"https:\/\/stylingagenten.com\/fi\/wp-json\/wp\/v2\/berocket_brand?post=128637"}],"curies":[{"name":"wp","href":"https:\/\/api.w.org\/{rel}","templated":true}]}}