{"id":128586,"date":"2025-05-18T22:16:19","date_gmt":"2025-05-18T22:16:19","guid":{"rendered":"https:\/\/staging2.stylingagenten.com\/fi\/produkt\/bareminerals-mineralist-lip-gloss-balm-clarity\/"},"modified":"2026-01-23T11:30:46","modified_gmt":"2026-01-23T11:30:46","slug":"bareminerals-mineralist-lip-gloss-balm-clarity","status":"publish","type":"product","link":"https:\/\/stylingagenten.com\/fi\/tuote\/bareminerals-mineralist-lip-gloss-balm-clarity\/","title":{"rendered":"BareMinerals Mineralist Lip Gloss Balm Clarity"},"content":{"rendered":"<p>BareMinerals Mineralist Lip Gloss Balm on huulikiillon ja huulivoiteen hybridi, joka sis\u00e4lt\u00e4\u00e4 kylm\u00e4puristettuja hedelm\u00e4\u00f6ljyj\u00e4. Se antaa l\u00e4pikuultavaa v\u00e4ri\u00e4, kiilt\u00e4v\u00e4n lopputuloksen ja vastustamattoman pehme\u00e4t huulet.<\/p>\n<p>MIT\u00c4 SE TEKEE:<br \/>-Antaa kevytt\u00e4 v\u00e4ri\u00e4 ja kiiltoa ilman tahmaisuutta.<br \/>-Miellytt\u00e4v\u00e4 balsamikoostumus ravitsee ja silottaa huulia.<br \/>-Tekee huulista pehme\u00e4mm\u00e4t, sile\u00e4mm\u00e4t ja kosteutetummat \u2013 heti ja ajan my\u00f6t\u00e4.<\/p>\n<p>KULUTTAJATESTATTU:<br \/>-Kliinisesti todistettu parantavan huulten sileytt\u00e4 sek\u00e4 v\u00e4litt\u00f6m\u00e4sti ett\u00e4 pitk\u00e4aikaisesti.<br \/>-Tekee huulista jopa 50 % sile\u00e4mm\u00e4t vain viikossa*.<br \/>-90 % ilmoitti, ett\u00e4 huulet tuntuivat heti kosteutetuilta*.<\/p>\n<p>MIKSI RAKASTAT SIT\u00c4:<br \/>-Yhdist\u00e4\u00e4 huulivoiteen hoitavat ominaisuudet huulikiillon kiiltoon.<br \/>-Vegaaninen koostumus, joka on valmistettu luonnollisista ja kest\u00e4v\u00e4ll\u00e4 tavalla hankituista kylm\u00e4puristetuista hedelm\u00e4\u00f6ljyist\u00e4.<br \/>-Dermatologisesti testattu.<br \/>-Korkki ja pullo valmistettu kierr\u00e4tysmuovista.<br \/>-Vegaaninen.<br \/>-Parabeeniton + ei sis\u00e4ll\u00e4 synteettisi\u00e4 hajusteita, SLS:\u00e4\u00e4, gluteenia jne.<\/p>\n<p>S\u00e4vy: Clarity<\/p>\n","protected":false},"excerpt":{"rendered":"<p>BareMinerals Mineralist Lip Gloss Balm on huulikiillon ja huulivoiteen hybridi, joka sis\u00e4lt\u00e4\u00e4 kylm\u00e4puristettuja hedelm\u00e4\u00f6ljyj\u00e4. Se antaa l\u00e4pikuultavaa v\u00e4ri\u00e4, kiilt\u00e4v\u00e4n lopputuloksen ja vastustamattoman pehme\u00e4t huulet. MIT\u00c4 SE TEKEE:-Antaa kevytt\u00e4 v\u00e4ri\u00e4 ja kiiltoa ilman tahmaisuutta.-Miellytt\u00e4v\u00e4 balsamikoostumus ravitsee ja silottaa huulia.-Tekee huulista pehme\u00e4mm\u00e4t, sile\u00e4mm\u00e4t ja kosteutetummat \u2013 heti ja ajan my\u00f6t\u00e4. KULUTTAJATESTATTU:-Kliinisesti todistettu parantavan huulten sileytt\u00e4 sek\u00e4 v\u00e4litt\u00f6m\u00e4sti [&hellip;]<\/p>\n","protected":false},"featured_media":128577,"comment_status":"open","ping_status":"closed","template":"","meta":{"_trash_the_other_posts":false},"product_brand":[],"product_cat":[599],"product_tag":[2478],"berocket_brand":[1256],"class_list":{"0":"post-128586","1":"product","2":"type-product","3":"status-publish","4":"has-post-thumbnail","6":"product_cat-huulikiilto","7":"product_tag-bareminerals-mineralist-lip-gloss-balm","8":"pa_brand-bareminerals","9":"pa_variantti-clarity","10":"berocket_brand-bareminerals","12":"first","13":"instock","14":"sale","15":"taxable","16":"shipping-taxable","17":"purchasable","18":"product-type-simple"},"_links":{"self":[{"href":"https:\/\/stylingagenten.com\/fi\/wp-json\/wp\/v2\/product\/128586","targetHints":{"allow":["GET"]}}],"collection":[{"href":"https:\/\/stylingagenten.com\/fi\/wp-json\/wp\/v2\/product"}],"about":[{"href":"https:\/\/stylingagenten.com\/fi\/wp-json\/wp\/v2\/types\/product"}],"replies":[{"embeddable":true,"href":"https:\/\/stylingagenten.com\/fi\/wp-json\/wp\/v2\/comments?post=128586"}],"version-history":[{"count":0,"href":"https:\/\/stylingagenten.com\/fi\/wp-json\/wp\/v2\/product\/128586\/revisions"}],"wp:featuredmedia":[{"embeddable":true,"href":"https:\/\/stylingagenten.com\/fi\/wp-json\/wp\/v2\/media\/128577"}],"wp:attachment":[{"href":"https:\/\/stylingagenten.com\/fi\/wp-json\/wp\/v2\/media?parent=128586"}],"wp:term":[{"taxonomy":"product_brand","embeddable":true,"href":"https:\/\/stylingagenten.com\/fi\/wp-json\/wp\/v2\/product_brand?post=128586"},{"taxonomy":"product_cat","embeddable":true,"href":"https:\/\/stylingagenten.com\/fi\/wp-json\/wp\/v2\/product_cat?post=128586"},{"taxonomy":"product_tag","embeddable":true,"href":"https:\/\/stylingagenten.com\/fi\/wp-json\/wp\/v2\/product_tag?post=128586"},{"taxonomy":"berocket_brand","embeddable":true,"href":"https:\/\/stylingagenten.com\/fi\/wp-json\/wp\/v2\/berocket_brand?post=128586"}],"curies":[{"name":"wp","href":"https:\/\/api.w.org\/{rel}","templated":true}]}}