{"id":128424,"date":"2025-05-18T22:15:29","date_gmt":"2025-05-18T22:15:29","guid":{"rendered":"https:\/\/staging2.stylingagenten.com\/fi\/produkt\/max-factor-colour-elixir-lipliner-04-pink-princess\/"},"modified":"2026-03-29T21:28:38","modified_gmt":"2026-03-29T21:28:38","slug":"max-factor-colour-elixir-lipliner-04-pink-princess","status":"publish","type":"product","link":"https:\/\/stylingagenten.com\/fi\/tuote\/max-factor-colour-elixir-lipliner-04-pink-princess\/","title":{"rendered":"Max Factor Colour Elixir Lipliner &#8211; 04 Pink princess"},"content":{"rendered":"<p>Max Factor Color Elixir Liplineriss\u00e4 on t\u00e4ydellinen rakenne, joka mahdollistaa helpon levityksen. M\u00e4\u00e4ritt\u00e4\u00e4 huulten \u00e4\u00e4riviivat ja est\u00e4\u00e4 huulipunan tai huulikiillon tahriintumisen. Upea pigmentti, helppok\u00e4ytt\u00f6inen ja pitk\u00e4kestoinen.<\/p>\n","protected":false},"excerpt":{"rendered":"<p>Max Factor Color Elixir Liplineriss\u00e4 on t\u00e4ydellinen rakenne, joka mahdollistaa helpon levityksen. M\u00e4\u00e4ritt\u00e4\u00e4 huulten \u00e4\u00e4riviivat ja est\u00e4\u00e4 huulipunan tai huulikiillon tahriintumisen. Upea pigmentti, helppok\u00e4ytt\u00f6inen ja pitk\u00e4kestoinen.<\/p>\n","protected":false},"featured_media":128412,"comment_status":"open","ping_status":"closed","template":"","meta":{"_trash_the_other_posts":false},"product_brand":[],"product_cat":[592],"product_tag":[3468],"berocket_brand":[1013],"class_list":{"0":"post-128424","1":"product","2":"type-product","3":"status-publish","4":"has-post-thumbnail","6":"product_cat-huultenrajauskyna","7":"product_tag-max-factor-colour-elixir-lipliner","8":"pa_brand-max-factor","9":"pa_variantti-04-pink-princess","10":"berocket_brand-max-factor","12":"first","13":"instock","14":"sale","15":"taxable","16":"shipping-taxable","17":"purchasable","18":"product-type-simple"},"_links":{"self":[{"href":"https:\/\/stylingagenten.com\/fi\/wp-json\/wp\/v2\/product\/128424","targetHints":{"allow":["GET"]}}],"collection":[{"href":"https:\/\/stylingagenten.com\/fi\/wp-json\/wp\/v2\/product"}],"about":[{"href":"https:\/\/stylingagenten.com\/fi\/wp-json\/wp\/v2\/types\/product"}],"replies":[{"embeddable":true,"href":"https:\/\/stylingagenten.com\/fi\/wp-json\/wp\/v2\/comments?post=128424"}],"version-history":[{"count":0,"href":"https:\/\/stylingagenten.com\/fi\/wp-json\/wp\/v2\/product\/128424\/revisions"}],"wp:featuredmedia":[{"embeddable":true,"href":"https:\/\/stylingagenten.com\/fi\/wp-json\/wp\/v2\/media\/128412"}],"wp:attachment":[{"href":"https:\/\/stylingagenten.com\/fi\/wp-json\/wp\/v2\/media?parent=128424"}],"wp:term":[{"taxonomy":"product_brand","embeddable":true,"href":"https:\/\/stylingagenten.com\/fi\/wp-json\/wp\/v2\/product_brand?post=128424"},{"taxonomy":"product_cat","embeddable":true,"href":"https:\/\/stylingagenten.com\/fi\/wp-json\/wp\/v2\/product_cat?post=128424"},{"taxonomy":"product_tag","embeddable":true,"href":"https:\/\/stylingagenten.com\/fi\/wp-json\/wp\/v2\/product_tag?post=128424"},{"taxonomy":"berocket_brand","embeddable":true,"href":"https:\/\/stylingagenten.com\/fi\/wp-json\/wp\/v2\/berocket_brand?post=128424"}],"curies":[{"name":"wp","href":"https:\/\/api.w.org\/{rel}","templated":true}]}}