{"id":128408,"date":"2025-05-18T22:15:25","date_gmt":"2025-05-18T22:15:25","guid":{"rendered":"https:\/\/staging2.stylingagenten.com\/fi\/produkt\/kokie-retractable-lip-liner-pink-mauve\/"},"modified":"2025-11-19T11:28:28","modified_gmt":"2025-11-19T11:28:28","slug":"kokie-retractable-lip-liner-pink-mauve","status":"publish","type":"product","link":"https:\/\/stylingagenten.com\/fi\/tuote\/kokie-retractable-lip-liner-pink-mauve\/","title":{"rendered":"Kokie Retractable Lip Liner &#8211; Pink Mauve"},"content":{"rendered":"<p>Kokie Retractable Lip Liner on sis\u00e4\u00e4nvedett\u00e4v\u00e4 huultenrajauskyn\u00e4, jonka avulla on helppo rajata ja muotoilla huulet.<\/p>\n<p>N\u00e4m\u00e4 pehme\u00e4t, kermaiset huultenraajat vedenpit\u00e4v\u00e4t ja asettuvat eritt\u00e4in kauniisti p\u00e4\u00e4lle. huulet puolimatta mattapintaisella viimeistelyll\u00e4. Saatavana useissa sileiss\u00e4 s\u00e4vyiss\u00e4, jotka t\u00e4ydent\u00e4v\u00e4t luonnollista ihonv\u00e4ri\u00e4si sek\u00e4 useimpia huulipunav\u00e4rej\u00e4. K\u00e4yt\u00e4 yksin tai huulipunan kanssa.<\/p>\n","protected":false},"excerpt":{"rendered":"<p>Kokie Retractable Lip Liner on sis\u00e4\u00e4nvedett\u00e4v\u00e4 huultenrajauskyn\u00e4, jonka avulla on helppo rajata ja muotoilla huulet. N\u00e4m\u00e4 pehme\u00e4t, kermaiset huultenraajat vedenpit\u00e4v\u00e4t ja asettuvat eritt\u00e4in kauniisti p\u00e4\u00e4lle. huulet puolimatta mattapintaisella viimeistelyll\u00e4. Saatavana useissa sileiss\u00e4 s\u00e4vyiss\u00e4, jotka t\u00e4ydent\u00e4v\u00e4t luonnollista ihonv\u00e4ri\u00e4si sek\u00e4 useimpia huulipunav\u00e4rej\u00e4. K\u00e4yt\u00e4 yksin tai huulipunan kanssa.<\/p>\n","protected":false},"featured_media":128405,"comment_status":"open","ping_status":"closed","template":"","meta":{"_trash_the_other_posts":false},"product_brand":[],"product_cat":[592],"product_tag":[3164],"berocket_brand":[1198],"class_list":{"0":"post-128408","1":"product","2":"type-product","3":"status-publish","4":"has-post-thumbnail","6":"product_cat-huultenrajauskyna","7":"product_tag-kokie-retractable-lip-liner","8":"pa_brand-kokie-cosmetics","9":"pa_variantti-pink-mauve","10":"berocket_brand-kokie-cosmetics","12":"first","13":"instock","14":"sale","15":"taxable","16":"shipping-taxable","17":"purchasable","18":"product-type-simple"},"_links":{"self":[{"href":"https:\/\/stylingagenten.com\/fi\/wp-json\/wp\/v2\/product\/128408","targetHints":{"allow":["GET"]}}],"collection":[{"href":"https:\/\/stylingagenten.com\/fi\/wp-json\/wp\/v2\/product"}],"about":[{"href":"https:\/\/stylingagenten.com\/fi\/wp-json\/wp\/v2\/types\/product"}],"replies":[{"embeddable":true,"href":"https:\/\/stylingagenten.com\/fi\/wp-json\/wp\/v2\/comments?post=128408"}],"version-history":[{"count":0,"href":"https:\/\/stylingagenten.com\/fi\/wp-json\/wp\/v2\/product\/128408\/revisions"}],"wp:featuredmedia":[{"embeddable":true,"href":"https:\/\/stylingagenten.com\/fi\/wp-json\/wp\/v2\/media\/128405"}],"wp:attachment":[{"href":"https:\/\/stylingagenten.com\/fi\/wp-json\/wp\/v2\/media?parent=128408"}],"wp:term":[{"taxonomy":"product_brand","embeddable":true,"href":"https:\/\/stylingagenten.com\/fi\/wp-json\/wp\/v2\/product_brand?post=128408"},{"taxonomy":"product_cat","embeddable":true,"href":"https:\/\/stylingagenten.com\/fi\/wp-json\/wp\/v2\/product_cat?post=128408"},{"taxonomy":"product_tag","embeddable":true,"href":"https:\/\/stylingagenten.com\/fi\/wp-json\/wp\/v2\/product_tag?post=128408"},{"taxonomy":"berocket_brand","embeddable":true,"href":"https:\/\/stylingagenten.com\/fi\/wp-json\/wp\/v2\/berocket_brand?post=128408"}],"curies":[{"name":"wp","href":"https:\/\/api.w.org\/{rel}","templated":true}]}}