{"id":128403,"date":"2025-05-18T22:15:23","date_gmt":"2025-05-18T22:15:23","guid":{"rendered":"https:\/\/staging2.stylingagenten.com\/fi\/produkt\/make-up-store-lippencil-the-perfect-pink\/"},"modified":"2026-03-23T08:19:45","modified_gmt":"2026-03-23T08:19:45","slug":"make-up-store-lippencil-the-perfect-pink","status":"publish","type":"product","link":"https:\/\/stylingagenten.com\/fi\/tuote\/make-up-store-lippencil-the-perfect-pink\/","title":{"rendered":"Make Up Store Lippencil The Perfect Pink"},"content":{"rendered":"<p>Voimakkaasti pigmentoitu huulikyn\u00e4, jossa on pehme\u00e4 rakenne. Levit\u00e4 huulten ymp\u00e4rille m\u00e4\u00e4ritt\u00e4m\u00e4\u00e4n tai huulten p\u00e4\u00e4lle t\u00e4ytel\u00e4isemm\u00e4n huuliv\u00e4rin saamiseksi.<\/p>\n","protected":false},"excerpt":{"rendered":"<p>Voimakkaasti pigmentoitu huulikyn\u00e4, jossa on pehme\u00e4 rakenne. Levit\u00e4 huulten ymp\u00e4rille m\u00e4\u00e4ritt\u00e4m\u00e4\u00e4n tai huulten p\u00e4\u00e4lle t\u00e4ytel\u00e4isemm\u00e4n huuliv\u00e4rin saamiseksi.<\/p>\n","protected":false},"featured_media":128402,"comment_status":"open","ping_status":"closed","template":"","meta":{"_trash_the_other_posts":false},"product_brand":[],"product_cat":[592],"product_tag":[3283],"berocket_brand":[1271],"class_list":{"0":"post-128403","1":"product","2":"type-product","3":"status-publish","4":"has-post-thumbnail","6":"product_cat-huultenrajauskyna","7":"product_tag-make-up-store-lippencil","8":"pa_brand-make-up-store","9":"pa_variantti-the-perfect-pink","10":"berocket_brand-make-up-store","12":"first","13":"instock","14":"sale","15":"taxable","16":"shipping-taxable","17":"purchasable","18":"product-type-simple"},"_links":{"self":[{"href":"https:\/\/stylingagenten.com\/fi\/wp-json\/wp\/v2\/product\/128403","targetHints":{"allow":["GET"]}}],"collection":[{"href":"https:\/\/stylingagenten.com\/fi\/wp-json\/wp\/v2\/product"}],"about":[{"href":"https:\/\/stylingagenten.com\/fi\/wp-json\/wp\/v2\/types\/product"}],"replies":[{"embeddable":true,"href":"https:\/\/stylingagenten.com\/fi\/wp-json\/wp\/v2\/comments?post=128403"}],"version-history":[{"count":0,"href":"https:\/\/stylingagenten.com\/fi\/wp-json\/wp\/v2\/product\/128403\/revisions"}],"wp:featuredmedia":[{"embeddable":true,"href":"https:\/\/stylingagenten.com\/fi\/wp-json\/wp\/v2\/media\/128402"}],"wp:attachment":[{"href":"https:\/\/stylingagenten.com\/fi\/wp-json\/wp\/v2\/media?parent=128403"}],"wp:term":[{"taxonomy":"product_brand","embeddable":true,"href":"https:\/\/stylingagenten.com\/fi\/wp-json\/wp\/v2\/product_brand?post=128403"},{"taxonomy":"product_cat","embeddable":true,"href":"https:\/\/stylingagenten.com\/fi\/wp-json\/wp\/v2\/product_cat?post=128403"},{"taxonomy":"product_tag","embeddable":true,"href":"https:\/\/stylingagenten.com\/fi\/wp-json\/wp\/v2\/product_tag?post=128403"},{"taxonomy":"berocket_brand","embeddable":true,"href":"https:\/\/stylingagenten.com\/fi\/wp-json\/wp\/v2\/berocket_brand?post=128403"}],"curies":[{"name":"wp","href":"https:\/\/api.w.org\/{rel}","templated":true}]}}