{"id":128291,"date":"2025-05-18T22:14:39","date_gmt":"2025-05-18T22:14:39","guid":{"rendered":"https:\/\/staging2.stylingagenten.com\/fi\/produkt\/beauty-uk-pucker-up-twist-lip-liner-no-7-raspberry-smooch\/"},"modified":"2025-11-25T13:52:47","modified_gmt":"2025-11-25T13:52:47","slug":"beauty-uk-pucker-up-twist-lip-liner-no-7-raspberry-smooch","status":"publish","type":"product","link":"https:\/\/stylingagenten.com\/fi\/tuote\/beauty-uk-pucker-up-twist-lip-liner-no-7-raspberry-smooch\/","title":{"rendered":"Beauty UK Pucker Up &#8211; Twist Lip Liner No.7 Raspberry Smooch"},"content":{"rendered":"<p>Beauty UK Pucker Up &#8211; Twist Lip Liner No.7 Raspberry Smooch on ainutlaatuinen Beauty UK:n huultenrajauskyn\u00e4, joka sopii jokaiseen meikkimallistoon. T\u00e4m\u00e4n huultenrajauksen avulla voit m\u00e4\u00e4ritell\u00e4 ja muotoilla huulet haluamallasi tavalla, ja sill\u00e4 on kermainen koostumus, jota on helppo k\u00e4ytt\u00e4\u00e4. V\u00e4ri on rikas v\u00e4ri; pigmentti\u00e4 ja j\u00e4tt\u00e4\u00e4 upean pitk\u00e4kestoisen tuloksen.<\/p>\n","protected":false},"excerpt":{"rendered":"<p>Beauty UK Pucker Up &#8211; Twist Lip Liner No.7 Raspberry Smooch on ainutlaatuinen Beauty UK:n huultenrajauskyn\u00e4, joka sopii jokaiseen meikkimallistoon. T\u00e4m\u00e4n huultenrajauksen avulla voit m\u00e4\u00e4ritell\u00e4 ja muotoilla huulet haluamallasi tavalla, ja sill\u00e4 on kermainen koostumus, jota on helppo k\u00e4ytt\u00e4\u00e4. V\u00e4ri on rikas v\u00e4ri; pigmentti\u00e4 ja j\u00e4tt\u00e4\u00e4 upean pitk\u00e4kestoisen tuloksen.<\/p>\n","protected":false},"featured_media":128290,"comment_status":"open","ping_status":"closed","template":"","meta":{"_trash_the_other_posts":false},"product_brand":[],"product_cat":[592,1005],"product_tag":[2522],"berocket_brand":[1059],"class_list":{"0":"post-128291","1":"product","2":"type-product","3":"status-publish","4":"has-post-thumbnail","6":"product_cat-huultenrajauskyna","7":"product_cat-outlet","8":"product_tag-beauty-uk-pucker-up-twist-lip-liner","9":"pa_brand-beautyuk","10":"pa_variantti-no-7-raspberry-smooch","11":"berocket_brand-beautyuk","13":"first","14":"instock","15":"sale","16":"taxable","17":"shipping-taxable","18":"purchasable","19":"product-type-simple"},"_links":{"self":[{"href":"https:\/\/stylingagenten.com\/fi\/wp-json\/wp\/v2\/product\/128291","targetHints":{"allow":["GET"]}}],"collection":[{"href":"https:\/\/stylingagenten.com\/fi\/wp-json\/wp\/v2\/product"}],"about":[{"href":"https:\/\/stylingagenten.com\/fi\/wp-json\/wp\/v2\/types\/product"}],"replies":[{"embeddable":true,"href":"https:\/\/stylingagenten.com\/fi\/wp-json\/wp\/v2\/comments?post=128291"}],"version-history":[{"count":0,"href":"https:\/\/stylingagenten.com\/fi\/wp-json\/wp\/v2\/product\/128291\/revisions"}],"wp:featuredmedia":[{"embeddable":true,"href":"https:\/\/stylingagenten.com\/fi\/wp-json\/wp\/v2\/media\/128290"}],"wp:attachment":[{"href":"https:\/\/stylingagenten.com\/fi\/wp-json\/wp\/v2\/media?parent=128291"}],"wp:term":[{"taxonomy":"product_brand","embeddable":true,"href":"https:\/\/stylingagenten.com\/fi\/wp-json\/wp\/v2\/product_brand?post=128291"},{"taxonomy":"product_cat","embeddable":true,"href":"https:\/\/stylingagenten.com\/fi\/wp-json\/wp\/v2\/product_cat?post=128291"},{"taxonomy":"product_tag","embeddable":true,"href":"https:\/\/stylingagenten.com\/fi\/wp-json\/wp\/v2\/product_tag?post=128291"},{"taxonomy":"berocket_brand","embeddable":true,"href":"https:\/\/stylingagenten.com\/fi\/wp-json\/wp\/v2\/berocket_brand?post=128291"}],"curies":[{"name":"wp","href":"https:\/\/api.w.org\/{rel}","templated":true}]}}