{"id":128254,"date":"2025-05-18T22:14:24","date_gmt":"2025-05-18T22:14:24","guid":{"rendered":"https:\/\/staging2.stylingagenten.com\/fi\/produkt\/nuxe-reve-de-miel-lip-moisturizing-stick-4g\/"},"modified":"2026-03-10T21:46:27","modified_gmt":"2026-03-10T21:46:27","slug":"nuxe-reve-de-miel-lip-moisturizing-stick-4g","status":"publish","type":"product","link":"https:\/\/stylingagenten.com\/fi\/tuote\/nuxe-reve-de-miel-lip-moisturizing-stick-4g\/","title":{"rendered":"Nuxe Reve de Miel Lip Moisturizing Stick 4g"},"content":{"rendered":"<p>Nuxe Reve de Miel Lip Moisturizing Stick on k\u00e4tev\u00e4ss\u00e4 muodossa. Hunajan ja auringonkukan avulla t\u00e4m\u00e4 juoksubalsami tekee ihmeit\u00e4; kuivat ja vaurioituneet huulet &ndash; pehme\u00e4t, kauniit huulet koko p\u00e4iv\u00e4n ajan.<\/p>\n","protected":false},"excerpt":{"rendered":"<p>Nuxe Reve de Miel Lip Moisturizing Stick on k\u00e4tev\u00e4ss\u00e4 muodossa. Hunajan ja auringonkukan avulla t\u00e4m\u00e4 juoksubalsami tekee ihmeit\u00e4; kuivat ja vaurioituneet huulet &ndash; pehme\u00e4t, kauniit huulet koko p\u00e4iv\u00e4n ajan.<\/p>\n","protected":false},"featured_media":128250,"comment_status":"open","ping_status":"closed","template":"","meta":{"_trash_the_other_posts":false},"product_brand":[],"product_cat":[580,1005],"product_tag":[],"berocket_brand":[1024],"class_list":{"0":"post-128254","1":"product","2":"type-product","3":"status-publish","4":"has-post-thumbnail","6":"product_cat-huulirasva","7":"product_cat-outlet","8":"pa_brand-nuxe","9":"berocket_brand-nuxe","11":"first","12":"instock","13":"sale","14":"taxable","15":"shipping-taxable","16":"purchasable","17":"product-type-simple"},"_links":{"self":[{"href":"https:\/\/stylingagenten.com\/fi\/wp-json\/wp\/v2\/product\/128254","targetHints":{"allow":["GET"]}}],"collection":[{"href":"https:\/\/stylingagenten.com\/fi\/wp-json\/wp\/v2\/product"}],"about":[{"href":"https:\/\/stylingagenten.com\/fi\/wp-json\/wp\/v2\/types\/product"}],"replies":[{"embeddable":true,"href":"https:\/\/stylingagenten.com\/fi\/wp-json\/wp\/v2\/comments?post=128254"}],"version-history":[{"count":0,"href":"https:\/\/stylingagenten.com\/fi\/wp-json\/wp\/v2\/product\/128254\/revisions"}],"wp:featuredmedia":[{"embeddable":true,"href":"https:\/\/stylingagenten.com\/fi\/wp-json\/wp\/v2\/media\/128250"}],"wp:attachment":[{"href":"https:\/\/stylingagenten.com\/fi\/wp-json\/wp\/v2\/media?parent=128254"}],"wp:term":[{"taxonomy":"product_brand","embeddable":true,"href":"https:\/\/stylingagenten.com\/fi\/wp-json\/wp\/v2\/product_brand?post=128254"},{"taxonomy":"product_cat","embeddable":true,"href":"https:\/\/stylingagenten.com\/fi\/wp-json\/wp\/v2\/product_cat?post=128254"},{"taxonomy":"product_tag","embeddable":true,"href":"https:\/\/stylingagenten.com\/fi\/wp-json\/wp\/v2\/product_tag?post=128254"},{"taxonomy":"berocket_brand","embeddable":true,"href":"https:\/\/stylingagenten.com\/fi\/wp-json\/wp\/v2\/berocket_brand?post=128254"}],"curies":[{"name":"wp","href":"https:\/\/api.w.org\/{rel}","templated":true}]}}