{"id":128241,"date":"2025-05-18T22:14:17","date_gmt":"2025-05-18T22:14:17","guid":{"rendered":"https:\/\/staging2.stylingagenten.com\/fi\/produkt\/nuxe-reve-de-miel-ultra-nourishing-honey-lip-balm-15g\/"},"modified":"2026-03-18T13:27:40","modified_gmt":"2026-03-18T13:27:40","slug":"nuxe-reve-de-miel-ultra-nourishing-honey-lip-balm-15g","status":"publish","type":"product","link":"https:\/\/stylingagenten.com\/fi\/tuote\/nuxe-reve-de-miel-ultra-nourishing-honey-lip-balm-15g\/","title":{"rendered":"Nuxe Reve de Miel Ultra Nourishing Honey Lip Balm 15g"},"content":{"rendered":"<p>Nuxe Reve de Miel Ultra ravitseva ja korjaava hunajahuulivoide 15 g<\/p>\n<p>Hunajainen unelma kuiville ja halkeileville huulille. Ravitseva balsami, joka ravitsee, korjaa, rauhoittaa ja suojaa jopa kuivimpia ja vaurioituneita huulia. Pehment\u00e4v\u00e4 ja kosteuttava hunajan ja greipin tuoksu. Sis\u00e4lt\u00e4\u00e4 suojaavia, pehment\u00e4vi\u00e4 sheavoita ja hunajaa sek\u00e4 korjaavia ja parantavia kasvi\u00f6ljyj\u00e4. E-vitamiini ehk\u00e4isee ihon ennenaikaista ik\u00e4\u00e4ntymist\u00e4 ja manteli\u00f6ljy pit\u00e4\u00e4 ihon kunnossa. Greippiuute antaa luonnollisen greipin maun.<\/p>\n","protected":false},"excerpt":{"rendered":"<p>Nuxe Reve de Miel Ultra ravitseva ja korjaava hunajahuulivoide 15 g Hunajainen unelma kuiville ja halkeileville huulille. Ravitseva balsami, joka ravitsee, korjaa, rauhoittaa ja suojaa jopa kuivimpia ja vaurioituneita huulia. Pehment\u00e4v\u00e4 ja kosteuttava hunajan ja greipin tuoksu. Sis\u00e4lt\u00e4\u00e4 suojaavia, pehment\u00e4vi\u00e4 sheavoita ja hunajaa sek\u00e4 korjaavia ja parantavia kasvi\u00f6ljyj\u00e4. E-vitamiini ehk\u00e4isee ihon ennenaikaista ik\u00e4\u00e4ntymist\u00e4 ja manteli\u00f6ljy [&hellip;]<\/p>\n","protected":false},"featured_media":128238,"comment_status":"open","ping_status":"closed","template":"","meta":{"_trash_the_other_posts":false},"product_brand":[],"product_cat":[580],"product_tag":[],"berocket_brand":[1024],"class_list":{"0":"post-128241","1":"product","2":"type-product","3":"status-publish","4":"has-post-thumbnail","6":"product_cat-huulirasva","7":"pa_brand-nuxe","8":"berocket_brand-nuxe","10":"first","11":"instock","12":"sale","13":"taxable","14":"shipping-taxable","15":"purchasable","16":"product-type-simple"},"_links":{"self":[{"href":"https:\/\/stylingagenten.com\/fi\/wp-json\/wp\/v2\/product\/128241","targetHints":{"allow":["GET"]}}],"collection":[{"href":"https:\/\/stylingagenten.com\/fi\/wp-json\/wp\/v2\/product"}],"about":[{"href":"https:\/\/stylingagenten.com\/fi\/wp-json\/wp\/v2\/types\/product"}],"replies":[{"embeddable":true,"href":"https:\/\/stylingagenten.com\/fi\/wp-json\/wp\/v2\/comments?post=128241"}],"version-history":[{"count":0,"href":"https:\/\/stylingagenten.com\/fi\/wp-json\/wp\/v2\/product\/128241\/revisions"}],"wp:featuredmedia":[{"embeddable":true,"href":"https:\/\/stylingagenten.com\/fi\/wp-json\/wp\/v2\/media\/128238"}],"wp:attachment":[{"href":"https:\/\/stylingagenten.com\/fi\/wp-json\/wp\/v2\/media?parent=128241"}],"wp:term":[{"taxonomy":"product_brand","embeddable":true,"href":"https:\/\/stylingagenten.com\/fi\/wp-json\/wp\/v2\/product_brand?post=128241"},{"taxonomy":"product_cat","embeddable":true,"href":"https:\/\/stylingagenten.com\/fi\/wp-json\/wp\/v2\/product_cat?post=128241"},{"taxonomy":"product_tag","embeddable":true,"href":"https:\/\/stylingagenten.com\/fi\/wp-json\/wp\/v2\/product_tag?post=128241"},{"taxonomy":"berocket_brand","embeddable":true,"href":"https:\/\/stylingagenten.com\/fi\/wp-json\/wp\/v2\/berocket_brand?post=128241"}],"curies":[{"name":"wp","href":"https:\/\/api.w.org\/{rel}","templated":true}]}}