{"id":128204,"date":"2025-05-18T22:13:57","date_gmt":"2025-05-18T22:13:57","guid":{"rendered":"https:\/\/staging2.stylingagenten.com\/fi\/produkt\/max-factor-colour-elixir-lip-cushion-010-starlight-coral-lip-gloss\/"},"modified":"2026-04-14T07:08:29","modified_gmt":"2026-04-14T07:08:29","slug":"max-factor-colour-elixir-lip-cushion-010-starlight-coral-lip-gloss","status":"publish","type":"product","link":"https:\/\/stylingagenten.com\/fi\/tuote\/max-factor-colour-elixir-lip-cushion-010-starlight-coral-lip-gloss\/","title":{"rendered":"Max Factor Colour Elixir Lip Cushion &#8211; 010 Starlight Coral Lip Gloss"},"content":{"rendered":"<p>Max Factorin Color Elixir Lip Cushion on hoitava huulikiilto hillityll\u00e4 v\u00e4rill\u00e4. Huulikiillon tyynyapplikaattorin avulla levityksest\u00e4 tulee pehme\u00e4 ja sile\u00e4.<\/p>\n<p>Colour Elixir Lip Cushion on hoitava huulikiilto, jossa on E-vitamiinia ja huulten kuivumista est\u00e4vi\u00e4 antioksidantteja. Useiden imartelevien v\u00e4rien ansiosta Max Facorin Lip Cushion hoitaa huulia jokaisella k\u00e4ytt\u00f6kerralla ja lopputulos on luonnollisesti terve ja kiilt\u00e4v\u00e4. Putken muotoinen pakkaus mahdollistaa jokaisen pisaran puristamisen ennen kuin on aika hankkia uusi. Saatavana useissa v\u00e4reiss\u00e4.<br \/>\u2022E-vitamiinia ja antioksidantteja sis\u00e4lt\u00e4v\u00e4 hoitava huulikiilto<br \/>\u2022Pehme\u00e4 tyynyapplikaattori<br \/>\u2022Luonnollinen kiilto<\/p>\n","protected":false},"excerpt":{"rendered":"<p>Max Factorin Color Elixir Lip Cushion on hoitava huulikiilto hillityll\u00e4 v\u00e4rill\u00e4. Huulikiillon tyynyapplikaattorin avulla levityksest\u00e4 tulee pehme\u00e4 ja sile\u00e4. Colour Elixir Lip Cushion on hoitava huulikiilto, jossa on E-vitamiinia ja huulten kuivumista est\u00e4vi\u00e4 antioksidantteja. Useiden imartelevien v\u00e4rien ansiosta Max Facorin Lip Cushion hoitaa huulia jokaisella k\u00e4ytt\u00f6kerralla ja lopputulos on luonnollisesti terve ja kiilt\u00e4v\u00e4. Putken muotoinen [&hellip;]<\/p>\n","protected":false},"featured_media":128197,"comment_status":"open","ping_status":"closed","template":"","meta":{"_trash_the_other_posts":false},"product_brand":[],"product_cat":[599],"product_tag":[3466],"berocket_brand":[1013],"class_list":{"0":"post-128204","1":"product","2":"type-product","3":"status-publish","4":"has-post-thumbnail","6":"product_cat-huulikiilto","7":"product_tag-max-factor-colour-elixir-lip-cushion-lip-gloss","8":"pa_brand-max-factor","9":"pa_variantti-010-starlight-coral","10":"berocket_brand-max-factor","12":"first","13":"instock","14":"sale","15":"taxable","16":"shipping-taxable","17":"purchasable","18":"product-type-simple"},"_links":{"self":[{"href":"https:\/\/stylingagenten.com\/fi\/wp-json\/wp\/v2\/product\/128204","targetHints":{"allow":["GET"]}}],"collection":[{"href":"https:\/\/stylingagenten.com\/fi\/wp-json\/wp\/v2\/product"}],"about":[{"href":"https:\/\/stylingagenten.com\/fi\/wp-json\/wp\/v2\/types\/product"}],"replies":[{"embeddable":true,"href":"https:\/\/stylingagenten.com\/fi\/wp-json\/wp\/v2\/comments?post=128204"}],"version-history":[{"count":0,"href":"https:\/\/stylingagenten.com\/fi\/wp-json\/wp\/v2\/product\/128204\/revisions"}],"wp:featuredmedia":[{"embeddable":true,"href":"https:\/\/stylingagenten.com\/fi\/wp-json\/wp\/v2\/media\/128197"}],"wp:attachment":[{"href":"https:\/\/stylingagenten.com\/fi\/wp-json\/wp\/v2\/media?parent=128204"}],"wp:term":[{"taxonomy":"product_brand","embeddable":true,"href":"https:\/\/stylingagenten.com\/fi\/wp-json\/wp\/v2\/product_brand?post=128204"},{"taxonomy":"product_cat","embeddable":true,"href":"https:\/\/stylingagenten.com\/fi\/wp-json\/wp\/v2\/product_cat?post=128204"},{"taxonomy":"product_tag","embeddable":true,"href":"https:\/\/stylingagenten.com\/fi\/wp-json\/wp\/v2\/product_tag?post=128204"},{"taxonomy":"berocket_brand","embeddable":true,"href":"https:\/\/stylingagenten.com\/fi\/wp-json\/wp\/v2\/berocket_brand?post=128204"}],"curies":[{"name":"wp","href":"https:\/\/api.w.org\/{rel}","templated":true}]}}