{"id":128179,"date":"2025-05-18T22:13:51","date_gmt":"2025-05-18T22:13:51","guid":{"rendered":"https:\/\/staging2.stylingagenten.com\/fi\/produkt\/makeup-revolution-rehab-overnight-lip-serum-5ml\/"},"modified":"2025-12-13T21:56:52","modified_gmt":"2025-12-13T21:56:52","slug":"makeup-revolution-rehab-overnight-lip-serum-5ml","status":"publish","type":"product","link":"https:\/\/stylingagenten.com\/fi\/tuote\/makeup-revolution-rehab-overnight-lip-serum-5ml\/","title":{"rendered":"Makeup Revolution Rehab Overnight Lip Serum 5ml"},"content":{"rendered":"<p>Makeup Revolution Rehab Overnight Lip Serum 5 ml<br \/>Syv\u00e4vaikutteisen koostumuksensa, joka sis\u00e4lt\u00e4\u00e4 mangovoita ja hyaluronihappoa, ansiosta vegaaninen huuliseerumi kosteuttaa ja hoitaa huulia sek\u00e4 lis\u00e4\u00e4 kosteutta p\u00e4iv\u00e4ll\u00e4 ja y\u00f6ll\u00e4.<\/p>\n","protected":false},"excerpt":{"rendered":"<p>Makeup Revolution Rehab Overnight Lip Serum 5 mlSyv\u00e4vaikutteisen koostumuksensa, joka sis\u00e4lt\u00e4\u00e4 mangovoita ja hyaluronihappoa, ansiosta vegaaninen huuliseerumi kosteuttaa ja hoitaa huulia sek\u00e4 lis\u00e4\u00e4 kosteutta p\u00e4iv\u00e4ll\u00e4 ja y\u00f6ll\u00e4.<\/p>\n","protected":false},"featured_media":128169,"comment_status":"open","ping_status":"closed","template":"","meta":{"_trash_the_other_posts":false},"product_brand":[],"product_cat":[580],"product_tag":[],"berocket_brand":[1050],"class_list":{"0":"post-128179","1":"product","2":"type-product","3":"status-publish","4":"has-post-thumbnail","6":"product_cat-huulirasva","7":"pa_brand-makeup-revolution","8":"berocket_brand-makeup-revolution","10":"first","11":"instock","12":"sale","13":"taxable","14":"shipping-taxable","15":"purchasable","16":"product-type-simple"},"_links":{"self":[{"href":"https:\/\/stylingagenten.com\/fi\/wp-json\/wp\/v2\/product\/128179","targetHints":{"allow":["GET"]}}],"collection":[{"href":"https:\/\/stylingagenten.com\/fi\/wp-json\/wp\/v2\/product"}],"about":[{"href":"https:\/\/stylingagenten.com\/fi\/wp-json\/wp\/v2\/types\/product"}],"replies":[{"embeddable":true,"href":"https:\/\/stylingagenten.com\/fi\/wp-json\/wp\/v2\/comments?post=128179"}],"version-history":[{"count":0,"href":"https:\/\/stylingagenten.com\/fi\/wp-json\/wp\/v2\/product\/128179\/revisions"}],"wp:featuredmedia":[{"embeddable":true,"href":"https:\/\/stylingagenten.com\/fi\/wp-json\/wp\/v2\/media\/128169"}],"wp:attachment":[{"href":"https:\/\/stylingagenten.com\/fi\/wp-json\/wp\/v2\/media?parent=128179"}],"wp:term":[{"taxonomy":"product_brand","embeddable":true,"href":"https:\/\/stylingagenten.com\/fi\/wp-json\/wp\/v2\/product_brand?post=128179"},{"taxonomy":"product_cat","embeddable":true,"href":"https:\/\/stylingagenten.com\/fi\/wp-json\/wp\/v2\/product_cat?post=128179"},{"taxonomy":"product_tag","embeddable":true,"href":"https:\/\/stylingagenten.com\/fi\/wp-json\/wp\/v2\/product_tag?post=128179"},{"taxonomy":"berocket_brand","embeddable":true,"href":"https:\/\/stylingagenten.com\/fi\/wp-json\/wp\/v2\/berocket_brand?post=128179"}],"curies":[{"name":"wp","href":"https:\/\/api.w.org\/{rel}","templated":true}]}}