{"id":128176,"date":"2025-05-18T22:13:51","date_gmt":"2025-05-18T22:13:51","guid":{"rendered":"https:\/\/staging2.stylingagenten.com\/fi\/produkt\/vaseline-lip-therapy-petroleum-jelly-pot-aloe-20g\/"},"modified":"2026-04-13T07:10:21","modified_gmt":"2026-04-13T07:10:21","slug":"vaseline-lip-therapy-petroleum-jelly-pot-aloe-20g","status":"publish","type":"product","link":"https:\/\/stylingagenten.com\/fi\/tuote\/vaseline-lip-therapy-petroleum-jelly-pot-aloe-20g\/","title":{"rendered":"Vaseline Lip Therapy Petroleum Jelly Pot Aloe 20g"},"content":{"rendered":"<p>Vaseline Lip Therapy Suojaa ja lievitt\u00e4\u00e4 kuivia ja tylsi\u00e4 halkeilevia huulia.<\/p>\n","protected":false},"excerpt":{"rendered":"<p>Vaseline Lip Therapy Suojaa ja lievitt\u00e4\u00e4 kuivia ja tylsi\u00e4 halkeilevia huulia.<\/p>\n","protected":false},"featured_media":128175,"comment_status":"open","ping_status":"closed","template":"","meta":{"_trash_the_other_posts":false},"product_brand":[],"product_cat":[580,717],"product_tag":[],"berocket_brand":[1260],"class_list":{"0":"post-128176","1":"product","2":"type-product","3":"status-publish","4":"has-post-thumbnail","6":"product_cat-huulirasva","7":"product_cat-virustuotteet","8":"pa_brand-vaseline","9":"berocket_brand-vaseline","11":"first","12":"instock","13":"sale","14":"taxable","15":"shipping-taxable","16":"purchasable","17":"product-type-simple"},"_links":{"self":[{"href":"https:\/\/stylingagenten.com\/fi\/wp-json\/wp\/v2\/product\/128176","targetHints":{"allow":["GET"]}}],"collection":[{"href":"https:\/\/stylingagenten.com\/fi\/wp-json\/wp\/v2\/product"}],"about":[{"href":"https:\/\/stylingagenten.com\/fi\/wp-json\/wp\/v2\/types\/product"}],"replies":[{"embeddable":true,"href":"https:\/\/stylingagenten.com\/fi\/wp-json\/wp\/v2\/comments?post=128176"}],"version-history":[{"count":0,"href":"https:\/\/stylingagenten.com\/fi\/wp-json\/wp\/v2\/product\/128176\/revisions"}],"wp:featuredmedia":[{"embeddable":true,"href":"https:\/\/stylingagenten.com\/fi\/wp-json\/wp\/v2\/media\/128175"}],"wp:attachment":[{"href":"https:\/\/stylingagenten.com\/fi\/wp-json\/wp\/v2\/media?parent=128176"}],"wp:term":[{"taxonomy":"product_brand","embeddable":true,"href":"https:\/\/stylingagenten.com\/fi\/wp-json\/wp\/v2\/product_brand?post=128176"},{"taxonomy":"product_cat","embeddable":true,"href":"https:\/\/stylingagenten.com\/fi\/wp-json\/wp\/v2\/product_cat?post=128176"},{"taxonomy":"product_tag","embeddable":true,"href":"https:\/\/stylingagenten.com\/fi\/wp-json\/wp\/v2\/product_tag?post=128176"},{"taxonomy":"berocket_brand","embeddable":true,"href":"https:\/\/stylingagenten.com\/fi\/wp-json\/wp\/v2\/berocket_brand?post=128176"}],"curies":[{"name":"wp","href":"https:\/\/api.w.org\/{rel}","templated":true}]}}