{"id":128168,"date":"2025-05-18T22:13:50","date_gmt":"2025-05-18T22:13:50","guid":{"rendered":"https:\/\/staging2.stylingagenten.com\/fi\/produkt\/makeup-revolution-overnight-lip-mask-cravin-coconuts-12g\/"},"modified":"2026-02-16T18:06:55","modified_gmt":"2026-02-16T18:06:55","slug":"makeup-revolution-overnight-lip-mask-cravin-coconuts-12g","status":"publish","type":"product","link":"https:\/\/stylingagenten.com\/fi\/tuote\/makeup-revolution-overnight-lip-mask-cravin-coconuts-12g\/","title":{"rendered":"Makeup Revolution Overnight Lip Mask Cravin&#8217; Coconuts 12g"},"content":{"rendered":"<p>Makeup Revolution Overnight Lip Mask Cravin&#8217; Coconuts 12g<br \/>Revolution Dream Kiss Overnight Lip Balm on t\u00e4ytel\u00e4inen huulirasva, joka toimii koko y\u00f6n, joten her\u00e4\u00e4t kosteutetuilla ja t\u00e4ytel\u00e4isill\u00e4 huulilla. Huulinaamio, joka sis\u00e4lt\u00e4\u00e4 hyaluroni\u00f6ljy\u00e4, jojoba\u00f6ljy\u00e4, sheavoita ja E-vitamiinia intensiivist\u00e4 kosteutta varten. Vaihda kuivat, halkeilevat huulet superpehmeisiin huuliin.<\/p>\n","protected":false},"excerpt":{"rendered":"<p>Makeup Revolution Overnight Lip Mask Cravin&#8217; Coconuts 12gRevolution Dream Kiss Overnight Lip Balm on t\u00e4ytel\u00e4inen huulirasva, joka toimii koko y\u00f6n, joten her\u00e4\u00e4t kosteutetuilla ja t\u00e4ytel\u00e4isill\u00e4 huulilla. Huulinaamio, joka sis\u00e4lt\u00e4\u00e4 hyaluroni\u00f6ljy\u00e4, jojoba\u00f6ljy\u00e4, sheavoita ja E-vitamiinia intensiivist\u00e4 kosteutta varten. Vaihda kuivat, halkeilevat huulet superpehmeisiin huuliin.<\/p>\n","protected":false},"featured_media":128161,"comment_status":"open","ping_status":"closed","template":"","meta":{"_trash_the_other_posts":false},"product_brand":[],"product_cat":[580],"product_tag":[],"berocket_brand":[1050],"class_list":{"0":"post-128168","1":"product","2":"type-product","3":"status-publish","4":"has-post-thumbnail","6":"product_cat-huulirasva","7":"pa_brand-makeup-revolution","8":"berocket_brand-makeup-revolution","10":"first","11":"instock","12":"sale","13":"taxable","14":"shipping-taxable","15":"purchasable","16":"product-type-simple"},"_links":{"self":[{"href":"https:\/\/stylingagenten.com\/fi\/wp-json\/wp\/v2\/product\/128168","targetHints":{"allow":["GET"]}}],"collection":[{"href":"https:\/\/stylingagenten.com\/fi\/wp-json\/wp\/v2\/product"}],"about":[{"href":"https:\/\/stylingagenten.com\/fi\/wp-json\/wp\/v2\/types\/product"}],"replies":[{"embeddable":true,"href":"https:\/\/stylingagenten.com\/fi\/wp-json\/wp\/v2\/comments?post=128168"}],"version-history":[{"count":0,"href":"https:\/\/stylingagenten.com\/fi\/wp-json\/wp\/v2\/product\/128168\/revisions"}],"wp:featuredmedia":[{"embeddable":true,"href":"https:\/\/stylingagenten.com\/fi\/wp-json\/wp\/v2\/media\/128161"}],"wp:attachment":[{"href":"https:\/\/stylingagenten.com\/fi\/wp-json\/wp\/v2\/media?parent=128168"}],"wp:term":[{"taxonomy":"product_brand","embeddable":true,"href":"https:\/\/stylingagenten.com\/fi\/wp-json\/wp\/v2\/product_brand?post=128168"},{"taxonomy":"product_cat","embeddable":true,"href":"https:\/\/stylingagenten.com\/fi\/wp-json\/wp\/v2\/product_cat?post=128168"},{"taxonomy":"product_tag","embeddable":true,"href":"https:\/\/stylingagenten.com\/fi\/wp-json\/wp\/v2\/product_tag?post=128168"},{"taxonomy":"berocket_brand","embeddable":true,"href":"https:\/\/stylingagenten.com\/fi\/wp-json\/wp\/v2\/berocket_brand?post=128168"}],"curies":[{"name":"wp","href":"https:\/\/api.w.org\/{rel}","templated":true}]}}