{"id":128165,"date":"2025-05-18T22:13:49","date_gmt":"2025-05-18T22:13:49","guid":{"rendered":"https:\/\/staging2.stylingagenten.com\/fi\/produkt\/chupa-chups-lip-balm-juicy-orange\/"},"modified":"2026-03-30T07:20:04","modified_gmt":"2026-03-30T07:20:04","slug":"chupa-chups-lip-balm-juicy-orange","status":"publish","type":"product","link":"https:\/\/stylingagenten.com\/fi\/tuote\/chupa-chups-lip-balm-juicy-orange\/","title":{"rendered":"Chupa Chups Lip Balm Juicy Orange"},"content":{"rendered":"<p>Chupa Chups Lip Balm Juicy Orange<br \/>Makeat huulirasvat, joissa on ihana tuoksu, jotka ovat saaneet vaikutteita Chupa Chupsin makeista tikkareista. Valitse useista herkullisista tuoksuista. Huulirasva viile\u00e4ss\u00e4 ulkon\u00e4\u00f6ss\u00e4 ja tyylikk\u00e4iss\u00e4 s\u00e4vyiss\u00e4!<\/p>\n","protected":false},"excerpt":{"rendered":"<p>Chupa Chups Lip Balm Juicy OrangeMakeat huulirasvat, joissa on ihana tuoksu, jotka ovat saaneet vaikutteita Chupa Chupsin makeista tikkareista. Valitse useista herkullisista tuoksuista. Huulirasva viile\u00e4ss\u00e4 ulkon\u00e4\u00f6ss\u00e4 ja tyylikk\u00e4iss\u00e4 s\u00e4vyiss\u00e4!<\/p>\n","protected":false},"featured_media":128163,"comment_status":"open","ping_status":"closed","template":"","meta":{"_trash_the_other_posts":false},"product_brand":[],"product_cat":[580],"product_tag":[2701],"berocket_brand":[1238],"class_list":{"0":"post-128165","1":"product","2":"type-product","3":"status-publish","4":"has-post-thumbnail","6":"product_cat-huulirasva","7":"product_tag-chupa-chups-lip-balm-juicy","8":"pa_brand-lip-smacker","9":"pa_variantti-orange","10":"berocket_brand-lip-smacker","12":"first","13":"instock","14":"sale","15":"taxable","16":"shipping-taxable","17":"purchasable","18":"product-type-simple"},"_links":{"self":[{"href":"https:\/\/stylingagenten.com\/fi\/wp-json\/wp\/v2\/product\/128165","targetHints":{"allow":["GET"]}}],"collection":[{"href":"https:\/\/stylingagenten.com\/fi\/wp-json\/wp\/v2\/product"}],"about":[{"href":"https:\/\/stylingagenten.com\/fi\/wp-json\/wp\/v2\/types\/product"}],"replies":[{"embeddable":true,"href":"https:\/\/stylingagenten.com\/fi\/wp-json\/wp\/v2\/comments?post=128165"}],"version-history":[{"count":0,"href":"https:\/\/stylingagenten.com\/fi\/wp-json\/wp\/v2\/product\/128165\/revisions"}],"wp:featuredmedia":[{"embeddable":true,"href":"https:\/\/stylingagenten.com\/fi\/wp-json\/wp\/v2\/media\/128163"}],"wp:attachment":[{"href":"https:\/\/stylingagenten.com\/fi\/wp-json\/wp\/v2\/media?parent=128165"}],"wp:term":[{"taxonomy":"product_brand","embeddable":true,"href":"https:\/\/stylingagenten.com\/fi\/wp-json\/wp\/v2\/product_brand?post=128165"},{"taxonomy":"product_cat","embeddable":true,"href":"https:\/\/stylingagenten.com\/fi\/wp-json\/wp\/v2\/product_cat?post=128165"},{"taxonomy":"product_tag","embeddable":true,"href":"https:\/\/stylingagenten.com\/fi\/wp-json\/wp\/v2\/product_tag?post=128165"},{"taxonomy":"berocket_brand","embeddable":true,"href":"https:\/\/stylingagenten.com\/fi\/wp-json\/wp\/v2\/berocket_brand?post=128165"}],"curies":[{"name":"wp","href":"https:\/\/api.w.org\/{rel}","templated":true}]}}