{"id":128136,"date":"2025-05-18T22:13:44","date_gmt":"2025-05-18T22:13:44","guid":{"rendered":"https:\/\/staging2.stylingagenten.com\/fi\/produkt\/babyliss-hair-waver-the-crimper-2165ce\/"},"modified":"2026-02-25T17:05:28","modified_gmt":"2026-02-25T17:05:28","slug":"babyliss-hair-waver-the-crimper-2165ce","status":"publish","type":"product","link":"https:\/\/stylingagenten.com\/fi\/tuote\/babyliss-hair-waver-the-crimper-2165ce\/","title":{"rendered":"Babyliss Hair Waver &#8211; The Crimper 2165CE"},"content":{"rendered":"<p>T\u00e4ysikokoinen huopa on t\u00e4ydellinen ty\u00f6kalu volyymin ja t\u00e4ydellisesti m\u00e4\u00e4ritellyn ja pitk\u00e4kestoisen tekstuurin luomiseen<\/p>\n<p>Huopavaikutelma on ainutlaatuinen, eik\u00e4 sit\u00e4 voi j\u00e4ljitell\u00e4 muilla muotoilutuotteilla. Leveiden turmaliini-keraamip\u00e4\u00e4llysteisten levyjen ansiosta pihdit tarjoavat nopean tuloksen ja tasaisen lopputuloksen.<\/p>\n<p>10 l\u00e4mp\u00f6tila-asetusta 120 \u00b0C &#8211; 210 \u00b0C.<\/p>\n","protected":false},"excerpt":{"rendered":"<p>T\u00e4ysikokoinen huopa on t\u00e4ydellinen ty\u00f6kalu volyymin ja t\u00e4ydellisesti m\u00e4\u00e4ritellyn ja pitk\u00e4kestoisen tekstuurin luomiseen Huopavaikutelma on ainutlaatuinen, eik\u00e4 sit\u00e4 voi j\u00e4ljitell\u00e4 muilla muotoilutuotteilla. Leveiden turmaliini-keraamip\u00e4\u00e4llysteisten levyjen ansiosta pihdit tarjoavat nopean tuloksen ja tasaisen lopputuloksen. 10 l\u00e4mp\u00f6tila-asetusta 120 \u00b0C &#8211; 210 \u00b0C.<\/p>\n","protected":false},"featured_media":128129,"comment_status":"open","ping_status":"closed","template":"","meta":{"_trash_the_other_posts":false},"product_brand":[],"product_cat":[596,646],"product_tag":[],"berocket_brand":[1166],"class_list":{"0":"post-128136","1":"product","2":"type-product","3":"status-publish","4":"has-post-thumbnail","6":"product_cat-kiharrin","7":"product_cat-lammitystyokalu","8":"pa_brand-babyliss","9":"berocket_brand-babyliss","11":"first","12":"instock","13":"sale","14":"taxable","15":"shipping-taxable","16":"purchasable","17":"product-type-simple"},"_links":{"self":[{"href":"https:\/\/stylingagenten.com\/fi\/wp-json\/wp\/v2\/product\/128136","targetHints":{"allow":["GET"]}}],"collection":[{"href":"https:\/\/stylingagenten.com\/fi\/wp-json\/wp\/v2\/product"}],"about":[{"href":"https:\/\/stylingagenten.com\/fi\/wp-json\/wp\/v2\/types\/product"}],"replies":[{"embeddable":true,"href":"https:\/\/stylingagenten.com\/fi\/wp-json\/wp\/v2\/comments?post=128136"}],"version-history":[{"count":0,"href":"https:\/\/stylingagenten.com\/fi\/wp-json\/wp\/v2\/product\/128136\/revisions"}],"wp:featuredmedia":[{"embeddable":true,"href":"https:\/\/stylingagenten.com\/fi\/wp-json\/wp\/v2\/media\/128129"}],"wp:attachment":[{"href":"https:\/\/stylingagenten.com\/fi\/wp-json\/wp\/v2\/media?parent=128136"}],"wp:term":[{"taxonomy":"product_brand","embeddable":true,"href":"https:\/\/stylingagenten.com\/fi\/wp-json\/wp\/v2\/product_brand?post=128136"},{"taxonomy":"product_cat","embeddable":true,"href":"https:\/\/stylingagenten.com\/fi\/wp-json\/wp\/v2\/product_cat?post=128136"},{"taxonomy":"product_tag","embeddable":true,"href":"https:\/\/stylingagenten.com\/fi\/wp-json\/wp\/v2\/product_tag?post=128136"},{"taxonomy":"berocket_brand","embeddable":true,"href":"https:\/\/stylingagenten.com\/fi\/wp-json\/wp\/v2\/berocket_brand?post=128136"}],"curies":[{"name":"wp","href":"https:\/\/api.w.org\/{rel}","templated":true}]}}