{"id":128134,"date":"2025-05-18T22:13:44","date_gmt":"2025-05-18T22:13:44","guid":{"rendered":"https:\/\/staging2.stylingagenten.com\/fi\/produkt\/babyliss-thermo-ceramic-rollers-rs035e\/"},"modified":"2026-02-25T17:05:26","modified_gmt":"2026-02-25T17:05:26","slug":"babyliss-thermo-ceramic-rollers-rs035e","status":"publish","type":"product","link":"https:\/\/stylingagenten.com\/fi\/tuote\/babyliss-thermo-ceramic-rollers-rs035e\/","title":{"rendered":"Babyliss Thermo-ceramic Rollers &#8211; RS035E"},"content":{"rendered":"<p><strong>Tehokkaat l\u00e4mmityspatterit luovat pitk\u00e4kestoisia, tilavia kiharoita ja aaltoja<\/strong><\/p>\n<p>Pehme\u00e4t samettip\u00e4\u00e4llysteiset kiharat keraamisella pinnoitteella jakavat hiukset hell\u00e4varaisesti Hiha hiuksissa ja supersuuri pehme\u00e4t kiharat pitk\u00e4kestoinen vaikutus.<\/p>\n<p>Kolme kokoa; kelojen avulla voit luoda j\u00e4nnitt\u00e4vi\u00e4 tehosteita hiuksiin ja superklipsit pit\u00e4v\u00e4t kelat paikoillaan; tilaa yksinkertaisemmalle muotoilulle.<\/p>\n","protected":false},"excerpt":{"rendered":"<p>Tehokkaat l\u00e4mmityspatterit luovat pitk\u00e4kestoisia, tilavia kiharoita ja aaltoja Pehme\u00e4t samettip\u00e4\u00e4llysteiset kiharat keraamisella pinnoitteella jakavat hiukset hell\u00e4varaisesti Hiha hiuksissa ja supersuuri pehme\u00e4t kiharat pitk\u00e4kestoinen vaikutus. Kolme kokoa; kelojen avulla voit luoda j\u00e4nnitt\u00e4vi\u00e4 tehosteita hiuksiin ja superklipsit pit\u00e4v\u00e4t kelat paikoillaan; tilaa yksinkertaisemmalle muotoilulle.<\/p>\n","protected":false},"featured_media":128120,"comment_status":"open","ping_status":"closed","template":"","meta":{"_trash_the_other_posts":false},"product_brand":[],"product_cat":[596,646],"product_tag":[],"berocket_brand":[1166],"class_list":{"0":"post-128134","1":"product","2":"type-product","3":"status-publish","4":"has-post-thumbnail","6":"product_cat-kiharrin","7":"product_cat-lammitystyokalu","8":"pa_brand-babyliss","9":"berocket_brand-babyliss","11":"first","12":"instock","13":"sale","14":"taxable","15":"shipping-taxable","16":"purchasable","17":"product-type-simple"},"_links":{"self":[{"href":"https:\/\/stylingagenten.com\/fi\/wp-json\/wp\/v2\/product\/128134","targetHints":{"allow":["GET"]}}],"collection":[{"href":"https:\/\/stylingagenten.com\/fi\/wp-json\/wp\/v2\/product"}],"about":[{"href":"https:\/\/stylingagenten.com\/fi\/wp-json\/wp\/v2\/types\/product"}],"replies":[{"embeddable":true,"href":"https:\/\/stylingagenten.com\/fi\/wp-json\/wp\/v2\/comments?post=128134"}],"version-history":[{"count":0,"href":"https:\/\/stylingagenten.com\/fi\/wp-json\/wp\/v2\/product\/128134\/revisions"}],"wp:featuredmedia":[{"embeddable":true,"href":"https:\/\/stylingagenten.com\/fi\/wp-json\/wp\/v2\/media\/128120"}],"wp:attachment":[{"href":"https:\/\/stylingagenten.com\/fi\/wp-json\/wp\/v2\/media?parent=128134"}],"wp:term":[{"taxonomy":"product_brand","embeddable":true,"href":"https:\/\/stylingagenten.com\/fi\/wp-json\/wp\/v2\/product_brand?post=128134"},{"taxonomy":"product_cat","embeddable":true,"href":"https:\/\/stylingagenten.com\/fi\/wp-json\/wp\/v2\/product_cat?post=128134"},{"taxonomy":"product_tag","embeddable":true,"href":"https:\/\/stylingagenten.com\/fi\/wp-json\/wp\/v2\/product_tag?post=128134"},{"taxonomy":"berocket_brand","embeddable":true,"href":"https:\/\/stylingagenten.com\/fi\/wp-json\/wp\/v2\/berocket_brand?post=128134"}],"curies":[{"name":"wp","href":"https:\/\/api.w.org\/{rel}","templated":true}]}}