{"id":128128,"date":"2025-05-18T22:13:43","date_gmt":"2025-05-18T22:13:43","guid":{"rendered":"https:\/\/staging2.stylingagenten.com\/fi\/produkt\/babyliss-curling-iron-conical-wand-c454e\/"},"modified":"2025-11-19T11:43:18","modified_gmt":"2025-11-19T11:43:18","slug":"babyliss-curling-iron-conical-wand-c454e","status":"publish","type":"product","link":"https:\/\/stylingagenten.com\/fi\/tuote\/babyliss-curling-iron-conical-wand-c454e\/","title":{"rendered":"Babyliss Curling Iron &#8211; Conical Wand C454E"},"content":{"rendered":"<p><strong>Ammattimainen kartiomainen kiharrin, jos haluat helposti luoda kiharat<\/strong><br \/>&nbsp;Kierr\u00e4t hiuslenkin kartiomaisen sylinterin ymp\u00e4rille kvartsikeraamisella pinnoitteella niin, ett\u00e4 muotoilet nopeasti ja helposti tasaisin tuloksin.<\/p>\n<p>&nbsp; Erikoispitk\u00e4 sylinteri on t\u00e4ydellinen, kun haluat houkutella pidempi\u00e4 hiuksia.<\/p>\n<p>&nbsp; 6 digitaalista l\u00e4mp\u00f6asetusta 210 \u00b0C asti ja l\u00e4mmitysj\u00e4rjestelm\u00e4 Advanced Ceramics&trade; joka yll\u00e4pit\u00e4\u00e4 jatkuvaa korkeaa l\u00e4mp\u00f6\u00e4 kihartamisen aikana nopeaa ja helppoa muotoilua varten kaikissa osissa.<\/p>\n<p>&nbsp;&#8211; Jopa 210 \u00b0C<br \/>&nbsp;&#8211; 25&ndash;13 mm kartiosylinteri<br \/>&nbsp;&#8211; Kvartsi keraaminen pinnoite<br \/>&nbsp;&#8211; L\u00e4mmitysj\u00e4rjestelm\u00e4 Advanced Ceramics&trade;<br \/>&nbsp;&#8211; 6 digitaalista l\u00e4mmitysasetusta 160&ndash;210 \u00b0C<br \/>&nbsp;&#8211; Ylim\u00e4\u00e4r\u00e4inen sylinteri<br \/>&nbsp;&#8211; Automaattinen sammutus pois<br \/>&nbsp;&#8211; 2,5 m johto py\u00f6riv\u00e4ll\u00e4 alustalla<br \/>&nbsp;&#8211; L\u00e4mmitetty k\u00e4sine<br \/>&nbsp;&#8211; L\u00e4mmitetty mattomatto<br \/>&nbsp;&#8211; 3 vuoden takuu<\/p>\n","protected":false},"excerpt":{"rendered":"<p>Ammattimainen kartiomainen kiharrin, jos haluat helposti luoda kiharat&nbsp;Kierr\u00e4t hiuslenkin kartiomaisen sylinterin ymp\u00e4rille kvartsikeraamisella pinnoitteella niin, ett\u00e4 muotoilet nopeasti ja helposti tasaisin tuloksin. &nbsp; Erikoispitk\u00e4 sylinteri on t\u00e4ydellinen, kun haluat houkutella pidempi\u00e4 hiuksia. &nbsp; 6 digitaalista l\u00e4mp\u00f6asetusta 210 \u00b0C asti ja l\u00e4mmitysj\u00e4rjestelm\u00e4 Advanced Ceramics&trade; joka yll\u00e4pit\u00e4\u00e4 jatkuvaa korkeaa l\u00e4mp\u00f6\u00e4 kihartamisen aikana nopeaa ja helppoa muotoilua varten [&hellip;]<\/p>\n","protected":false},"featured_media":128118,"comment_status":"open","ping_status":"closed","template":"","meta":{"_trash_the_other_posts":false},"product_brand":[],"product_cat":[596],"product_tag":[],"berocket_brand":[1166],"class_list":{"0":"post-128128","1":"product","2":"type-product","3":"status-publish","4":"has-post-thumbnail","6":"product_cat-kiharrin","7":"pa_brand-babyliss","8":"berocket_brand-babyliss","10":"first","11":"instock","12":"taxable","13":"shipping-taxable","14":"purchasable","15":"product-type-simple"},"_links":{"self":[{"href":"https:\/\/stylingagenten.com\/fi\/wp-json\/wp\/v2\/product\/128128","targetHints":{"allow":["GET"]}}],"collection":[{"href":"https:\/\/stylingagenten.com\/fi\/wp-json\/wp\/v2\/product"}],"about":[{"href":"https:\/\/stylingagenten.com\/fi\/wp-json\/wp\/v2\/types\/product"}],"replies":[{"embeddable":true,"href":"https:\/\/stylingagenten.com\/fi\/wp-json\/wp\/v2\/comments?post=128128"}],"version-history":[{"count":0,"href":"https:\/\/stylingagenten.com\/fi\/wp-json\/wp\/v2\/product\/128128\/revisions"}],"wp:featuredmedia":[{"embeddable":true,"href":"https:\/\/stylingagenten.com\/fi\/wp-json\/wp\/v2\/media\/128118"}],"wp:attachment":[{"href":"https:\/\/stylingagenten.com\/fi\/wp-json\/wp\/v2\/media?parent=128128"}],"wp:term":[{"taxonomy":"product_brand","embeddable":true,"href":"https:\/\/stylingagenten.com\/fi\/wp-json\/wp\/v2\/product_brand?post=128128"},{"taxonomy":"product_cat","embeddable":true,"href":"https:\/\/stylingagenten.com\/fi\/wp-json\/wp\/v2\/product_cat?post=128128"},{"taxonomy":"product_tag","embeddable":true,"href":"https:\/\/stylingagenten.com\/fi\/wp-json\/wp\/v2\/product_tag?post=128128"},{"taxonomy":"berocket_brand","embeddable":true,"href":"https:\/\/stylingagenten.com\/fi\/wp-json\/wp\/v2\/berocket_brand?post=128128"}],"curies":[{"name":"wp","href":"https:\/\/api.w.org\/{rel}","templated":true}]}}