{"id":128127,"date":"2025-05-18T22:13:43","date_gmt":"2025-05-18T22:13:43","guid":{"rendered":"https:\/\/staging2.stylingagenten.com\/fi\/produkt\/babyliss-curling-iron-rose-quartz-tight-curls-wand-c449e\/"},"modified":"2026-02-25T17:05:31","modified_gmt":"2026-02-25T17:05:31","slug":"babyliss-curling-iron-rose-quartz-tight-curls-wand-c449e","status":"publish","type":"product","link":"https:\/\/stylingagenten.com\/fi\/tuote\/babyliss-curling-iron-rose-quartz-tight-curls-wand-c449e\/","title":{"rendered":"Babyliss Curling Iron &#8211; Rose Quartz Tight Curls Wand C449E"},"content":{"rendered":"<p><strong>Ammattimainen kartiomainen kiharrusrauta, jos haluat helposti luoda kiharat<\/strong><\/p>\n<p>Kierr\u00e4t hiuslenkin kartiomaisen sylinterin ymp\u00e4rille kvartsikeraamisella pinnoitteella ja muotoilet nopeasti ja sujuvasti tasaisin tuloksin .<\/p>\n<p>Eritt\u00e4in pitk\u00e4 sylinteri sopii t\u00e4ydellisesti pitkien hiusten kihartamiseen.<\/p>\n<p>6 digitaalista l\u00e4mp\u00f6asetusta jopa 210 &deg; C ja Advanced Ceramics -l\u00e4mmitysj\u00e4rjestelm\u00e4 yll\u00e4pit\u00e4v\u00e4t jatkuvasti korkeaa l\u00e4mp\u00f6\u00e4 kihartamisen aikana, mik\u00e4 mahdollistaa nopean ja helpon muotoilun kaikissa osissa.<\/p>\n<p>&#8211; Jopa 210 &deg; C<br \/>&nbsp;&#8211; 25&ndash;13 mm:n kartiomainen sylinteri<br \/>&nbsp;&#8211; Kvartsikeraaminen pinnoite<br \/>&nbsp;&#8211; Advanced Ceramics -l\u00e4mmitysj\u00e4rjestelm\u00e4 &trade;<br \/>&nbsp;&#8211; 6 digitaalista l\u00e4mmitysasetusta 160&ndash;210 &amp;deg ; C<br \/>&nbsp;&#8211; Eritt\u00e4in pitk\u00e4 sylinteri<br \/>&nbsp;&#8211; Automaattinen sammutus<br \/>&nbsp;&#8211; 2,5 m johto py\u00f6riv\u00e4ll\u00e4 kannakkeella<br \/>&nbsp;&#8211; L\u00e4mm\u00f6nkest\u00e4v\u00e4 k\u00e4sine<br \/>&nbsp;&#8211; L\u00e4mm\u00f6nkest\u00e4v\u00e4 matto <br \/>&nbsp;&#8211; 3 vuoden takuu<\/p>\n<p data-empty=\"true\"><\/p>\n","protected":false},"excerpt":{"rendered":"<p>Ammattimainen kartiomainen kiharrusrauta, jos haluat helposti luoda kiharat Kierr\u00e4t hiuslenkin kartiomaisen sylinterin ymp\u00e4rille kvartsikeraamisella pinnoitteella ja muotoilet nopeasti ja sujuvasti tasaisin tuloksin . Eritt\u00e4in pitk\u00e4 sylinteri sopii t\u00e4ydellisesti pitkien hiusten kihartamiseen. 6 digitaalista l\u00e4mp\u00f6asetusta jopa 210 &deg; C ja Advanced Ceramics -l\u00e4mmitysj\u00e4rjestelm\u00e4 yll\u00e4pit\u00e4v\u00e4t jatkuvasti korkeaa l\u00e4mp\u00f6\u00e4 kihartamisen aikana, mik\u00e4 mahdollistaa nopean ja helpon muotoilun kaikissa [&hellip;]<\/p>\n","protected":false},"featured_media":128114,"comment_status":"open","ping_status":"closed","template":"","meta":{"_trash_the_other_posts":false},"product_brand":[],"product_cat":[596],"product_tag":[],"berocket_brand":[1166],"class_list":{"0":"post-128127","1":"product","2":"type-product","3":"status-publish","4":"has-post-thumbnail","6":"product_cat-kiharrin","7":"pa_brand-babyliss","8":"berocket_brand-babyliss","10":"first","11":"instock","12":"sale","13":"taxable","14":"shipping-taxable","15":"purchasable","16":"product-type-simple"},"_links":{"self":[{"href":"https:\/\/stylingagenten.com\/fi\/wp-json\/wp\/v2\/product\/128127","targetHints":{"allow":["GET"]}}],"collection":[{"href":"https:\/\/stylingagenten.com\/fi\/wp-json\/wp\/v2\/product"}],"about":[{"href":"https:\/\/stylingagenten.com\/fi\/wp-json\/wp\/v2\/types\/product"}],"replies":[{"embeddable":true,"href":"https:\/\/stylingagenten.com\/fi\/wp-json\/wp\/v2\/comments?post=128127"}],"version-history":[{"count":0,"href":"https:\/\/stylingagenten.com\/fi\/wp-json\/wp\/v2\/product\/128127\/revisions"}],"wp:featuredmedia":[{"embeddable":true,"href":"https:\/\/stylingagenten.com\/fi\/wp-json\/wp\/v2\/media\/128114"}],"wp:attachment":[{"href":"https:\/\/stylingagenten.com\/fi\/wp-json\/wp\/v2\/media?parent=128127"}],"wp:term":[{"taxonomy":"product_brand","embeddable":true,"href":"https:\/\/stylingagenten.com\/fi\/wp-json\/wp\/v2\/product_brand?post=128127"},{"taxonomy":"product_cat","embeddable":true,"href":"https:\/\/stylingagenten.com\/fi\/wp-json\/wp\/v2\/product_cat?post=128127"},{"taxonomy":"product_tag","embeddable":true,"href":"https:\/\/stylingagenten.com\/fi\/wp-json\/wp\/v2\/product_tag?post=128127"},{"taxonomy":"berocket_brand","embeddable":true,"href":"https:\/\/stylingagenten.com\/fi\/wp-json\/wp\/v2\/berocket_brand?post=128127"}],"curies":[{"name":"wp","href":"https:\/\/api.w.org\/{rel}","templated":true}]}}