{"id":128112,"date":"2025-05-18T22:13:41","date_gmt":"2025-05-18T22:13:41","guid":{"rendered":"https:\/\/staging2.stylingagenten.com\/fi\/produkt\/demeliss-saint-algue-xcurler-nordic\/"},"modified":"2026-03-11T22:01:58","modified_gmt":"2026-03-11T22:01:58","slug":"demeliss-saint-algue-xcurler-nordic","status":"publish","type":"product","link":"https:\/\/stylingagenten.com\/fi\/tuote\/demeliss-saint-algue-xcurler-nordic\/","title":{"rendered":"Demeliss Saint Algue- Xcurler Nordic"},"content":{"rendered":"<p>SAINT ALGUE DEMELISS X-CURLER\u00ae suoristusrauta on yksil\u00f6llisesti suunniteltu niille, jotka haluavat sek\u00e4 suoristaa ett\u00e4 kihartaa hiuksiaan. T\u00e4ydellisten kiharoiden muotoilemiseksi helposti laatat ovat liikuteltavia, jolloin voit luoda optimaalisen paineen hiuksiin. Suoristusraudan ulkopinnassa on l\u00e4mmitetyt urat, jotka est\u00e4v\u00e4t hiuksia liukumasta pois, mutta my\u00f6s lis\u00e4\u00e4v\u00e4t ylim\u00e4\u00e4r\u00e4ist\u00e4 l\u00e4mp\u00f6\u00e4, jotta voit muotoilla hiuksiasi helpommin ja saada pitk\u00e4kestoisen tuloksen. <br \/>110 mm pitkiss\u00e4 levyiss\u00e4 on keraaminen pinnoite, joka takaa hyv\u00e4n liukumisen ja tasaisen l\u00e4mm\u00f6n. Valitse 5 eri l\u00e4mp\u00f6tila-asetusta v\u00e4lill\u00e4 150-230 \u00b0C. Pitk\u00e4, 2,3 metrin k\u00e4\u00e4ntyv\u00e4 johto ja pakkauksessa my\u00f6s l\u00e4mm\u00f6nkest\u00e4v\u00e4 samettikotelo.<\/p>\n<p>Tekniset tiedot<br \/>Ainutlaatuinen muotoilu &#8211; ihanteellinen sek\u00e4 hiusten tasoittamiseen ett\u00e4 kihartamiseen<br \/>110 mm pitk\u00e4t liikkuvat levyt<br \/>Keraamipinnoite turmaliinilla lis\u00e4\u00e4 kiiltoa<br \/>L\u00e4mmitetty ulkopinta <br \/>5 l\u00e4mp\u00f6tila-asetusta 150-230\u00b0C<br \/>L\u00e4mm\u00f6nkest\u00e4v\u00e4 s\u00e4ilytyspussi<br \/>K\u00e4\u00e4ntyv\u00e4 pitk\u00e4 2,3 metrin johto<\/p>\n","protected":false},"excerpt":{"rendered":"<p>SAINT ALGUE DEMELISS X-CURLER\u00ae suoristusrauta on yksil\u00f6llisesti suunniteltu niille, jotka haluavat sek\u00e4 suoristaa ett\u00e4 kihartaa hiuksiaan. T\u00e4ydellisten kiharoiden muotoilemiseksi helposti laatat ovat liikuteltavia, jolloin voit luoda optimaalisen paineen hiuksiin. Suoristusraudan ulkopinnassa on l\u00e4mmitetyt urat, jotka est\u00e4v\u00e4t hiuksia liukumasta pois, mutta my\u00f6s lis\u00e4\u00e4v\u00e4t ylim\u00e4\u00e4r\u00e4ist\u00e4 l\u00e4mp\u00f6\u00e4, jotta voit muotoilla hiuksiasi helpommin ja saada pitk\u00e4kestoisen tuloksen. 110 mm [&hellip;]<\/p>\n","protected":false},"featured_media":128097,"comment_status":"open","ping_status":"closed","template":"","meta":{"_trash_the_other_posts":false},"product_brand":[],"product_cat":[596],"product_tag":[],"berocket_brand":[1389],"class_list":{"0":"post-128112","1":"product","2":"type-product","3":"status-publish","4":"has-post-thumbnail","6":"product_cat-kiharrin","7":"pa_brand-demeliss-saint-algue","8":"berocket_brand-demeliss-saint-algue","10":"first","11":"instock","12":"sale","13":"taxable","14":"shipping-taxable","15":"purchasable","16":"product-type-simple"},"_links":{"self":[{"href":"https:\/\/stylingagenten.com\/fi\/wp-json\/wp\/v2\/product\/128112","targetHints":{"allow":["GET"]}}],"collection":[{"href":"https:\/\/stylingagenten.com\/fi\/wp-json\/wp\/v2\/product"}],"about":[{"href":"https:\/\/stylingagenten.com\/fi\/wp-json\/wp\/v2\/types\/product"}],"replies":[{"embeddable":true,"href":"https:\/\/stylingagenten.com\/fi\/wp-json\/wp\/v2\/comments?post=128112"}],"version-history":[{"count":0,"href":"https:\/\/stylingagenten.com\/fi\/wp-json\/wp\/v2\/product\/128112\/revisions"}],"wp:featuredmedia":[{"embeddable":true,"href":"https:\/\/stylingagenten.com\/fi\/wp-json\/wp\/v2\/media\/128097"}],"wp:attachment":[{"href":"https:\/\/stylingagenten.com\/fi\/wp-json\/wp\/v2\/media?parent=128112"}],"wp:term":[{"taxonomy":"product_brand","embeddable":true,"href":"https:\/\/stylingagenten.com\/fi\/wp-json\/wp\/v2\/product_brand?post=128112"},{"taxonomy":"product_cat","embeddable":true,"href":"https:\/\/stylingagenten.com\/fi\/wp-json\/wp\/v2\/product_cat?post=128112"},{"taxonomy":"product_tag","embeddable":true,"href":"https:\/\/stylingagenten.com\/fi\/wp-json\/wp\/v2\/product_tag?post=128112"},{"taxonomy":"berocket_brand","embeddable":true,"href":"https:\/\/stylingagenten.com\/fi\/wp-json\/wp\/v2\/berocket_brand?post=128112"}],"curies":[{"name":"wp","href":"https:\/\/api.w.org\/{rel}","templated":true}]}}