{"id":128088,"date":"2025-05-18T22:13:35","date_gmt":"2025-05-18T22:13:35","guid":{"rendered":"https:\/\/staging2.stylingagenten.com\/fi\/produkt\/remington-pro-big-curl-38mm-tong\/"},"modified":"2026-03-22T06:57:27","modified_gmt":"2026-03-22T06:57:27","slug":"remington-pro-big-curl-38mm-tong","status":"publish","type":"product","link":"https:\/\/stylingagenten.com\/fi\/tuote\/remington-pro-big-curl-38mm-tong\/","title":{"rendered":"Remington Pro Big Curl (38mm Tong)"},"content":{"rendered":"<p>PRO BIG CURL 38 mm kiharrin CI5538<br \/>Luo suuria aaltoilevia kiharoita s\u00e4\u00e4dett\u00e4v\u00e4ll\u00e4 l\u00e4mp\u00f6tilalla s\u00e4\u00e4dett\u00e4v\u00e4ll\u00e4 Remington Pro Big Curl 38 mm -kiharruksella.<\/p>\n<p>T\u00e4m\u00e4 kiharrin 38 mm leve\u00e4ll\u00e4 sylinterill\u00e4 on t\u00e4ydellinen ty\u00f6kalu, kun haluat luoda aaltoilevia kiharoita tai lis\u00e4\u00e4 volyymia hiuksiin. <br \/>Titaanisen keraamisen pinnoitteen ansiosta, joka tarjoaa 4 kertaa enemm\u00e4n suojaa* kuin tavallinen keraaminen pinta, voit luoda kiilt\u00e4vi\u00e4 kauniita kiharoita hetkess\u00e4. <br \/>Yhdist\u00e4m\u00e4ll\u00e4 turmaliiniteknologiaa pintaan, joka tarjoaa paremmat liukuominaisuudet ja v\u00e4hent\u00e4\u00e4 p\u00f6rr\u00f6isyytt\u00e4, hiusten muotoilu on nyt helpompaa kuin koskaan. <br \/>Valmiina k\u00e4ytt\u00f6\u00f6n vain 30 sekunnissa ja kahdeksan eri l\u00e4mp\u00f6tila-asetuksen ansiosta voit luottaa siihen, ett\u00e4 muotoilusi ei ole vain nopea, vaan l\u00f6yd\u00e4t my\u00f6s helposti hiuksillesi sopivan l\u00e4mp\u00f6tilan.<br \/>\u00c4lyk\u00e4s asia johdon kiinnikkeess\u00e4 olevaa l\u00e4mp\u00f6tilanuppia on helppo s\u00e4\u00e4t\u00e4\u00e4 ja se minimoi riskin, ett\u00e4 l\u00e4mp\u00f6tila muuttuu vahingossa k\u00e4yt\u00f6n aikana. <br \/>\u2022Keraamipinnoite titaanilla<br \/>\u20224X suoja* antistaattisen, turmaliini-ioni- ja pinnan ansiosta paremman liukumisen takaamiseksi<br \/>\u202238 mm:n piippu suurille aaltoileville kiharoille<br \/>\u20228 l\u00e4mp\u00f6tilaa: 140-210 \u00b0C joka s\u00e4\u00e4dett\u00e4viss\u00e4 johtokiinnityksen nupilla<br \/>\u2022Valmis k\u00e4ytett\u00e4v\u00e4ksi 30 sekunnissa<br \/>\u2022Merkkivalo<br \/>\u2022Sammuu automaattisesti 60 minuutin kuluttua<br \/>\u2022K\u00e4\u00e4ntyv\u00e4 johto<br \/>\u2022L\u00e4mm\u00f6nkest\u00e4v\u00e4 jalusta<br \/> &gt;\u2022j\u00e4\u00e4hdytink\u00e4rki<br \/>\u2022J\u00e4nnitemuunnos koko maailmalle<br \/>\u20223 vuoden takuu (+1 vuosi rekister\u00f6ityess\u00e4si verkossa) <\/p>\n<p>*verrattuna tavalliseen keraamiseen pinnoitteeseen<\/p>\n","protected":false},"excerpt":{"rendered":"<p>PRO BIG CURL 38 mm kiharrin CI5538Luo suuria aaltoilevia kiharoita s\u00e4\u00e4dett\u00e4v\u00e4ll\u00e4 l\u00e4mp\u00f6tilalla s\u00e4\u00e4dett\u00e4v\u00e4ll\u00e4 Remington Pro Big Curl 38 mm -kiharruksella. T\u00e4m\u00e4 kiharrin 38 mm leve\u00e4ll\u00e4 sylinterill\u00e4 on t\u00e4ydellinen ty\u00f6kalu, kun haluat luoda aaltoilevia kiharoita tai lis\u00e4\u00e4 volyymia hiuksiin. Titaanisen keraamisen pinnoitteen ansiosta, joka tarjoaa 4 kertaa enemm\u00e4n suojaa* kuin tavallinen keraaminen pinta, voit luoda kiilt\u00e4vi\u00e4 [&hellip;]<\/p>\n","protected":false},"featured_media":128074,"comment_status":"open","ping_status":"closed","template":"","meta":{"_trash_the_other_posts":false},"product_brand":[],"product_cat":[596],"product_tag":[],"berocket_brand":[1272],"class_list":{"0":"post-128088","1":"product","2":"type-product","3":"status-publish","4":"has-post-thumbnail","6":"product_cat-kiharrin","7":"pa_brand-remington","8":"berocket_brand-remington","10":"first","11":"instock","12":"sale","13":"taxable","14":"shipping-taxable","15":"purchasable","16":"product-type-simple"},"_links":{"self":[{"href":"https:\/\/stylingagenten.com\/fi\/wp-json\/wp\/v2\/product\/128088","targetHints":{"allow":["GET"]}}],"collection":[{"href":"https:\/\/stylingagenten.com\/fi\/wp-json\/wp\/v2\/product"}],"about":[{"href":"https:\/\/stylingagenten.com\/fi\/wp-json\/wp\/v2\/types\/product"}],"replies":[{"embeddable":true,"href":"https:\/\/stylingagenten.com\/fi\/wp-json\/wp\/v2\/comments?post=128088"}],"version-history":[{"count":0,"href":"https:\/\/stylingagenten.com\/fi\/wp-json\/wp\/v2\/product\/128088\/revisions"}],"wp:featuredmedia":[{"embeddable":true,"href":"https:\/\/stylingagenten.com\/fi\/wp-json\/wp\/v2\/media\/128074"}],"wp:attachment":[{"href":"https:\/\/stylingagenten.com\/fi\/wp-json\/wp\/v2\/media?parent=128088"}],"wp:term":[{"taxonomy":"product_brand","embeddable":true,"href":"https:\/\/stylingagenten.com\/fi\/wp-json\/wp\/v2\/product_brand?post=128088"},{"taxonomy":"product_cat","embeddable":true,"href":"https:\/\/stylingagenten.com\/fi\/wp-json\/wp\/v2\/product_cat?post=128088"},{"taxonomy":"product_tag","embeddable":true,"href":"https:\/\/stylingagenten.com\/fi\/wp-json\/wp\/v2\/product_tag?post=128088"},{"taxonomy":"berocket_brand","embeddable":true,"href":"https:\/\/stylingagenten.com\/fi\/wp-json\/wp\/v2\/berocket_brand?post=128088"}],"curies":[{"name":"wp","href":"https:\/\/api.w.org\/{rel}","templated":true}]}}