{"id":128086,"date":"2025-05-18T22:13:35","date_gmt":"2025-05-18T22:13:35","guid":{"rendered":"https:\/\/staging2.stylingagenten.com\/fi\/produkt\/remington-pro-tight-curl-wand\/"},"modified":"2026-03-11T22:00:07","modified_gmt":"2026-03-11T22:00:07","slug":"remington-pro-tight-curl-wand","status":"publish","type":"product","link":"https:\/\/stylingagenten.com\/fi\/tuote\/remington-pro-tight-curl-wand\/","title":{"rendered":"Remington Pro Tight Curl Wand"},"content":{"rendered":"<p>CI6X10: Pro Tight Curl -sauva<br \/>Eritt\u00e4in m\u00e4\u00e4ritellyille tilaville kiharoille<\/p>\n<p>Remington Pro Tight Curl 10 mm:n kiharrelle &#8211; Suunniteltu luomaan kiinte\u00e4t ultra-m\u00e4\u00e4rittyv\u00e4t kiharat kiharat.<\/p>\n<p>Digitaalinen n\u00e4ytt\u00f6 10:ll\u00e4 eri l\u00e4mp\u00f6tiloissa 130-220\u00b0C ja nopea l\u00e4mmitys 30 sekunnissa. L\u00e4mp\u00f6tilan nuppi sijaitsee johdon kiinnikkeess\u00e4 ja sammuu automaattisesti 60 minuutin kuluttua.<\/p>\n<p>Keraamipinnoite titaanilla, antistaattisella ja turmaliini-ionitekniikalla, joka tarjoaa 4 kertaa paremman suojan kuin tavallinen keraaminen pinta. Niiden mukana tulee l\u00e4mmitetty k\u00e4sine, joka minimoi sormien polttamisen.<\/p>\n<p>Tuotteen ominaisuudet:<br \/>\u202210 mm:n kiharrin titaanikeraamipinnoitteella<br \/>\u20224 x suojapinnoite* Antistaattinen, keraaminen, turmaliini-ioni ja pinta parantaa liukumista <br \/>\u2022Digitaalinen n\u00e4ytt\u00f6, mutta l\u00e4mp\u00f6tilan s\u00e4\u00e4t\u00f6 johtoliittimess\u00e4, 10 asetusta 130 \u00b0C &#8211; 220 \u00b0C<br \/>\u2022Valmis k\u00e4ytett\u00e4v\u00e4ksi 30 sekunnissa<br \/>\u2022On\/off-painike<br \/> \u2022Automaattinen turvasammutus 60 minuutin kuluttua<br \/>\u2022K\u00e4\u00e4ntyv\u00e4 johto<br \/>\u2022Kylm\u00e4k\u00e4rki<br \/>\u2022J\u00e4nnityksen muunnos koko maailmalle<br \/>\u2022L\u00e4mp\u00f6suojattu muotoiluk\u00e4sine mukana<br \/>\u20223 + 1 vuoden takuu verkkorekister\u00f6innin yhteydess\u00e4 28 p\u00e4iv\u00e4n sis\u00e4ll\u00e4<\/p>\n<p>*Vs standardi keraaminen pinnoite<\/p>\n","protected":false},"excerpt":{"rendered":"<p>CI6X10: Pro Tight Curl -sauvaEritt\u00e4in m\u00e4\u00e4ritellyille tilaville kiharoille Remington Pro Tight Curl 10 mm:n kiharrelle &#8211; Suunniteltu luomaan kiinte\u00e4t ultra-m\u00e4\u00e4rittyv\u00e4t kiharat kiharat. Digitaalinen n\u00e4ytt\u00f6 10:ll\u00e4 eri l\u00e4mp\u00f6tiloissa 130-220\u00b0C ja nopea l\u00e4mmitys 30 sekunnissa. L\u00e4mp\u00f6tilan nuppi sijaitsee johdon kiinnikkeess\u00e4 ja sammuu automaattisesti 60 minuutin kuluttua. Keraamipinnoite titaanilla, antistaattisella ja turmaliini-ionitekniikalla, joka tarjoaa 4 kertaa paremman suojan [&hellip;]<\/p>\n","protected":false},"featured_media":128069,"comment_status":"open","ping_status":"closed","template":"","meta":{"_trash_the_other_posts":false},"product_brand":[],"product_cat":[596],"product_tag":[],"berocket_brand":[1272],"class_list":{"0":"post-128086","1":"product","2":"type-product","3":"status-publish","4":"has-post-thumbnail","6":"product_cat-kiharrin","7":"pa_brand-remington","8":"berocket_brand-remington","10":"first","11":"instock","12":"sale","13":"taxable","14":"shipping-taxable","15":"purchasable","16":"product-type-simple"},"_links":{"self":[{"href":"https:\/\/stylingagenten.com\/fi\/wp-json\/wp\/v2\/product\/128086","targetHints":{"allow":["GET"]}}],"collection":[{"href":"https:\/\/stylingagenten.com\/fi\/wp-json\/wp\/v2\/product"}],"about":[{"href":"https:\/\/stylingagenten.com\/fi\/wp-json\/wp\/v2\/types\/product"}],"replies":[{"embeddable":true,"href":"https:\/\/stylingagenten.com\/fi\/wp-json\/wp\/v2\/comments?post=128086"}],"version-history":[{"count":0,"href":"https:\/\/stylingagenten.com\/fi\/wp-json\/wp\/v2\/product\/128086\/revisions"}],"wp:featuredmedia":[{"embeddable":true,"href":"https:\/\/stylingagenten.com\/fi\/wp-json\/wp\/v2\/media\/128069"}],"wp:attachment":[{"href":"https:\/\/stylingagenten.com\/fi\/wp-json\/wp\/v2\/media?parent=128086"}],"wp:term":[{"taxonomy":"product_brand","embeddable":true,"href":"https:\/\/stylingagenten.com\/fi\/wp-json\/wp\/v2\/product_brand?post=128086"},{"taxonomy":"product_cat","embeddable":true,"href":"https:\/\/stylingagenten.com\/fi\/wp-json\/wp\/v2\/product_cat?post=128086"},{"taxonomy":"product_tag","embeddable":true,"href":"https:\/\/stylingagenten.com\/fi\/wp-json\/wp\/v2\/product_tag?post=128086"},{"taxonomy":"berocket_brand","embeddable":true,"href":"https:\/\/stylingagenten.com\/fi\/wp-json\/wp\/v2\/berocket_brand?post=128086"}],"curies":[{"name":"wp","href":"https:\/\/api.w.org\/{rel}","templated":true}]}}