{"id":128084,"date":"2025-05-18T22:13:35","date_gmt":"2025-05-18T22:13:35","guid":{"rendered":"https:\/\/staging2.stylingagenten.com\/fi\/produkt\/remington-proluxe-rollers\/"},"modified":"2026-03-11T22:03:28","modified_gmt":"2026-03-11T22:03:28","slug":"remington-proluxe-rollers","status":"publish","type":"product","link":"https:\/\/stylingagenten.com\/fi\/tuote\/remington-proluxe-rollers\/","title":{"rendered":"Remington PROluxe Rollers"},"content":{"rendered":"<p>PROLUXE-L\u00c4MMITETT\u00c4V\u00c4T TELAT H9100<br \/>Proluxe-l\u00e4mmityspatterien avulla saat kauniit ja kest\u00e4v\u00e4t kiharat. Keraaminen ydin on suunniteltu l\u00e4mmitt\u00e4m\u00e4\u00e4n ja yll\u00e4pit\u00e4m\u00e4\u00e4n korkeaa ja tasaista l\u00e4mp\u00f6tilaa ja kaksoisl\u00e4mmitystekniikalla se l\u00e4mmitt\u00e4\u00e4 sek\u00e4 kierukkaa sis\u00e4lt\u00e4 ett\u00e4 puristimet ulkopuolelta antaen sinulle kest\u00e4v\u00e4mm\u00e4n tuloksen ja samettisen pinnan, joka mahdollistaa hiusten Rullataan helposti rullalle liukumatta kelasta.<br \/>20 v\u00e4rikoodattua kelaa kooissa \u2013 8 x 25 mm (vaaleanpunainen) ja 12 x 32 mm (tummanpunainen) sek\u00e4 v\u00e4rikoodatut pidikkeet, jotka ovat samanv\u00e4risi\u00e4 kuin kelat<br \/>Ruloissa on Cool Touch -p\u00e4\u00e4t varmistavat, ett\u00e4 l\u00e4mp\u00f6 kohdistuu vain hiuksiin, mik\u00e4 tekee teloista mukavia ja helppok\u00e4ytt\u00f6isi\u00e4 ja l\u00e4mpenev\u00e4t nopeasti 90 sekunnissa.<\/p>\n","protected":false},"excerpt":{"rendered":"<p>PROLUXE-L\u00c4MMITETT\u00c4V\u00c4T TELAT H9100Proluxe-l\u00e4mmityspatterien avulla saat kauniit ja kest\u00e4v\u00e4t kiharat. Keraaminen ydin on suunniteltu l\u00e4mmitt\u00e4m\u00e4\u00e4n ja yll\u00e4pit\u00e4m\u00e4\u00e4n korkeaa ja tasaista l\u00e4mp\u00f6tilaa ja kaksoisl\u00e4mmitystekniikalla se l\u00e4mmitt\u00e4\u00e4 sek\u00e4 kierukkaa sis\u00e4lt\u00e4 ett\u00e4 puristimet ulkopuolelta antaen sinulle kest\u00e4v\u00e4mm\u00e4n tuloksen ja samettisen pinnan, joka mahdollistaa hiusten Rullataan helposti rullalle liukumatta kelasta.20 v\u00e4rikoodattua kelaa kooissa \u2013 8 x 25 mm (vaaleanpunainen) ja [&hellip;]<\/p>\n","protected":false},"featured_media":128070,"comment_status":"open","ping_status":"closed","template":"","meta":{"_trash_the_other_posts":false},"product_brand":[],"product_cat":[596],"product_tag":[],"berocket_brand":[1272],"class_list":{"0":"post-128084","1":"product","2":"type-product","3":"status-publish","4":"has-post-thumbnail","6":"product_cat-kiharrin","7":"pa_brand-remington","8":"berocket_brand-remington","10":"first","11":"instock","12":"sale","13":"taxable","14":"shipping-taxable","15":"purchasable","16":"product-type-simple"},"_links":{"self":[{"href":"https:\/\/stylingagenten.com\/fi\/wp-json\/wp\/v2\/product\/128084","targetHints":{"allow":["GET"]}}],"collection":[{"href":"https:\/\/stylingagenten.com\/fi\/wp-json\/wp\/v2\/product"}],"about":[{"href":"https:\/\/stylingagenten.com\/fi\/wp-json\/wp\/v2\/types\/product"}],"replies":[{"embeddable":true,"href":"https:\/\/stylingagenten.com\/fi\/wp-json\/wp\/v2\/comments?post=128084"}],"version-history":[{"count":0,"href":"https:\/\/stylingagenten.com\/fi\/wp-json\/wp\/v2\/product\/128084\/revisions"}],"wp:featuredmedia":[{"embeddable":true,"href":"https:\/\/stylingagenten.com\/fi\/wp-json\/wp\/v2\/media\/128070"}],"wp:attachment":[{"href":"https:\/\/stylingagenten.com\/fi\/wp-json\/wp\/v2\/media?parent=128084"}],"wp:term":[{"taxonomy":"product_brand","embeddable":true,"href":"https:\/\/stylingagenten.com\/fi\/wp-json\/wp\/v2\/product_brand?post=128084"},{"taxonomy":"product_cat","embeddable":true,"href":"https:\/\/stylingagenten.com\/fi\/wp-json\/wp\/v2\/product_cat?post=128084"},{"taxonomy":"product_tag","embeddable":true,"href":"https:\/\/stylingagenten.com\/fi\/wp-json\/wp\/v2\/product_tag?post=128084"},{"taxonomy":"berocket_brand","embeddable":true,"href":"https:\/\/stylingagenten.com\/fi\/wp-json\/wp\/v2\/berocket_brand?post=128084"}],"curies":[{"name":"wp","href":"https:\/\/api.w.org\/{rel}","templated":true}]}}