{"id":128059,"date":"2025-05-18T22:13:31","date_gmt":"2025-05-18T22:13:31","guid":{"rendered":"https:\/\/staging2.stylingagenten.com\/fi\/produkt\/remington-pearl-pro-curl\/"},"modified":"2026-04-10T09:47:25","modified_gmt":"2026-04-10T09:47:25","slug":"remington-pearl-pro-curl","status":"publish","type":"product","link":"https:\/\/stylingagenten.com\/fi\/tuote\/remington-pearl-pro-curl\/","title":{"rendered":"Remington Pearl Pro Curl"},"content":{"rendered":"<p>Ammattimainen, 32 mm:n iso l\u00e4mmityssylinteri suurille pehmeille kiharoille. Kiharrin muotoa on helppo k\u00e4ytt\u00e4\u00e4 yksinkertaisesti k\u00e4\u00e4rim\u00e4ll\u00e4 hiuksesi l\u00e4mmityssylinterin ymp\u00e4rille, jolloin muodostuu pehme\u00e4t, tilavat kiharat, jotka pit\u00e4v\u00e4t kiinni.<\/p>\n<p>Pearl Styling Collection<br \/>Pearl-muotoilumallistomme tarjoaa sinulle kaiken mit\u00e4 tarvitset luo uusin tyyli ja pakolliset trendit. Ylellinen litte\u00e4 silitysrauta, kiharrin ja hiustenkuivaaja hy\u00f6dynt\u00e4v\u00e4t helmi\u00e4isen arvokasta voimaa sek\u00e4 edistyksellist\u00e4 keraamista pinnoitetta, jotka luovat upean kiilt\u00e4v\u00e4t ja sile\u00e4t hiukset. Ammattimaisen suorituskyvyn ja salonkiviimeistelyns\u00e4 ansiosta Pearl on kaikki mit\u00e4 tarvitset asiantuntevaan muotoiluun ja erinomaisiin tuloksiin.<\/p>\n<p>Ylellinen helmikeramiikka<br \/>Aidon helmi\u00e4iskeraamisen pinnoitteen ansiosta, joka tarjoaa tasaista l\u00e4mp\u00f6\u00e4 koko pinnalla L\u00e4mmityssylinteri muotoilun aikana, n\u00e4m\u00e4 upeat ammattimaiset muotoiluty\u00f6kalut kauniita kiharoita ja aaltoja.<\/p>\n<p>Ylellinen helmi\u00e4iskeramiikka, jossa todellinen helmi\u00e4ispinnoite, joka takaa tasaisen l\u00e4mm\u00f6n koko sylinteriss\u00e4 muotoilun aikana<br \/>Suuri 32 mm l\u00e4mmitys sylinteri suurille l\u00f6ys\u00e4lle kiharalle<br \/>Digitaalinen LCD-n\u00e4ytt\u00f6 130 \u00baC &#8211; 210 \u00ba;C <br \/>Nopea l\u00e4mpeneminen 30 sekunnissa<br \/>Automaattinen sammutus 60 minuutin kuluttua<br \/>L\u00e4mp\u00f6tilan lukitus est\u00e4\u00e4 l\u00e4mp\u00f6tilan muutoksen muotoilun aikana<br \/>Kylm\u00e4kansi<br \/>J\u00e4nnityksen s\u00e4\u00e4t\u00f6 koko maailmalle<br \/>3m pitk\u00e4 k\u00e4\u00e4ntyv\u00e4 johto<br \/>L\u00e4mm\u00f6nkest\u00e4v\u00e4 s\u00e4ilytyspussi<br \/>Suojak\u00e4sine<\/p>\n","protected":false},"excerpt":{"rendered":"<p>Ammattimainen, 32 mm:n iso l\u00e4mmityssylinteri suurille pehmeille kiharoille. Kiharrin muotoa on helppo k\u00e4ytt\u00e4\u00e4 yksinkertaisesti k\u00e4\u00e4rim\u00e4ll\u00e4 hiuksesi l\u00e4mmityssylinterin ymp\u00e4rille, jolloin muodostuu pehme\u00e4t, tilavat kiharat, jotka pit\u00e4v\u00e4t kiinni. Pearl Styling CollectionPearl-muotoilumallistomme tarjoaa sinulle kaiken mit\u00e4 tarvitset luo uusin tyyli ja pakolliset trendit. Ylellinen litte\u00e4 silitysrauta, kiharrin ja hiustenkuivaaja hy\u00f6dynt\u00e4v\u00e4t helmi\u00e4isen arvokasta voimaa sek\u00e4 edistyksellist\u00e4 keraamista pinnoitetta, jotka [&hellip;]<\/p>\n","protected":false},"featured_media":128049,"comment_status":"open","ping_status":"closed","template":"","meta":{"_trash_the_other_posts":false},"product_brand":[],"product_cat":[596],"product_tag":[],"berocket_brand":[1272],"class_list":{"0":"post-128059","1":"product","2":"type-product","3":"status-publish","4":"has-post-thumbnail","6":"product_cat-kiharrin","7":"pa_brand-remington","8":"berocket_brand-remington","10":"first","11":"instock","12":"taxable","13":"shipping-taxable","14":"purchasable","15":"product-type-simple"},"_links":{"self":[{"href":"https:\/\/stylingagenten.com\/fi\/wp-json\/wp\/v2\/product\/128059","targetHints":{"allow":["GET"]}}],"collection":[{"href":"https:\/\/stylingagenten.com\/fi\/wp-json\/wp\/v2\/product"}],"about":[{"href":"https:\/\/stylingagenten.com\/fi\/wp-json\/wp\/v2\/types\/product"}],"replies":[{"embeddable":true,"href":"https:\/\/stylingagenten.com\/fi\/wp-json\/wp\/v2\/comments?post=128059"}],"version-history":[{"count":0,"href":"https:\/\/stylingagenten.com\/fi\/wp-json\/wp\/v2\/product\/128059\/revisions"}],"wp:featuredmedia":[{"embeddable":true,"href":"https:\/\/stylingagenten.com\/fi\/wp-json\/wp\/v2\/media\/128049"}],"wp:attachment":[{"href":"https:\/\/stylingagenten.com\/fi\/wp-json\/wp\/v2\/media?parent=128059"}],"wp:term":[{"taxonomy":"product_brand","embeddable":true,"href":"https:\/\/stylingagenten.com\/fi\/wp-json\/wp\/v2\/product_brand?post=128059"},{"taxonomy":"product_cat","embeddable":true,"href":"https:\/\/stylingagenten.com\/fi\/wp-json\/wp\/v2\/product_cat?post=128059"},{"taxonomy":"product_tag","embeddable":true,"href":"https:\/\/stylingagenten.com\/fi\/wp-json\/wp\/v2\/product_tag?post=128059"},{"taxonomy":"berocket_brand","embeddable":true,"href":"https:\/\/stylingagenten.com\/fi\/wp-json\/wp\/v2\/berocket_brand?post=128059"}],"curies":[{"name":"wp","href":"https:\/\/api.w.org\/{rel}","templated":true}]}}