{"id":128058,"date":"2025-05-18T22:13:31","date_gmt":"2025-05-18T22:13:31","guid":{"rendered":"https:\/\/staging2.stylingagenten.com\/fi\/produkt\/remington-jumbo-rollers\/"},"modified":"2026-03-26T20:08:39","modified_gmt":"2026-03-26T20:08:39","slug":"remington-jumbo-rollers","status":"publish","type":"product","link":"https:\/\/stylingagenten.com\/fi\/tuote\/remington-jumbo-rollers\/","title":{"rendered":"Remington Jumbo Rollers"},"content":{"rendered":"<p>Kuumenna kierukoita luodaksesi suuria kiharoita ja volyymia. Vahaydin on suunniteltu l\u00e4mmitt\u00e4m\u00e4\u00e4n ja yll\u00e4pit\u00e4m\u00e4\u00e4n korkeaa l\u00e4mp\u00f6tilaa (l\u00e4mpenemisaika 10 min), ja ulompi samettipinnoite helpottaa rullien k\u00e4\u00e4rimist\u00e4.&nbsp;<br \/>12 rullaa kahdessa koossa: 4 x 40 mm, 8 x 35 mm sek\u00e4 12 v\u00e4rikoodattua pidikett\u00e4 ja 12 tappia helpottamaan kiinnityst\u00e4<br \/>Ruloissa on Cool Touch -p\u00e4\u00e4t, jotka varmistavat, ett\u00e4 l\u00e4mp\u00f6 kohdistuu vain hiuksiin, mik\u00e4 tekee teloista mukavia ja helppok\u00e4ytt\u00f6isi\u00e4.<br \/>12 rullat kahdessa jumbo-koossa: 4 kpl. 40 mm, 8 kpl. 35 mm<br \/>Ylellisell\u00e4 sametilla p\u00e4\u00e4llystetty hienoja tuloksia varten<br \/>Innovatiivinen vahaydin pit\u00e4\u00e4 korkean l\u00e4mm\u00f6n<\/p>\n","protected":false},"excerpt":{"rendered":"<p>Kuumenna kierukoita luodaksesi suuria kiharoita ja volyymia. Vahaydin on suunniteltu l\u00e4mmitt\u00e4m\u00e4\u00e4n ja yll\u00e4pit\u00e4m\u00e4\u00e4n korkeaa l\u00e4mp\u00f6tilaa (l\u00e4mpenemisaika 10 min), ja ulompi samettipinnoite helpottaa rullien k\u00e4\u00e4rimist\u00e4.&nbsp;12 rullaa kahdessa koossa: 4 x 40 mm, 8 x 35 mm sek\u00e4 12 v\u00e4rikoodattua pidikett\u00e4 ja 12 tappia helpottamaan kiinnityst\u00e4Ruloissa on Cool Touch -p\u00e4\u00e4t, jotka varmistavat, ett\u00e4 l\u00e4mp\u00f6 kohdistuu vain hiuksiin, [&hellip;]<\/p>\n","protected":false},"featured_media":128041,"comment_status":"open","ping_status":"closed","template":"","meta":{"_trash_the_other_posts":false},"product_brand":[],"product_cat":[596],"product_tag":[],"berocket_brand":[1272],"class_list":{"0":"post-128058","1":"product","2":"type-product","3":"status-publish","4":"has-post-thumbnail","6":"product_cat-kiharrin","7":"pa_brand-remington","8":"berocket_brand-remington","10":"first","11":"instock","12":"taxable","13":"shipping-taxable","14":"purchasable","15":"product-type-simple"},"_links":{"self":[{"href":"https:\/\/stylingagenten.com\/fi\/wp-json\/wp\/v2\/product\/128058","targetHints":{"allow":["GET"]}}],"collection":[{"href":"https:\/\/stylingagenten.com\/fi\/wp-json\/wp\/v2\/product"}],"about":[{"href":"https:\/\/stylingagenten.com\/fi\/wp-json\/wp\/v2\/types\/product"}],"replies":[{"embeddable":true,"href":"https:\/\/stylingagenten.com\/fi\/wp-json\/wp\/v2\/comments?post=128058"}],"version-history":[{"count":0,"href":"https:\/\/stylingagenten.com\/fi\/wp-json\/wp\/v2\/product\/128058\/revisions"}],"wp:featuredmedia":[{"embeddable":true,"href":"https:\/\/stylingagenten.com\/fi\/wp-json\/wp\/v2\/media\/128041"}],"wp:attachment":[{"href":"https:\/\/stylingagenten.com\/fi\/wp-json\/wp\/v2\/media?parent=128058"}],"wp:term":[{"taxonomy":"product_brand","embeddable":true,"href":"https:\/\/stylingagenten.com\/fi\/wp-json\/wp\/v2\/product_brand?post=128058"},{"taxonomy":"product_cat","embeddable":true,"href":"https:\/\/stylingagenten.com\/fi\/wp-json\/wp\/v2\/product_cat?post=128058"},{"taxonomy":"product_tag","embeddable":true,"href":"https:\/\/stylingagenten.com\/fi\/wp-json\/wp\/v2\/product_tag?post=128058"},{"taxonomy":"berocket_brand","embeddable":true,"href":"https:\/\/stylingagenten.com\/fi\/wp-json\/wp\/v2\/berocket_brand?post=128058"}],"curies":[{"name":"wp","href":"https:\/\/api.w.org\/{rel}","templated":true}]}}