{"id":128050,"date":"2025-05-18T22:13:30","date_gmt":"2025-05-18T22:13:30","guid":{"rendered":"https:\/\/staging2.stylingagenten.com\/fi\/produkt\/remington-proluxe-25-38mm-wand\/"},"modified":"2026-03-26T10:58:48","modified_gmt":"2026-03-26T10:58:48","slug":"remington-proluxe-25-38mm-wand","status":"publish","type":"product","link":"https:\/\/stylingagenten.com\/fi\/tuote\/remington-proluxe-25-38mm-wand\/","title":{"rendered":"Remington PROluxe 25-38mm Wand"},"content":{"rendered":"<p>Helmi\u00e4is- ja ruusukultanv\u00e4risess\u00e4 PROluxe-sauvassa on 25-38 mm:n kartiomainen sylinteri, joka luo suuria hienoja kiharoita, jotka kest\u00e4v\u00e4t koko p\u00e4iv\u00e4n.<\/p>\n<p>Digitaalinen n\u00e4ytt\u00f6, jonka l\u00e4mp\u00f6tilat ovat 120\u00b0C-210 \u00b0C ja pro+-asetus 185 \u00b0C, mik\u00e4 on optimaalinen l\u00e4mp\u00f6tila. Sis\u00e4\u00e4nrakennettu \u00e4lyk\u00e4s OptiHeat-tekniikka toimittaa l\u00e4mp\u00f6\u00e4 hiuksiisi sinne, miss\u00e4 sit\u00e4 eniten tarvitaan. L\u00e4mp\u00f6 jakautuu siten, ett\u00e4 l\u00e4mp\u00f6tila on korkeampi hiusten juurissa, miss\u00e4 hiukset ovat paksuimmat, kun taas p\u00e4iss\u00e4, joissa hiukset ovat yleens\u00e4 ohuempia ja kuluneempia, l\u00e4mp\u00f6tila on matalampi.<\/p>\n<p> kiharruksessa on erityinen GripTech-pinnoite, joka antaa kevytt\u00e4 vastusta kiharatessasi hiuksia ja sopii t\u00e4ydellisesti hiuksille, jotka muuten tykk\u00e4\u00e4v\u00e4t liukua pois kiharruksesta. Mukana tulee l\u00e4mm\u00f6nkest\u00e4v\u00e4 s\u00e4ilytyspussi.<\/p>\n","protected":false},"excerpt":{"rendered":"<p>Helmi\u00e4is- ja ruusukultanv\u00e4risess\u00e4 PROluxe-sauvassa on 25-38 mm:n kartiomainen sylinteri, joka luo suuria hienoja kiharoita, jotka kest\u00e4v\u00e4t koko p\u00e4iv\u00e4n. Digitaalinen n\u00e4ytt\u00f6, jonka l\u00e4mp\u00f6tilat ovat 120\u00b0C-210 \u00b0C ja pro+-asetus 185 \u00b0C, mik\u00e4 on optimaalinen l\u00e4mp\u00f6tila. Sis\u00e4\u00e4nrakennettu \u00e4lyk\u00e4s OptiHeat-tekniikka toimittaa l\u00e4mp\u00f6\u00e4 hiuksiisi sinne, miss\u00e4 sit\u00e4 eniten tarvitaan. L\u00e4mp\u00f6 jakautuu siten, ett\u00e4 l\u00e4mp\u00f6tila on korkeampi hiusten juurissa, miss\u00e4 hiukset [&hellip;]<\/p>\n","protected":false},"featured_media":128044,"comment_status":"open","ping_status":"closed","template":"","meta":{"_trash_the_other_posts":false},"product_brand":[],"product_cat":[596],"product_tag":[],"berocket_brand":[1272],"class_list":{"0":"post-128050","1":"product","2":"type-product","3":"status-publish","4":"has-post-thumbnail","6":"product_cat-kiharrin","7":"pa_brand-remington","8":"berocket_brand-remington","10":"first","11":"instock","12":"sale","13":"taxable","14":"shipping-taxable","15":"purchasable","16":"product-type-simple"},"_links":{"self":[{"href":"https:\/\/stylingagenten.com\/fi\/wp-json\/wp\/v2\/product\/128050","targetHints":{"allow":["GET"]}}],"collection":[{"href":"https:\/\/stylingagenten.com\/fi\/wp-json\/wp\/v2\/product"}],"about":[{"href":"https:\/\/stylingagenten.com\/fi\/wp-json\/wp\/v2\/types\/product"}],"replies":[{"embeddable":true,"href":"https:\/\/stylingagenten.com\/fi\/wp-json\/wp\/v2\/comments?post=128050"}],"version-history":[{"count":0,"href":"https:\/\/stylingagenten.com\/fi\/wp-json\/wp\/v2\/product\/128050\/revisions"}],"wp:featuredmedia":[{"embeddable":true,"href":"https:\/\/stylingagenten.com\/fi\/wp-json\/wp\/v2\/media\/128044"}],"wp:attachment":[{"href":"https:\/\/stylingagenten.com\/fi\/wp-json\/wp\/v2\/media?parent=128050"}],"wp:term":[{"taxonomy":"product_brand","embeddable":true,"href":"https:\/\/stylingagenten.com\/fi\/wp-json\/wp\/v2\/product_brand?post=128050"},{"taxonomy":"product_cat","embeddable":true,"href":"https:\/\/stylingagenten.com\/fi\/wp-json\/wp\/v2\/product_cat?post=128050"},{"taxonomy":"product_tag","embeddable":true,"href":"https:\/\/stylingagenten.com\/fi\/wp-json\/wp\/v2\/product_tag?post=128050"},{"taxonomy":"berocket_brand","embeddable":true,"href":"https:\/\/stylingagenten.com\/fi\/wp-json\/wp\/v2\/berocket_brand?post=128050"}],"curies":[{"name":"wp","href":"https:\/\/api.w.org\/{rel}","templated":true}]}}