{"id":128045,"date":"2025-05-18T22:13:29","date_gmt":"2025-05-18T22:13:29","guid":{"rendered":"https:\/\/staging2.stylingagenten.com\/fi\/produkt\/remington-pearl-tong\/"},"modified":"2026-04-14T07:58:30","modified_gmt":"2026-04-14T07:58:30","slug":"remington-pearl-tong","status":"publish","type":"product","link":"https:\/\/stylingagenten.com\/fi\/tuote\/remington-pearl-tong\/","title":{"rendered":"Remington Pearl Tong"},"content":{"rendered":"<p>Kartiomainen kiharrin, jonka leveys on 13-25 mm, ja siin\u00e4 on edistyksellinen keraaminen pinnoite, joka takaa tasaisen l\u00e4mm\u00f6njaon.<br \/>Kierr\u00e4tysraudassa on nopea l\u00e4mpeneminen 30 sekunnissa ja digitaalinen n\u00e4ytt\u00f6 s\u00e4\u00e4dett\u00e4v\u00e4n\u00e4 l\u00e4mp\u00f6tilana 130-210 \u00b0C. L\u00e4mp\u00f6tilan lukitsemiseksi k\u00e4yt\u00f6n aikana teet t\u00e4m\u00e4n pit\u00e4m\u00e4ll\u00e4 miinusmerkki\u00e4 painettuna muutaman sekunnin ajan, kunnes n\u00e4et riippulukon n\u00e4yt\u00f6ss\u00e4. Lukitus avataan painamalla miinuspainiketta uudelleen. Siin\u00e4 on erikoispitk\u00e4 3 metrin johto, mik\u00e4 helpottaa, jos sinulla ei ole pistorasiaa aivan sen vieress\u00e4. Mukana tulee l\u00e4mp\u00f6suojak\u00e4sine, joka helpottaa k\u00e4ytt\u00f6\u00e4 ja v\u00e4hent\u00e4\u00e4 palamisvaaraa.<\/p>\n<p>\u2022Ylellinen helmi\u00e4inen keraaminen pinnoite: 8 x sile\u00e4mpi*, 5 x pidempi k\u00e4ytt\u00f6ik\u00e4 *<br \/>\u2022Kartiomainen muoto kauniit kiharat<br \/>\u2022 Digitaalinen LCD-n\u00e4ytt\u00f6 130\u00b0C &#8211; 210\u00b0C<br \/>\u2022Nopea l\u00e4mpeneminen 30 sekunnissa<br \/>\u2022Automaattinen sammutus 60 minuutin kuluttua<br \/>\u2022Painikkeilla lukittu l\u00e4mp\u00f6tila est\u00e4\u00e4 tahattoman l\u00e4mp\u00f6tilan muutoksen<br \/> \u2022Kylm\u00e4p\u00e4\u00e4<br \/>\u2022 Maailmanlaajuinen j\u00e4nnite<br \/>\u20223 metrin k\u00e4\u00e4ntyv\u00e4 johto<br \/>\u2022L\u00e4mp\u00f6suojapussi<br \/>\u2022Suojak\u00e4sine<br \/>*verrattuna Remingtonin edelliseen malliin<\/p>\n","protected":false},"excerpt":{"rendered":"<p>Kartiomainen kiharrin, jonka leveys on 13-25 mm, ja siin\u00e4 on edistyksellinen keraaminen pinnoite, joka takaa tasaisen l\u00e4mm\u00f6njaon.Kierr\u00e4tysraudassa on nopea l\u00e4mpeneminen 30 sekunnissa ja digitaalinen n\u00e4ytt\u00f6 s\u00e4\u00e4dett\u00e4v\u00e4n\u00e4 l\u00e4mp\u00f6tilana 130-210 \u00b0C. L\u00e4mp\u00f6tilan lukitsemiseksi k\u00e4yt\u00f6n aikana teet t\u00e4m\u00e4n pit\u00e4m\u00e4ll\u00e4 miinusmerkki\u00e4 painettuna muutaman sekunnin ajan, kunnes n\u00e4et riippulukon n\u00e4yt\u00f6ss\u00e4. Lukitus avataan painamalla miinuspainiketta uudelleen. Siin\u00e4 on erikoispitk\u00e4 3 metrin [&hellip;]<\/p>\n","protected":false},"featured_media":128036,"comment_status":"open","ping_status":"closed","template":"","meta":{"_trash_the_other_posts":false},"product_brand":[],"product_cat":[596],"product_tag":[],"berocket_brand":[1272],"class_list":{"0":"post-128045","1":"product","2":"type-product","3":"status-publish","4":"has-post-thumbnail","6":"product_cat-kiharrin","7":"pa_brand-remington","8":"berocket_brand-remington","10":"first","11":"instock","12":"sale","13":"taxable","14":"shipping-taxable","15":"purchasable","16":"product-type-simple"},"_links":{"self":[{"href":"https:\/\/stylingagenten.com\/fi\/wp-json\/wp\/v2\/product\/128045","targetHints":{"allow":["GET"]}}],"collection":[{"href":"https:\/\/stylingagenten.com\/fi\/wp-json\/wp\/v2\/product"}],"about":[{"href":"https:\/\/stylingagenten.com\/fi\/wp-json\/wp\/v2\/types\/product"}],"replies":[{"embeddable":true,"href":"https:\/\/stylingagenten.com\/fi\/wp-json\/wp\/v2\/comments?post=128045"}],"version-history":[{"count":0,"href":"https:\/\/stylingagenten.com\/fi\/wp-json\/wp\/v2\/product\/128045\/revisions"}],"wp:featuredmedia":[{"embeddable":true,"href":"https:\/\/stylingagenten.com\/fi\/wp-json\/wp\/v2\/media\/128036"}],"wp:attachment":[{"href":"https:\/\/stylingagenten.com\/fi\/wp-json\/wp\/v2\/media?parent=128045"}],"wp:term":[{"taxonomy":"product_brand","embeddable":true,"href":"https:\/\/stylingagenten.com\/fi\/wp-json\/wp\/v2\/product_brand?post=128045"},{"taxonomy":"product_cat","embeddable":true,"href":"https:\/\/stylingagenten.com\/fi\/wp-json\/wp\/v2\/product_cat?post=128045"},{"taxonomy":"product_tag","embeddable":true,"href":"https:\/\/stylingagenten.com\/fi\/wp-json\/wp\/v2\/product_tag?post=128045"},{"taxonomy":"berocket_brand","embeddable":true,"href":"https:\/\/stylingagenten.com\/fi\/wp-json\/wp\/v2\/berocket_brand?post=128045"}],"curies":[{"name":"wp","href":"https:\/\/api.w.org\/{rel}","templated":true}]}}