{"id":127946,"date":"2025-05-18T22:13:10","date_gmt":"2025-05-18T22:13:10","guid":{"rendered":"https:\/\/staging2.stylingagenten.com\/fi\/produkt\/ren-atlantic-kelp-and-microalgae-bath-oil-110ml\/"},"modified":"2026-03-07T07:17:34","modified_gmt":"2026-03-07T07:17:34","slug":"ren-atlantic-kelp-and-microalgae-bath-oil-110ml","status":"publish","type":"product","link":"https:\/\/stylingagenten.com\/fi\/tuote\/ren-atlantic-kelp-and-microalgae-bath-oil-110ml\/","title":{"rendered":"REN Atlantic Kelp And Microalgae Bath Oil 110ml"},"content":{"rendered":"<p>Runsas kylpy\u00f6ljy, jossa on ylellinen sekoitus Atlantin merilev\u00e4n (rakolev\u00e4) ja planktonin ravitsevia uutteita sek\u00e4 Omega 6- ja 9-rasvahappoja sis\u00e4lt\u00e4v\u00e4\u00e4 mikrolev\u00e4\u00f6ljy\u00e4, j\u00e4tt\u00e4v\u00e4t ihon kosteutetuksi ja joustavaksi.<\/p>\n<p>RENin eksklusiivinen eteeristen \u00f6ljyjen sekoitus lep\u00e4\u00e4 terveen\u00e4. nostaa ja purkaa stressi\u00e4 sek\u00e4 kehosta ett\u00e4 sielusta.<\/p>\n","protected":false},"excerpt":{"rendered":"<p>Runsas kylpy\u00f6ljy, jossa on ylellinen sekoitus Atlantin merilev\u00e4n (rakolev\u00e4) ja planktonin ravitsevia uutteita sek\u00e4 Omega 6- ja 9-rasvahappoja sis\u00e4lt\u00e4v\u00e4\u00e4 mikrolev\u00e4\u00f6ljy\u00e4, j\u00e4tt\u00e4v\u00e4t ihon kosteutetuksi ja joustavaksi. RENin eksklusiivinen eteeristen \u00f6ljyjen sekoitus lep\u00e4\u00e4 terveen\u00e4. nostaa ja purkaa stressi\u00e4 sek\u00e4 kehosta ett\u00e4 sielusta.<\/p>\n","protected":false},"featured_media":127942,"comment_status":"open","ping_status":"closed","template":"","meta":{"_trash_the_other_posts":false},"product_brand":[],"product_cat":[1005,655],"product_tag":[],"berocket_brand":[1275],"class_list":{"0":"post-127946","1":"product","2":"type-product","3":"status-publish","4":"has-post-thumbnail","6":"product_cat-outlet","7":"product_cat-vartalooljy","8":"pa_brand-ren","9":"berocket_brand-ren","11":"first","12":"instock","13":"sale","14":"taxable","15":"shipping-taxable","16":"purchasable","17":"product-type-simple"},"_links":{"self":[{"href":"https:\/\/stylingagenten.com\/fi\/wp-json\/wp\/v2\/product\/127946","targetHints":{"allow":["GET"]}}],"collection":[{"href":"https:\/\/stylingagenten.com\/fi\/wp-json\/wp\/v2\/product"}],"about":[{"href":"https:\/\/stylingagenten.com\/fi\/wp-json\/wp\/v2\/types\/product"}],"replies":[{"embeddable":true,"href":"https:\/\/stylingagenten.com\/fi\/wp-json\/wp\/v2\/comments?post=127946"}],"version-history":[{"count":0,"href":"https:\/\/stylingagenten.com\/fi\/wp-json\/wp\/v2\/product\/127946\/revisions"}],"wp:featuredmedia":[{"embeddable":true,"href":"https:\/\/stylingagenten.com\/fi\/wp-json\/wp\/v2\/media\/127942"}],"wp:attachment":[{"href":"https:\/\/stylingagenten.com\/fi\/wp-json\/wp\/v2\/media?parent=127946"}],"wp:term":[{"taxonomy":"product_brand","embeddable":true,"href":"https:\/\/stylingagenten.com\/fi\/wp-json\/wp\/v2\/product_brand?post=127946"},{"taxonomy":"product_cat","embeddable":true,"href":"https:\/\/stylingagenten.com\/fi\/wp-json\/wp\/v2\/product_cat?post=127946"},{"taxonomy":"product_tag","embeddable":true,"href":"https:\/\/stylingagenten.com\/fi\/wp-json\/wp\/v2\/product_tag?post=127946"},{"taxonomy":"berocket_brand","embeddable":true,"href":"https:\/\/stylingagenten.com\/fi\/wp-json\/wp\/v2\/berocket_brand?post=127946"}],"curies":[{"name":"wp","href":"https:\/\/api.w.org\/{rel}","templated":true}]}}