{"id":127940,"date":"2025-05-18T22:13:08","date_gmt":"2025-05-18T22:13:08","guid":{"rendered":"https:\/\/staging2.stylingagenten.com\/fi\/produkt\/nuxe-huile-prodigieuse-or-multi-purpose-illuminating-dry-oil-100ml\/"},"modified":"2026-01-22T13:10:40","modified_gmt":"2026-01-22T13:10:40","slug":"nuxe-huile-prodigieuse-or-multi-purpose-illuminating-dry-oil-100ml","status":"publish","type":"product","link":"https:\/\/stylingagenten.com\/fi\/tuote\/nuxe-huile-prodigieuse-or-multi-purpose-illuminating-dry-oil-100ml\/","title":{"rendered":"Nuxe Huile Prodigieuse Or Multi Purpose Illuminating Dry Oil 100ml"},"content":{"rendered":"<p>Nuxe Huile Prodigieuse Or Multi Purpose Illuminating Dry Oil on kuiva\u00f6ljy, jossa on keltaista hohtoa hiuksille, kasvoille ja muulle vartalolle. Sen tahraton koostumus on rauhoittava cocktail hoitavia ja suojaavia ainesosia, jotka antavat sinulle samettisen ihon ja kiilt\u00e4v\u00e4t hiukset.<\/p>\n<p data-empty=\"true\">\u00d6ljy sis\u00e4lt\u00e4\u00e4 95,9 % luonnollista alkuper\u00e4\u00e4 olevia ainesosia. Tuote ei sis\u00e4ll\u00e4 parabeeneja, s\u00e4il\u00f6nt\u00e4aineita, silikonia, mineraali\u00f6ljyj\u00e4, synteettisi\u00e4 v\u00e4riaineita eik\u00e4 el\u00e4inper\u00e4isi\u00e4 ainesosia.<\/p>\n","protected":false},"excerpt":{"rendered":"<p>Nuxe Huile Prodigieuse Or Multi Purpose Illuminating Dry Oil on kuiva\u00f6ljy, jossa on keltaista hohtoa hiuksille, kasvoille ja muulle vartalolle. Sen tahraton koostumus on rauhoittava cocktail hoitavia ja suojaavia ainesosia, jotka antavat sinulle samettisen ihon ja kiilt\u00e4v\u00e4t hiukset. \u00d6ljy sis\u00e4lt\u00e4\u00e4 95,9 % luonnollista alkuper\u00e4\u00e4 olevia ainesosia. Tuote ei sis\u00e4ll\u00e4 parabeeneja, s\u00e4il\u00f6nt\u00e4aineita, silikonia, mineraali\u00f6ljyj\u00e4, synteettisi\u00e4 v\u00e4riaineita [&hellip;]<\/p>\n","protected":false},"featured_media":127937,"comment_status":"open","ping_status":"closed","template":"","meta":{"_trash_the_other_posts":false},"product_brand":[],"product_cat":[655],"product_tag":[3640],"berocket_brand":[1024],"class_list":{"0":"post-127940","1":"product","2":"type-product","3":"status-publish","4":"has-post-thumbnail","6":"product_cat-vartalooljy","7":"product_tag-nuxe-huile-prodigieuse-or-multi-purpose-illuminating-dry-oil","8":"pa_brand-nuxe","9":"pa_variantti-100ml","10":"berocket_brand-nuxe","12":"first","13":"instock","14":"sale","15":"taxable","16":"shipping-taxable","17":"purchasable","18":"product-type-simple"},"_links":{"self":[{"href":"https:\/\/stylingagenten.com\/fi\/wp-json\/wp\/v2\/product\/127940","targetHints":{"allow":["GET"]}}],"collection":[{"href":"https:\/\/stylingagenten.com\/fi\/wp-json\/wp\/v2\/product"}],"about":[{"href":"https:\/\/stylingagenten.com\/fi\/wp-json\/wp\/v2\/types\/product"}],"replies":[{"embeddable":true,"href":"https:\/\/stylingagenten.com\/fi\/wp-json\/wp\/v2\/comments?post=127940"}],"version-history":[{"count":0,"href":"https:\/\/stylingagenten.com\/fi\/wp-json\/wp\/v2\/product\/127940\/revisions"}],"wp:featuredmedia":[{"embeddable":true,"href":"https:\/\/stylingagenten.com\/fi\/wp-json\/wp\/v2\/media\/127937"}],"wp:attachment":[{"href":"https:\/\/stylingagenten.com\/fi\/wp-json\/wp\/v2\/media?parent=127940"}],"wp:term":[{"taxonomy":"product_brand","embeddable":true,"href":"https:\/\/stylingagenten.com\/fi\/wp-json\/wp\/v2\/product_brand?post=127940"},{"taxonomy":"product_cat","embeddable":true,"href":"https:\/\/stylingagenten.com\/fi\/wp-json\/wp\/v2\/product_cat?post=127940"},{"taxonomy":"product_tag","embeddable":true,"href":"https:\/\/stylingagenten.com\/fi\/wp-json\/wp\/v2\/product_tag?post=127940"},{"taxonomy":"berocket_brand","embeddable":true,"href":"https:\/\/stylingagenten.com\/fi\/wp-json\/wp\/v2\/berocket_brand?post=127940"}],"curies":[{"name":"wp","href":"https:\/\/api.w.org\/{rel}","templated":true}]}}