{"id":127938,"date":"2025-05-18T22:13:08","date_gmt":"2025-05-18T22:13:08","guid":{"rendered":"https:\/\/staging2.stylingagenten.com\/fi\/produkt\/aveeno-skin-relief-body-oil-spray-200ml\/"},"modified":"2026-03-29T21:07:27","modified_gmt":"2026-03-29T21:07:27","slug":"aveeno-skin-relief-body-oil-spray-200ml","status":"publish","type":"product","link":"https:\/\/stylingagenten.com\/fi\/tuote\/aveeno-skin-relief-body-oil-spray-200ml\/","title":{"rendered":"Aveeno Skin Relief Body Oil Spray 200ml"},"content":{"rendered":"<p>Aveeno Skin Relief Body Oil Spray on kevyesti hajustettu vartalo\u00f6ljy (suihke), joka sis\u00e4lt\u00e4\u00e4 kaura- ja jojoba\u00f6ljy\u00e4. \u00d6ljyn on kliinisesti todistettu kosteuttavan ja ravitsevan eritt\u00e4in kuivaa ihoa.<\/p>\n<p>Aveeno Skin Relief -\u00f6ljysuihke imeytyy nopeasti ihoon ja sen hypoallergeeninen koostumus on suunniteltu minimoimaan allergiariskit. Se antaa iholle silkinpehme\u00e4n pinnan, auttaa palauttamaan ihon suojamuurin sek\u00e4 parantaa ihon kimmoisuutta ja rakennetta.<\/p>\n<p>Dermatologisesti testattu. Hypoallergeeninen* (*suunniteltu minimoimaan allergiariskit). Vegaaninen koostumus (ei sis\u00e4ll\u00e4 el\u00e4inper\u00e4isi\u00e4 ainesosia). Sis\u00e4lt\u00e4\u00e4 98 % luonnollista alkuper\u00e4\u00e4 olevia ainesosia.<\/p>\n<p>200ml<\/p>\n","protected":false},"excerpt":{"rendered":"<p>Aveeno Skin Relief Body Oil Spray on kevyesti hajustettu vartalo\u00f6ljy (suihke), joka sis\u00e4lt\u00e4\u00e4 kaura- ja jojoba\u00f6ljy\u00e4. \u00d6ljyn on kliinisesti todistettu kosteuttavan ja ravitsevan eritt\u00e4in kuivaa ihoa. Aveeno Skin Relief -\u00f6ljysuihke imeytyy nopeasti ihoon ja sen hypoallergeeninen koostumus on suunniteltu minimoimaan allergiariskit. Se antaa iholle silkinpehme\u00e4n pinnan, auttaa palauttamaan ihon suojamuurin sek\u00e4 parantaa ihon kimmoisuutta ja [&hellip;]<\/p>\n","protected":false},"featured_media":127928,"comment_status":"open","ping_status":"closed","template":"","meta":{"_trash_the_other_posts":false},"product_brand":[],"product_cat":[655],"product_tag":[],"berocket_brand":[1410],"class_list":{"0":"post-127938","1":"product","2":"type-product","3":"status-publish","4":"has-post-thumbnail","6":"product_cat-vartalooljy","7":"pa_brand-aveeno","8":"berocket_brand-aveeno","10":"first","11":"instock","12":"sale","13":"taxable","14":"shipping-taxable","15":"purchasable","16":"product-type-simple"},"_links":{"self":[{"href":"https:\/\/stylingagenten.com\/fi\/wp-json\/wp\/v2\/product\/127938","targetHints":{"allow":["GET"]}}],"collection":[{"href":"https:\/\/stylingagenten.com\/fi\/wp-json\/wp\/v2\/product"}],"about":[{"href":"https:\/\/stylingagenten.com\/fi\/wp-json\/wp\/v2\/types\/product"}],"replies":[{"embeddable":true,"href":"https:\/\/stylingagenten.com\/fi\/wp-json\/wp\/v2\/comments?post=127938"}],"version-history":[{"count":0,"href":"https:\/\/stylingagenten.com\/fi\/wp-json\/wp\/v2\/product\/127938\/revisions"}],"wp:featuredmedia":[{"embeddable":true,"href":"https:\/\/stylingagenten.com\/fi\/wp-json\/wp\/v2\/media\/127928"}],"wp:attachment":[{"href":"https:\/\/stylingagenten.com\/fi\/wp-json\/wp\/v2\/media?parent=127938"}],"wp:term":[{"taxonomy":"product_brand","embeddable":true,"href":"https:\/\/stylingagenten.com\/fi\/wp-json\/wp\/v2\/product_brand?post=127938"},{"taxonomy":"product_cat","embeddable":true,"href":"https:\/\/stylingagenten.com\/fi\/wp-json\/wp\/v2\/product_cat?post=127938"},{"taxonomy":"product_tag","embeddable":true,"href":"https:\/\/stylingagenten.com\/fi\/wp-json\/wp\/v2\/product_tag?post=127938"},{"taxonomy":"berocket_brand","embeddable":true,"href":"https:\/\/stylingagenten.com\/fi\/wp-json\/wp\/v2\/berocket_brand?post=127938"}],"curies":[{"name":"wp","href":"https:\/\/api.w.org\/{rel}","templated":true}]}}