{"id":127926,"date":"2025-05-18T22:13:06","date_gmt":"2025-05-18T22:13:06","guid":{"rendered":"https:\/\/staging2.stylingagenten.com\/fi\/produkt\/nuxe-huile-prodigieuse-multi-purpose-softening-dry-oil-50ml\/"},"modified":"2025-11-27T15:12:28","modified_gmt":"2025-11-27T15:12:28","slug":"nuxe-huile-prodigieuse-multi-purpose-softening-dry-oil-50ml","status":"publish","type":"product","link":"https:\/\/stylingagenten.com\/fi\/tuote\/nuxe-huile-prodigieuse-multi-purpose-softening-dry-oil-50ml\/","title":{"rendered":"Nuxe Huile Prodigieuse Multi Purpose Softening Dry Oil 50ml"},"content":{"rendered":"<p>Nuxe Huile Prodigieuse Multi Purpose Softening Dry Oil on kuiva\u00f6ljy paljaille hiuksille, kasvoille ja muulle vartalolle. Sen tahraton koostumus on rauhoittava cocktail hoitavia ja suojaavia ainesosia, jotka antavat sinulle samettisen ihon ja kiilt\u00e4v\u00e4t hiukset.<\/p>\n<p data-empty=\"true\">\u00d6ljy sis\u00e4lt\u00e4\u00e4 98,8 % luonnollista alkuper\u00e4\u00e4 olevia ainesosia. Tuote ei sis\u00e4ll\u00e4 parabeeneja, s\u00e4il\u00f6nt\u00e4aineita, silikonia, mineraali\u00f6ljyj\u00e4, synteettisi\u00e4 v\u00e4riaineita eik\u00e4 el\u00e4inper\u00e4isi\u00e4 ainesosia.<\/p>\n","protected":false},"excerpt":{"rendered":"<p>Nuxe Huile Prodigieuse Multi Purpose Softening Dry Oil on kuiva\u00f6ljy paljaille hiuksille, kasvoille ja muulle vartalolle. Sen tahraton koostumus on rauhoittava cocktail hoitavia ja suojaavia ainesosia, jotka antavat sinulle samettisen ihon ja kiilt\u00e4v\u00e4t hiukset. \u00d6ljy sis\u00e4lt\u00e4\u00e4 98,8 % luonnollista alkuper\u00e4\u00e4 olevia ainesosia. Tuote ei sis\u00e4ll\u00e4 parabeeneja, s\u00e4il\u00f6nt\u00e4aineita, silikonia, mineraali\u00f6ljyj\u00e4, synteettisi\u00e4 v\u00e4riaineita eik\u00e4 el\u00e4inper\u00e4isi\u00e4 ainesosia.<\/p>\n","protected":false},"featured_media":127924,"comment_status":"open","ping_status":"closed","template":"","meta":{"_trash_the_other_posts":false},"product_brand":[],"product_cat":[655],"product_tag":[],"berocket_brand":[1024],"class_list":{"0":"post-127926","1":"product","2":"type-product","3":"status-publish","4":"has-post-thumbnail","6":"product_cat-vartalooljy","7":"pa_brand-nuxe","8":"berocket_brand-nuxe","10":"first","11":"instock","12":"sale","13":"taxable","14":"shipping-taxable","15":"purchasable","16":"product-type-simple"},"_links":{"self":[{"href":"https:\/\/stylingagenten.com\/fi\/wp-json\/wp\/v2\/product\/127926","targetHints":{"allow":["GET"]}}],"collection":[{"href":"https:\/\/stylingagenten.com\/fi\/wp-json\/wp\/v2\/product"}],"about":[{"href":"https:\/\/stylingagenten.com\/fi\/wp-json\/wp\/v2\/types\/product"}],"replies":[{"embeddable":true,"href":"https:\/\/stylingagenten.com\/fi\/wp-json\/wp\/v2\/comments?post=127926"}],"version-history":[{"count":0,"href":"https:\/\/stylingagenten.com\/fi\/wp-json\/wp\/v2\/product\/127926\/revisions"}],"wp:featuredmedia":[{"embeddable":true,"href":"https:\/\/stylingagenten.com\/fi\/wp-json\/wp\/v2\/media\/127924"}],"wp:attachment":[{"href":"https:\/\/stylingagenten.com\/fi\/wp-json\/wp\/v2\/media?parent=127926"}],"wp:term":[{"taxonomy":"product_brand","embeddable":true,"href":"https:\/\/stylingagenten.com\/fi\/wp-json\/wp\/v2\/product_brand?post=127926"},{"taxonomy":"product_cat","embeddable":true,"href":"https:\/\/stylingagenten.com\/fi\/wp-json\/wp\/v2\/product_cat?post=127926"},{"taxonomy":"product_tag","embeddable":true,"href":"https:\/\/stylingagenten.com\/fi\/wp-json\/wp\/v2\/product_tag?post=127926"},{"taxonomy":"berocket_brand","embeddable":true,"href":"https:\/\/stylingagenten.com\/fi\/wp-json\/wp\/v2\/berocket_brand?post=127926"}],"curies":[{"name":"wp","href":"https:\/\/api.w.org\/{rel}","templated":true}]}}