{"id":127902,"date":"2025-05-18T22:13:01","date_gmt":"2025-05-18T22:13:01","guid":{"rendered":"https:\/\/staging2.stylingagenten.com\/fi\/produkt\/brave-new-hair-liquid-light-hair-oil-50ml\/"},"modified":"2026-03-11T22:00:20","modified_gmt":"2026-03-11T22:00:20","slug":"brave-new-hair-liquid-light-hair-oil-50ml","status":"publish","type":"product","link":"https:\/\/stylingagenten.com\/fi\/tuote\/brave-new-hair-liquid-light-hair-oil-50ml\/","title":{"rendered":"Brave. New. Hair. Liquid Light Hair Oil 50ml"},"content":{"rendered":"<p>Brave New Hair Liquid Light Hair Oil 50ml. Kevyt 2-in-1 seerumi ja \u00f6ljy, joka on rikastettu aktivoiduilla \u00f6ljyill\u00e4 antamaan ravintoa ja peilim\u00e4ist\u00e4 kiiltoa. T\u00e4ytel\u00e4inen kookospohjainen koostumus, johon on sekoitettu argan- ja jojoba\u00f6ljyj\u00e4, tekee hiuksista helposti purettavat, suojaa hiustenl\u00e4ht\u00f6\u00e4 vastaan \u200b\u200bja tekee niist\u00e4 pehme\u00e4t ja silkkiset. Sopii kaikille hiustyypeille. 0 % silikoneja<br \/>Levit\u00e4 muutama tippa hiuksiin keskelt\u00e4 latvoihin ennen hiusten kuivaamista ja lis\u00e4\u00e4 tarvittaessa kuiviin hiuksiin ennen muotoilua. \u00c4l\u00e4 huuhtele.<\/p>\n","protected":false},"excerpt":{"rendered":"<p>Brave New Hair Liquid Light Hair Oil 50ml. Kevyt 2-in-1 seerumi ja \u00f6ljy, joka on rikastettu aktivoiduilla \u00f6ljyill\u00e4 antamaan ravintoa ja peilim\u00e4ist\u00e4 kiiltoa. T\u00e4ytel\u00e4inen kookospohjainen koostumus, johon on sekoitettu argan- ja jojoba\u00f6ljyj\u00e4, tekee hiuksista helposti purettavat, suojaa hiustenl\u00e4ht\u00f6\u00e4 vastaan \u200b\u200bja tekee niist\u00e4 pehme\u00e4t ja silkkiset. Sopii kaikille hiustyypeille. 0 % silikonejaLevit\u00e4 muutama tippa hiuksiin keskelt\u00e4 [&hellip;]<\/p>\n","protected":false},"featured_media":127890,"comment_status":"open","ping_status":"closed","template":"","meta":{"_trash_the_other_posts":false},"product_brand":[],"product_cat":[610],"product_tag":[],"berocket_brand":[1211],"class_list":{"0":"post-127902","1":"product","2":"type-product","3":"status-publish","4":"has-post-thumbnail","6":"product_cat-hiusoljy","7":"pa_brand-brave-new-hair","8":"berocket_brand-brave-new-hair","10":"first","11":"instock","12":"sale","13":"taxable","14":"shipping-taxable","15":"purchasable","16":"product-type-simple"},"_links":{"self":[{"href":"https:\/\/stylingagenten.com\/fi\/wp-json\/wp\/v2\/product\/127902","targetHints":{"allow":["GET"]}}],"collection":[{"href":"https:\/\/stylingagenten.com\/fi\/wp-json\/wp\/v2\/product"}],"about":[{"href":"https:\/\/stylingagenten.com\/fi\/wp-json\/wp\/v2\/types\/product"}],"replies":[{"embeddable":true,"href":"https:\/\/stylingagenten.com\/fi\/wp-json\/wp\/v2\/comments?post=127902"}],"version-history":[{"count":0,"href":"https:\/\/stylingagenten.com\/fi\/wp-json\/wp\/v2\/product\/127902\/revisions"}],"wp:featuredmedia":[{"embeddable":true,"href":"https:\/\/stylingagenten.com\/fi\/wp-json\/wp\/v2\/media\/127890"}],"wp:attachment":[{"href":"https:\/\/stylingagenten.com\/fi\/wp-json\/wp\/v2\/media?parent=127902"}],"wp:term":[{"taxonomy":"product_brand","embeddable":true,"href":"https:\/\/stylingagenten.com\/fi\/wp-json\/wp\/v2\/product_brand?post=127902"},{"taxonomy":"product_cat","embeddable":true,"href":"https:\/\/stylingagenten.com\/fi\/wp-json\/wp\/v2\/product_cat?post=127902"},{"taxonomy":"product_tag","embeddable":true,"href":"https:\/\/stylingagenten.com\/fi\/wp-json\/wp\/v2\/product_tag?post=127902"},{"taxonomy":"berocket_brand","embeddable":true,"href":"https:\/\/stylingagenten.com\/fi\/wp-json\/wp\/v2\/berocket_brand?post=127902"}],"curies":[{"name":"wp","href":"https:\/\/api.w.org\/{rel}","templated":true}]}}