{"id":127832,"date":"2025-05-18T22:12:47","date_gmt":"2025-05-18T22:12:47","guid":{"rendered":"https:\/\/staging2.stylingagenten.com\/fi\/produkt\/paul-mitchell-tea-tree-styling-wax-200ml\/"},"modified":"2026-04-07T13:58:38","modified_gmt":"2026-04-07T13:58:38","slug":"paul-mitchell-tea-tree-styling-wax-200ml","status":"publish","type":"product","link":"https:\/\/stylingagenten.com\/fi\/tuote\/paul-mitchell-tea-tree-styling-wax-200ml\/","title":{"rendered":"Paul Mitchell Tea Tree Styling Wax 150ml"},"content":{"rendered":"<p>Styling Wax on parabeeniton ja v\u00e4ri\u00e4 s\u00e4ilytt\u00e4v\u00e4 vaha, joka tarjoaa rakennetta ja hallintaa kaikille hiustyypeille.<br \/>Vahalla on virkist\u00e4v\u00e4 tuoksu, ja se tarjoaa my\u00f6s joustavan pidon, tarkkuuden ja kiillon.<br \/>Sis\u00e4lt\u00f6 My\u00f6s teepuu \u00f6ljy\u00e4, piparminttua ja laventelia. Sopii erityisesti lyhyille hiuksille.<\/p>\n","protected":false},"excerpt":{"rendered":"<p>Styling Wax on parabeeniton ja v\u00e4ri\u00e4 s\u00e4ilytt\u00e4v\u00e4 vaha, joka tarjoaa rakennetta ja hallintaa kaikille hiustyypeille.Vahalla on virkist\u00e4v\u00e4 tuoksu, ja se tarjoaa my\u00f6s joustavan pidon, tarkkuuden ja kiillon.Sis\u00e4lt\u00f6 My\u00f6s teepuu \u00f6ljy\u00e4, piparminttua ja laventelia. Sopii erityisesti lyhyille hiuksille.<\/p>\n","protected":false},"featured_media":127823,"comment_status":"open","ping_status":"closed","template":"","meta":{"_trash_the_other_posts":false},"product_brand":[],"product_cat":[700],"product_tag":[],"berocket_brand":[1053],"class_list":{"0":"post-127832","1":"product","2":"type-product","3":"status-publish","4":"has-post-thumbnail","6":"product_cat-vaha","7":"pa_brand-paul-mitchell","8":"berocket_brand-paul-mitchell","10":"first","11":"outofstock","12":"sale","13":"taxable","14":"shipping-taxable","15":"purchasable","16":"product-type-simple"},"_links":{"self":[{"href":"https:\/\/stylingagenten.com\/fi\/wp-json\/wp\/v2\/product\/127832","targetHints":{"allow":["GET"]}}],"collection":[{"href":"https:\/\/stylingagenten.com\/fi\/wp-json\/wp\/v2\/product"}],"about":[{"href":"https:\/\/stylingagenten.com\/fi\/wp-json\/wp\/v2\/types\/product"}],"replies":[{"embeddable":true,"href":"https:\/\/stylingagenten.com\/fi\/wp-json\/wp\/v2\/comments?post=127832"}],"version-history":[{"count":0,"href":"https:\/\/stylingagenten.com\/fi\/wp-json\/wp\/v2\/product\/127832\/revisions"}],"wp:featuredmedia":[{"embeddable":true,"href":"https:\/\/stylingagenten.com\/fi\/wp-json\/wp\/v2\/media\/127823"}],"wp:attachment":[{"href":"https:\/\/stylingagenten.com\/fi\/wp-json\/wp\/v2\/media?parent=127832"}],"wp:term":[{"taxonomy":"product_brand","embeddable":true,"href":"https:\/\/stylingagenten.com\/fi\/wp-json\/wp\/v2\/product_brand?post=127832"},{"taxonomy":"product_cat","embeddable":true,"href":"https:\/\/stylingagenten.com\/fi\/wp-json\/wp\/v2\/product_cat?post=127832"},{"taxonomy":"product_tag","embeddable":true,"href":"https:\/\/stylingagenten.com\/fi\/wp-json\/wp\/v2\/product_tag?post=127832"},{"taxonomy":"berocket_brand","embeddable":true,"href":"https:\/\/stylingagenten.com\/fi\/wp-json\/wp\/v2\/berocket_brand?post=127832"}],"curies":[{"name":"wp","href":"https:\/\/api.w.org\/{rel}","templated":true}]}}