{"id":127779,"date":"2025-05-18T22:12:36","date_gmt":"2025-05-18T22:12:36","guid":{"rendered":"https:\/\/staging2.stylingagenten.com\/fi\/produkt\/id-hair-hard-gold-wax-100ml\/"},"modified":"2026-04-13T07:24:29","modified_gmt":"2026-04-13T07:24:29","slug":"id-hair-hard-gold-wax-100ml","status":"publish","type":"product","link":"https:\/\/stylingagenten.com\/fi\/tuote\/id-hair-hard-gold-wax-100ml\/","title":{"rendered":"ID Hair Hard Gold Wax 100ml"},"content":{"rendered":"<p>Tarjoaa vahvan pidon lyhyille hiuksille. Mahdollistaa hiusten muotoilun koko p\u00e4iv\u00e4n ajan. Vaha erottuu selv\u00e4sti ja on helppo huuhdella pois. Tanskan markkinoiden johtava vaha!<\/p>\n","protected":false},"excerpt":{"rendered":"<p>Tarjoaa vahvan pidon lyhyille hiuksille. Mahdollistaa hiusten muotoilun koko p\u00e4iv\u00e4n ajan. Vaha erottuu selv\u00e4sti ja on helppo huuhdella pois. Tanskan markkinoiden johtava vaha!<\/p>\n","protected":false},"featured_media":127774,"comment_status":"open","ping_status":"closed","template":"","meta":{"_trash_the_other_posts":false},"product_brand":[],"product_cat":[700],"product_tag":[],"berocket_brand":[1345],"class_list":{"0":"post-127779","1":"product","2":"type-product","3":"status-publish","4":"has-post-thumbnail","6":"product_cat-vaha","7":"pa_brand-id-hair","8":"berocket_brand-id-hair","10":"first","11":"instock","12":"sale","13":"taxable","14":"shipping-taxable","15":"purchasable","16":"product-type-simple"},"_links":{"self":[{"href":"https:\/\/stylingagenten.com\/fi\/wp-json\/wp\/v2\/product\/127779","targetHints":{"allow":["GET"]}}],"collection":[{"href":"https:\/\/stylingagenten.com\/fi\/wp-json\/wp\/v2\/product"}],"about":[{"href":"https:\/\/stylingagenten.com\/fi\/wp-json\/wp\/v2\/types\/product"}],"replies":[{"embeddable":true,"href":"https:\/\/stylingagenten.com\/fi\/wp-json\/wp\/v2\/comments?post=127779"}],"version-history":[{"count":0,"href":"https:\/\/stylingagenten.com\/fi\/wp-json\/wp\/v2\/product\/127779\/revisions"}],"wp:featuredmedia":[{"embeddable":true,"href":"https:\/\/stylingagenten.com\/fi\/wp-json\/wp\/v2\/media\/127774"}],"wp:attachment":[{"href":"https:\/\/stylingagenten.com\/fi\/wp-json\/wp\/v2\/media?parent=127779"}],"wp:term":[{"taxonomy":"product_brand","embeddable":true,"href":"https:\/\/stylingagenten.com\/fi\/wp-json\/wp\/v2\/product_brand?post=127779"},{"taxonomy":"product_cat","embeddable":true,"href":"https:\/\/stylingagenten.com\/fi\/wp-json\/wp\/v2\/product_cat?post=127779"},{"taxonomy":"product_tag","embeddable":true,"href":"https:\/\/stylingagenten.com\/fi\/wp-json\/wp\/v2\/product_tag?post=127779"},{"taxonomy":"berocket_brand","embeddable":true,"href":"https:\/\/stylingagenten.com\/fi\/wp-json\/wp\/v2\/berocket_brand?post=127779"}],"curies":[{"name":"wp","href":"https:\/\/api.w.org\/{rel}","templated":true}]}}