{"id":127744,"date":"2025-05-18T22:12:26","date_gmt":"2025-05-18T22:12:26","guid":{"rendered":"https:\/\/staging2.stylingagenten.com\/fi\/produkt\/american-crew-matte-clay-85g\/"},"modified":"2026-03-30T07:31:08","modified_gmt":"2026-03-30T07:31:08","slug":"american-crew-matte-clay-85g","status":"publish","type":"product","link":"https:\/\/stylingagenten.com\/fi\/tuote\/american-crew-matte-clay-85g\/","title":{"rendered":"American Crew Matte Clay 85g"},"content":{"rendered":"<p>American Crew Matte Clay on hiusvaha, jolla on keskipitk\u00e4\/korkea pito ja matala kiilto, jonka avulla voit muotoilla hiuksesi haluamallasi tavalla. <br \/>Antaa luonnollisen hallitun mattapinnan ja tekee hiuksista ja p\u00e4\u00e4nahasta pehme\u00e4t ja sile\u00e4t. Sopii herk\u00e4lle iholle ja p\u00e4\u00e4nahalle. Ihanteellinen lyhyemmille ja keskikokoisille hiuksille.<\/p>\n","protected":false},"excerpt":{"rendered":"<p>American Crew Matte Clay on hiusvaha, jolla on keskipitk\u00e4\/korkea pito ja matala kiilto, jonka avulla voit muotoilla hiuksesi haluamallasi tavalla. Antaa luonnollisen hallitun mattapinnan ja tekee hiuksista ja p\u00e4\u00e4nahasta pehme\u00e4t ja sile\u00e4t. Sopii herk\u00e4lle iholle ja p\u00e4\u00e4nahalle. Ihanteellinen lyhyemmille ja keskikokoisille hiuksille.<\/p>\n","protected":false},"featured_media":127743,"comment_status":"open","ping_status":"closed","template":"","meta":{"_trash_the_other_posts":false},"product_brand":[],"product_cat":[1003,702],"product_tag":[],"berocket_brand":[1071],"class_list":{"0":"post-127744","1":"product","2":"type-product","3":"status-publish","4":"has-post-thumbnail","6":"product_cat-myydyimmat","7":"product_cat-clay","8":"pa_brand-american-crew","9":"berocket_brand-american-crew","11":"first","12":"outofstock","13":"sale","14":"taxable","15":"shipping-taxable","16":"purchasable","17":"product-type-simple"},"_links":{"self":[{"href":"https:\/\/stylingagenten.com\/fi\/wp-json\/wp\/v2\/product\/127744","targetHints":{"allow":["GET"]}}],"collection":[{"href":"https:\/\/stylingagenten.com\/fi\/wp-json\/wp\/v2\/product"}],"about":[{"href":"https:\/\/stylingagenten.com\/fi\/wp-json\/wp\/v2\/types\/product"}],"replies":[{"embeddable":true,"href":"https:\/\/stylingagenten.com\/fi\/wp-json\/wp\/v2\/comments?post=127744"}],"version-history":[{"count":0,"href":"https:\/\/stylingagenten.com\/fi\/wp-json\/wp\/v2\/product\/127744\/revisions"}],"wp:featuredmedia":[{"embeddable":true,"href":"https:\/\/stylingagenten.com\/fi\/wp-json\/wp\/v2\/media\/127743"}],"wp:attachment":[{"href":"https:\/\/stylingagenten.com\/fi\/wp-json\/wp\/v2\/media?parent=127744"}],"wp:term":[{"taxonomy":"product_brand","embeddable":true,"href":"https:\/\/stylingagenten.com\/fi\/wp-json\/wp\/v2\/product_brand?post=127744"},{"taxonomy":"product_cat","embeddable":true,"href":"https:\/\/stylingagenten.com\/fi\/wp-json\/wp\/v2\/product_cat?post=127744"},{"taxonomy":"product_tag","embeddable":true,"href":"https:\/\/stylingagenten.com\/fi\/wp-json\/wp\/v2\/product_tag?post=127744"},{"taxonomy":"berocket_brand","embeddable":true,"href":"https:\/\/stylingagenten.com\/fi\/wp-json\/wp\/v2\/berocket_brand?post=127744"}],"curies":[{"name":"wp","href":"https:\/\/api.w.org\/{rel}","templated":true}]}}