{"id":127689,"date":"2025-05-18T22:12:14","date_gmt":"2025-05-18T22:12:14","guid":{"rendered":"https:\/\/staging2.stylingagenten.com\/fi\/produkt\/revlon-style-masters-3-fiber-wax-85g\/"},"modified":"2026-03-30T07:31:09","modified_gmt":"2026-03-30T07:31:09","slug":"revlon-style-masters-3-fiber-wax-85g","status":"publish","type":"product","link":"https:\/\/stylingagenten.com\/fi\/tuote\/revlon-style-masters-3-fiber-wax-85g\/","title":{"rendered":"Revlon Style Masters 3 &#8211; Fiber Wax 85g"},"content":{"rendered":"<p>Eritt\u00e4in luja kuituvaha. T\u00e4ydellinen, jos haluat&nbsp;luoda kampauksen maksimaalisesti kontrolloidusti. Kuidut aktivoituvat k\u00e4siss\u00e4 k\u00e4sitelt\u00e4ess\u00e4 ennen tuotteen levitt\u00e4mist\u00e4 hiuksiin. Antaa hiuksille luonnollisen viimeistelyn.<\/p>\n<p>Lujuus: 3\/3<br \/>85 g<\/p>\n","protected":false},"excerpt":{"rendered":"<p>Eritt\u00e4in luja kuituvaha. T\u00e4ydellinen, jos haluat&nbsp;luoda kampauksen maksimaalisesti kontrolloidusti. Kuidut aktivoituvat k\u00e4siss\u00e4 k\u00e4sitelt\u00e4ess\u00e4 ennen tuotteen levitt\u00e4mist\u00e4 hiuksiin. Antaa hiuksille luonnollisen viimeistelyn. Lujuus: 3\/385 g<\/p>\n","protected":false},"featured_media":127684,"comment_status":"open","ping_status":"closed","template":"","meta":{"_trash_the_other_posts":false},"product_brand":[],"product_cat":[704],"product_tag":[],"berocket_brand":[1040],"class_list":{"0":"post-127689","1":"product","2":"type-product","3":"status-publish","4":"has-post-thumbnail","6":"product_cat-kuitu","7":"pa_brand-revlon","8":"berocket_brand-revlon","10":"first","11":"instock","12":"sale","13":"taxable","14":"shipping-taxable","15":"purchasable","16":"product-type-simple"},"_links":{"self":[{"href":"https:\/\/stylingagenten.com\/fi\/wp-json\/wp\/v2\/product\/127689","targetHints":{"allow":["GET"]}}],"collection":[{"href":"https:\/\/stylingagenten.com\/fi\/wp-json\/wp\/v2\/product"}],"about":[{"href":"https:\/\/stylingagenten.com\/fi\/wp-json\/wp\/v2\/types\/product"}],"replies":[{"embeddable":true,"href":"https:\/\/stylingagenten.com\/fi\/wp-json\/wp\/v2\/comments?post=127689"}],"version-history":[{"count":0,"href":"https:\/\/stylingagenten.com\/fi\/wp-json\/wp\/v2\/product\/127689\/revisions"}],"wp:featuredmedia":[{"embeddable":true,"href":"https:\/\/stylingagenten.com\/fi\/wp-json\/wp\/v2\/media\/127684"}],"wp:attachment":[{"href":"https:\/\/stylingagenten.com\/fi\/wp-json\/wp\/v2\/media?parent=127689"}],"wp:term":[{"taxonomy":"product_brand","embeddable":true,"href":"https:\/\/stylingagenten.com\/fi\/wp-json\/wp\/v2\/product_brand?post=127689"},{"taxonomy":"product_cat","embeddable":true,"href":"https:\/\/stylingagenten.com\/fi\/wp-json\/wp\/v2\/product_cat?post=127689"},{"taxonomy":"product_tag","embeddable":true,"href":"https:\/\/stylingagenten.com\/fi\/wp-json\/wp\/v2\/product_tag?post=127689"},{"taxonomy":"berocket_brand","embeddable":true,"href":"https:\/\/stylingagenten.com\/fi\/wp-json\/wp\/v2\/berocket_brand?post=127689"}],"curies":[{"name":"wp","href":"https:\/\/api.w.org\/{rel}","templated":true}]}}