{"id":127679,"date":"2025-05-18T22:12:12","date_gmt":"2025-05-18T22:12:12","guid":{"rendered":"https:\/\/staging2.stylingagenten.com\/fi\/produkt\/american-crew-heavy-hold-pomade-85g\/"},"modified":"2026-04-13T14:18:27","modified_gmt":"2026-04-13T14:18:27","slug":"american-crew-heavy-hold-pomade-85g","status":"publish","type":"product","link":"https:\/\/stylingagenten.com\/fi\/tuote\/american-crew-heavy-hold-pomade-85g\/","title":{"rendered":"American Crew Heavy Hold Pomade 85g"},"content":{"rendered":"<p>American Crew Heavy Hold Pomade on vesipohjainen pomade, jossa on vahva pito. T\u00e4ydellinen pehmeiden tyylien luomiseen, kuvanveistoon ja muotoiluun. \u00c4\u00e4rimm\u00e4inen kiinteys ja maksimaalinen kiilto.&nbsp;<\/p>\n","protected":false},"excerpt":{"rendered":"<p>American Crew Heavy Hold Pomade on vesipohjainen pomade, jossa on vahva pito. T\u00e4ydellinen pehmeiden tyylien luomiseen, kuvanveistoon ja muotoiluun. \u00c4\u00e4rimm\u00e4inen kiinteys ja maksimaalinen kiilto.&nbsp;<\/p>\n","protected":false},"featured_media":127677,"comment_status":"open","ping_status":"closed","template":"","meta":{"_trash_the_other_posts":false},"product_brand":[],"product_cat":[703],"product_tag":[],"berocket_brand":[1071],"class_list":{"0":"post-127679","1":"product","2":"type-product","3":"status-publish","4":"has-post-thumbnail","6":"product_cat-pomade","7":"pa_brand-american-crew","8":"berocket_brand-american-crew","10":"first","11":"instock","12":"sale","13":"taxable","14":"shipping-taxable","15":"purchasable","16":"product-type-simple"},"_links":{"self":[{"href":"https:\/\/stylingagenten.com\/fi\/wp-json\/wp\/v2\/product\/127679","targetHints":{"allow":["GET"]}}],"collection":[{"href":"https:\/\/stylingagenten.com\/fi\/wp-json\/wp\/v2\/product"}],"about":[{"href":"https:\/\/stylingagenten.com\/fi\/wp-json\/wp\/v2\/types\/product"}],"replies":[{"embeddable":true,"href":"https:\/\/stylingagenten.com\/fi\/wp-json\/wp\/v2\/comments?post=127679"}],"version-history":[{"count":0,"href":"https:\/\/stylingagenten.com\/fi\/wp-json\/wp\/v2\/product\/127679\/revisions"}],"wp:featuredmedia":[{"embeddable":true,"href":"https:\/\/stylingagenten.com\/fi\/wp-json\/wp\/v2\/media\/127677"}],"wp:attachment":[{"href":"https:\/\/stylingagenten.com\/fi\/wp-json\/wp\/v2\/media?parent=127679"}],"wp:term":[{"taxonomy":"product_brand","embeddable":true,"href":"https:\/\/stylingagenten.com\/fi\/wp-json\/wp\/v2\/product_brand?post=127679"},{"taxonomy":"product_cat","embeddable":true,"href":"https:\/\/stylingagenten.com\/fi\/wp-json\/wp\/v2\/product_cat?post=127679"},{"taxonomy":"product_tag","embeddable":true,"href":"https:\/\/stylingagenten.com\/fi\/wp-json\/wp\/v2\/product_tag?post=127679"},{"taxonomy":"berocket_brand","embeddable":true,"href":"https:\/\/stylingagenten.com\/fi\/wp-json\/wp\/v2\/berocket_brand?post=127679"}],"curies":[{"name":"wp","href":"https:\/\/api.w.org\/{rel}","templated":true}]}}