{"id":127675,"date":"2025-05-18T22:12:10","date_gmt":"2025-05-18T22:12:10","guid":{"rendered":"https:\/\/staging2.stylingagenten.com\/fi\/produkt\/revlon-style-masters-3-strong-matt-clay-85g\/"},"modified":"2026-04-08T07:48:27","modified_gmt":"2026-04-08T07:48:27","slug":"revlon-style-masters-3-strong-matt-clay-85g","status":"publish","type":"product","link":"https:\/\/stylingagenten.com\/fi\/tuote\/revlon-style-masters-3-strong-matt-clay-85g\/","title":{"rendered":"Revlon Style Masters 3 &#8211; Strong Matt Clay 85g"},"content":{"rendered":"<p>Savivaha, jossa on lis\u00e4hiukset&nbsp;kiinte\u00e4 ja mattapintainen viimeistely.&nbsp;Muotoilee hiustyyli\u00e4 helposti eik\u00e4 rasvata hiuksia. Antaa mattapintaisen lopputuloksen hiuksille.<\/p>\n<p>Lujuus: 3\/3<br \/>85 g<\/p>\n","protected":false},"excerpt":{"rendered":"<p>Savivaha, jossa on lis\u00e4hiukset&nbsp;kiinte\u00e4 ja mattapintainen viimeistely.&nbsp;Muotoilee hiustyyli\u00e4 helposti eik\u00e4 rasvata hiuksia. Antaa mattapintaisen lopputuloksen hiuksille. Lujuus: 3\/385 g<\/p>\n","protected":false},"featured_media":127669,"comment_status":"open","ping_status":"closed","template":"","meta":{"_trash_the_other_posts":false},"product_brand":[],"product_cat":[702],"product_tag":[],"berocket_brand":[1040],"class_list":{"0":"post-127675","1":"product","2":"type-product","3":"status-publish","4":"has-post-thumbnail","6":"product_cat-clay","7":"pa_brand-revlon","8":"berocket_brand-revlon","10":"first","11":"instock","12":"sale","13":"taxable","14":"shipping-taxable","15":"purchasable","16":"product-type-simple"},"_links":{"self":[{"href":"https:\/\/stylingagenten.com\/fi\/wp-json\/wp\/v2\/product\/127675","targetHints":{"allow":["GET"]}}],"collection":[{"href":"https:\/\/stylingagenten.com\/fi\/wp-json\/wp\/v2\/product"}],"about":[{"href":"https:\/\/stylingagenten.com\/fi\/wp-json\/wp\/v2\/types\/product"}],"replies":[{"embeddable":true,"href":"https:\/\/stylingagenten.com\/fi\/wp-json\/wp\/v2\/comments?post=127675"}],"version-history":[{"count":0,"href":"https:\/\/stylingagenten.com\/fi\/wp-json\/wp\/v2\/product\/127675\/revisions"}],"wp:featuredmedia":[{"embeddable":true,"href":"https:\/\/stylingagenten.com\/fi\/wp-json\/wp\/v2\/media\/127669"}],"wp:attachment":[{"href":"https:\/\/stylingagenten.com\/fi\/wp-json\/wp\/v2\/media?parent=127675"}],"wp:term":[{"taxonomy":"product_brand","embeddable":true,"href":"https:\/\/stylingagenten.com\/fi\/wp-json\/wp\/v2\/product_brand?post=127675"},{"taxonomy":"product_cat","embeddable":true,"href":"https:\/\/stylingagenten.com\/fi\/wp-json\/wp\/v2\/product_cat?post=127675"},{"taxonomy":"product_tag","embeddable":true,"href":"https:\/\/stylingagenten.com\/fi\/wp-json\/wp\/v2\/product_tag?post=127675"},{"taxonomy":"berocket_brand","embeddable":true,"href":"https:\/\/stylingagenten.com\/fi\/wp-json\/wp\/v2\/berocket_brand?post=127675"}],"curies":[{"name":"wp","href":"https:\/\/api.w.org\/{rel}","templated":true}]}}