{"id":127640,"date":"2025-05-18T22:12:02","date_gmt":"2025-05-18T22:12:02","guid":{"rendered":"https:\/\/staging2.stylingagenten.com\/fi\/produkt\/its-a-10-miracle-matte-molding-paste-59ml\/"},"modified":"2025-11-19T11:53:52","modified_gmt":"2025-11-19T11:53:52","slug":"its-a-10-miracle-matte-molding-paste-59ml","status":"publish","type":"product","link":"https:\/\/stylingagenten.com\/fi\/tuote\/its-a-10-miracle-matte-molding-paste-59ml\/","title":{"rendered":"It&#8217;s A 10 Miracle Matte Molding Paste 59ml"},"content":{"rendered":"<p>Pehme\u00e4, v\u00e4h\u00e4n kiilt\u00e4v\u00e4 ja tarttumaton muotoilutahna<br \/>Kosteuttava koostumus auttaa m\u00e4\u00e4rittelem\u00e4\u00e4n, erottamaan ja hallitsemaan hiuksia.<br \/>Tarjoaa helpon levityksen useille tyyleille<br \/>Antaa vahvan pidon koko p\u00e4iv\u00e4ksi ja lis\u00e4\u00e4 paksuus<br \/>Luo mattapintaisen ilmeen trendikk\u00e4\u00e4ll\u00e4 koostumuksella<br \/>&nbsp;Parabeeniton, sulfaattiton ja v\u00e4risuojattu<\/p>\n","protected":false},"excerpt":{"rendered":"<p>Pehme\u00e4, v\u00e4h\u00e4n kiilt\u00e4v\u00e4 ja tarttumaton muotoilutahnaKosteuttava koostumus auttaa m\u00e4\u00e4rittelem\u00e4\u00e4n, erottamaan ja hallitsemaan hiuksia.Tarjoaa helpon levityksen useille tyyleilleAntaa vahvan pidon koko p\u00e4iv\u00e4ksi ja lis\u00e4\u00e4 paksuusLuo mattapintaisen ilmeen trendikk\u00e4\u00e4ll\u00e4 koostumuksella&nbsp;Parabeeniton, sulfaattiton ja v\u00e4risuojattu<\/p>\n","protected":false},"featured_media":127639,"comment_status":"open","ping_status":"closed","template":"","meta":{"_trash_the_other_posts":false},"product_brand":[],"product_cat":[705],"product_tag":[],"berocket_brand":[1349],"class_list":{"0":"post-127640","1":"product","2":"type-product","3":"status-publish","4":"has-post-thumbnail","6":"product_cat-liita","7":"pa_brand-its-a-10","8":"berocket_brand-its-a-10","10":"first","11":"instock","12":"sale","13":"taxable","14":"shipping-taxable","15":"purchasable","16":"product-type-simple"},"_links":{"self":[{"href":"https:\/\/stylingagenten.com\/fi\/wp-json\/wp\/v2\/product\/127640","targetHints":{"allow":["GET"]}}],"collection":[{"href":"https:\/\/stylingagenten.com\/fi\/wp-json\/wp\/v2\/product"}],"about":[{"href":"https:\/\/stylingagenten.com\/fi\/wp-json\/wp\/v2\/types\/product"}],"replies":[{"embeddable":true,"href":"https:\/\/stylingagenten.com\/fi\/wp-json\/wp\/v2\/comments?post=127640"}],"version-history":[{"count":0,"href":"https:\/\/stylingagenten.com\/fi\/wp-json\/wp\/v2\/product\/127640\/revisions"}],"wp:featuredmedia":[{"embeddable":true,"href":"https:\/\/stylingagenten.com\/fi\/wp-json\/wp\/v2\/media\/127639"}],"wp:attachment":[{"href":"https:\/\/stylingagenten.com\/fi\/wp-json\/wp\/v2\/media?parent=127640"}],"wp:term":[{"taxonomy":"product_brand","embeddable":true,"href":"https:\/\/stylingagenten.com\/fi\/wp-json\/wp\/v2\/product_brand?post=127640"},{"taxonomy":"product_cat","embeddable":true,"href":"https:\/\/stylingagenten.com\/fi\/wp-json\/wp\/v2\/product_cat?post=127640"},{"taxonomy":"product_tag","embeddable":true,"href":"https:\/\/stylingagenten.com\/fi\/wp-json\/wp\/v2\/product_tag?post=127640"},{"taxonomy":"berocket_brand","embeddable":true,"href":"https:\/\/stylingagenten.com\/fi\/wp-json\/wp\/v2\/berocket_brand?post=127640"}],"curies":[{"name":"wp","href":"https:\/\/api.w.org\/{rel}","templated":true}]}}