{"id":127632,"date":"2025-05-18T22:12:00","date_gmt":"2025-05-18T22:12:00","guid":{"rendered":"https:\/\/staging2.stylingagenten.com\/fi\/produkt\/balmain-matt-clay-strong-100ml\/"},"modified":"2026-03-11T21:59:32","modified_gmt":"2026-03-11T21:59:32","slug":"balmain-matt-clay-strong-100ml","status":"publish","type":"product","link":"https:\/\/stylingagenten.com\/fi\/tuote\/balmain-matt-clay-strong-100ml\/","title":{"rendered":"Balmain Matt Clay Strong 100ml"},"content":{"rendered":"<p>T\u00e4m\u00e4 maaginen tuote on t\u00e4ydellinen niille teist\u00e4, jotka haluavat hallita hiustyyli\u00e4si parhaalla mahdollisella tavalla! Se antaa luonnollisen ja mattapintaisen ilmeen muutamassa sekunnissa. Matt Clay Strong kesytt\u00e4\u00e4 vaikeimmatkin hiustyypit. Tuote on luotu antamaan m\u00e4\u00e4r\u00e4tty hiustyyli ja suurin volyymi. Tuote tuntuu kovalta savelta purkissa, mutta kevyesti sormien v\u00e4liss\u00e4 hieromalla sen kanssa tulee uskomattoman helppo ty\u00f6skennell\u00e4 ja se poistaa kaiken p\u00f6rr\u00f6isyyden ja antaa hiuksille luonnollisen ilmeen. Ainutlaatuisen Balmain-tuoksunsa ansiosta Matt Clay Strong on trenditietoisille miehille ja naisille v\u00e4ltt\u00e4m\u00e4t\u00f6n!<\/p>\n<p>Silkkiproteiinit ja argan\u00f6ljy auttavat yll\u00e4pit\u00e4m\u00e4\u00e4n solun luonnollista kosteustasapainoa ja suojaamaan jokaista hiusnauhaa. Geeli palauttaa ja suojaa hiuksia ulkoisilta vaikutuksilta.<\/p>\n<p>Maksimaalinen volyymi<br \/>Pit\u00e4\u00e4 kampauksen paikoillaan pitk\u00e4\u00e4n<br \/>Luonnollinen, mattapintainen<\/p>\n<p>K\u00e4ytt\u00f6:<br \/>Kevyesti hiero tuotetta k\u00e4siisi ja levit\u00e4 kuiviin tai kosteisiin hiuksiin ja muotoile heti haluamasi hiustyyli.<\/p>\n","protected":false},"excerpt":{"rendered":"<p>T\u00e4m\u00e4 maaginen tuote on t\u00e4ydellinen niille teist\u00e4, jotka haluavat hallita hiustyyli\u00e4si parhaalla mahdollisella tavalla! Se antaa luonnollisen ja mattapintaisen ilmeen muutamassa sekunnissa. Matt Clay Strong kesytt\u00e4\u00e4 vaikeimmatkin hiustyypit. Tuote on luotu antamaan m\u00e4\u00e4r\u00e4tty hiustyyli ja suurin volyymi. Tuote tuntuu kovalta savelta purkissa, mutta kevyesti sormien v\u00e4liss\u00e4 hieromalla sen kanssa tulee uskomattoman helppo ty\u00f6skennell\u00e4 ja se [&hellip;]<\/p>\n","protected":false},"featured_media":127631,"comment_status":"open","ping_status":"closed","template":"","meta":{"_trash_the_other_posts":false},"product_brand":[],"product_cat":[702],"product_tag":[],"berocket_brand":[1144],"class_list":{"0":"post-127632","1":"product","2":"type-product","3":"status-publish","4":"has-post-thumbnail","6":"product_cat-clay","7":"pa_brand-balmain","8":"berocket_brand-balmain","10":"first","11":"instock","12":"sale","13":"taxable","14":"shipping-taxable","15":"purchasable","16":"product-type-simple"},"_links":{"self":[{"href":"https:\/\/stylingagenten.com\/fi\/wp-json\/wp\/v2\/product\/127632","targetHints":{"allow":["GET"]}}],"collection":[{"href":"https:\/\/stylingagenten.com\/fi\/wp-json\/wp\/v2\/product"}],"about":[{"href":"https:\/\/stylingagenten.com\/fi\/wp-json\/wp\/v2\/types\/product"}],"replies":[{"embeddable":true,"href":"https:\/\/stylingagenten.com\/fi\/wp-json\/wp\/v2\/comments?post=127632"}],"version-history":[{"count":0,"href":"https:\/\/stylingagenten.com\/fi\/wp-json\/wp\/v2\/product\/127632\/revisions"}],"wp:featuredmedia":[{"embeddable":true,"href":"https:\/\/stylingagenten.com\/fi\/wp-json\/wp\/v2\/media\/127631"}],"wp:attachment":[{"href":"https:\/\/stylingagenten.com\/fi\/wp-json\/wp\/v2\/media?parent=127632"}],"wp:term":[{"taxonomy":"product_brand","embeddable":true,"href":"https:\/\/stylingagenten.com\/fi\/wp-json\/wp\/v2\/product_brand?post=127632"},{"taxonomy":"product_cat","embeddable":true,"href":"https:\/\/stylingagenten.com\/fi\/wp-json\/wp\/v2\/product_cat?post=127632"},{"taxonomy":"product_tag","embeddable":true,"href":"https:\/\/stylingagenten.com\/fi\/wp-json\/wp\/v2\/product_tag?post=127632"},{"taxonomy":"berocket_brand","embeddable":true,"href":"https:\/\/stylingagenten.com\/fi\/wp-json\/wp\/v2\/berocket_brand?post=127632"}],"curies":[{"name":"wp","href":"https:\/\/api.w.org\/{rel}","templated":true}]}}