{"id":127626,"date":"2025-05-18T22:11:58","date_gmt":"2025-05-18T22:11:58","guid":{"rendered":"https:\/\/staging2.stylingagenten.com\/fi\/produkt\/sebastian-professional-craft-clay-150ml\/"},"modified":"2026-03-16T20:07:29","modified_gmt":"2026-03-16T20:07:29","slug":"sebastian-professional-craft-clay-150ml","status":"publish","type":"product","link":"https:\/\/stylingagenten.com\/fi\/tuote\/sebastian-professional-craft-clay-150ml\/","title":{"rendered":"Sebastian Professional Craft Clay 150ml"},"content":{"rendered":"<p>Luo kuiva, mattapintainen ilme ja tuntuma Sebastian Professional Craft Claylla. T\u00e4m\u00e4 ammattimainen muotoilulaite tarjoaa luonnollisen pidon juurista alkaen ja muuttaa hiusten rakennetta antaen niist\u00e4 mattapintaisen lopputuloksen. Erityisesti lyhyille ja keskipitkille hiuksille suunniteltu Craft Clayn muotoileva rakenne lis\u00e4\u00e4 hiuksille volyymia ja vahvaa m\u00e4\u00e4rittely\u00e4. Sebastianin formula savi sis\u00e4lt\u00e4\u00e4 maamineraaleja ja erottaa ja muotoilee hiusten rakennetta<\/p>\n","protected":false},"excerpt":{"rendered":"<p>Luo kuiva, mattapintainen ilme ja tuntuma Sebastian Professional Craft Claylla. T\u00e4m\u00e4 ammattimainen muotoilulaite tarjoaa luonnollisen pidon juurista alkaen ja muuttaa hiusten rakennetta antaen niist\u00e4 mattapintaisen lopputuloksen. Erityisesti lyhyille ja keskipitkille hiuksille suunniteltu Craft Clayn muotoileva rakenne lis\u00e4\u00e4 hiuksille volyymia ja vahvaa m\u00e4\u00e4rittely\u00e4. Sebastianin formula savi sis\u00e4lt\u00e4\u00e4 maamineraaleja ja erottaa ja muotoilee hiusten rakennetta<\/p>\n","protected":false},"featured_media":127624,"comment_status":"open","ping_status":"closed","template":"","meta":{"_trash_the_other_posts":false},"product_brand":[],"product_cat":[700],"product_tag":[3984],"berocket_brand":[1194],"class_list":{"0":"post-127626","1":"product","2":"type-product","3":"status-publish","4":"has-post-thumbnail","6":"product_cat-vaha","7":"product_tag-sebastian-professional-craft-clay","8":"pa_brand-sebastian","9":"pa_variantti-150ml","10":"berocket_brand-sebastian","12":"first","13":"outofstock","14":"sale","15":"taxable","16":"shipping-taxable","17":"purchasable","18":"product-type-simple"},"_links":{"self":[{"href":"https:\/\/stylingagenten.com\/fi\/wp-json\/wp\/v2\/product\/127626","targetHints":{"allow":["GET"]}}],"collection":[{"href":"https:\/\/stylingagenten.com\/fi\/wp-json\/wp\/v2\/product"}],"about":[{"href":"https:\/\/stylingagenten.com\/fi\/wp-json\/wp\/v2\/types\/product"}],"replies":[{"embeddable":true,"href":"https:\/\/stylingagenten.com\/fi\/wp-json\/wp\/v2\/comments?post=127626"}],"version-history":[{"count":0,"href":"https:\/\/stylingagenten.com\/fi\/wp-json\/wp\/v2\/product\/127626\/revisions"}],"wp:featuredmedia":[{"embeddable":true,"href":"https:\/\/stylingagenten.com\/fi\/wp-json\/wp\/v2\/media\/127624"}],"wp:attachment":[{"href":"https:\/\/stylingagenten.com\/fi\/wp-json\/wp\/v2\/media?parent=127626"}],"wp:term":[{"taxonomy":"product_brand","embeddable":true,"href":"https:\/\/stylingagenten.com\/fi\/wp-json\/wp\/v2\/product_brand?post=127626"},{"taxonomy":"product_cat","embeddable":true,"href":"https:\/\/stylingagenten.com\/fi\/wp-json\/wp\/v2\/product_cat?post=127626"},{"taxonomy":"product_tag","embeddable":true,"href":"https:\/\/stylingagenten.com\/fi\/wp-json\/wp\/v2\/product_tag?post=127626"},{"taxonomy":"berocket_brand","embeddable":true,"href":"https:\/\/stylingagenten.com\/fi\/wp-json\/wp\/v2\/berocket_brand?post=127626"}],"curies":[{"name":"wp","href":"https:\/\/api.w.org\/{rel}","templated":true}]}}