{"id":127622,"date":"2025-05-18T22:11:57","date_gmt":"2025-05-18T22:11:57","guid":{"rendered":"https:\/\/staging2.stylingagenten.com\/fi\/produkt\/fudge-sculpt-matte-hed-85ml\/"},"modified":"2026-03-11T21:45:21","modified_gmt":"2026-03-11T21:45:21","slug":"fudge-sculpt-matte-hed-85ml","status":"publish","type":"product","link":"https:\/\/stylingagenten.com\/fi\/tuote\/fudge-sculpt-matte-hed-85ml\/","title":{"rendered":"Fudge Sculpt Matte Hed 85ml"},"content":{"rendered":"<p>Fudge Matte Hed luo ter\u00e4vyytt\u00e4 ja tekstuuria ja tarjoaa eritt\u00e4in mattapintaisen, joustavan, kiinte\u00e4n ja kuivan pinnan. T\u00e4m\u00e4 vaha suojaa kuivumiselta ja suojaa hiusten luonnollista kuntoa orgaanisten ravitsevien aineiden avulla. Viile\u00e4n kurkun ja melonin tuoksu.<\/p>\n","protected":false},"excerpt":{"rendered":"<p>Fudge Matte Hed luo ter\u00e4vyytt\u00e4 ja tekstuuria ja tarjoaa eritt\u00e4in mattapintaisen, joustavan, kiinte\u00e4n ja kuivan pinnan. T\u00e4m\u00e4 vaha suojaa kuivumiselta ja suojaa hiusten luonnollista kuntoa orgaanisten ravitsevien aineiden avulla. Viile\u00e4n kurkun ja melonin tuoksu.<\/p>\n","protected":false},"featured_media":127621,"comment_status":"open","ping_status":"closed","template":"","meta":{"_trash_the_other_posts":false},"product_brand":[],"product_cat":[705,1003],"product_tag":[],"berocket_brand":[1319],"class_list":{"0":"post-127622","1":"product","2":"type-product","3":"status-publish","4":"has-post-thumbnail","6":"product_cat-liita","7":"product_cat-myydyimmat","8":"pa_brand-fudge","9":"berocket_brand-fudge","11":"first","12":"instock","13":"sale","14":"taxable","15":"shipping-taxable","16":"purchasable","17":"product-type-simple"},"_links":{"self":[{"href":"https:\/\/stylingagenten.com\/fi\/wp-json\/wp\/v2\/product\/127622","targetHints":{"allow":["GET"]}}],"collection":[{"href":"https:\/\/stylingagenten.com\/fi\/wp-json\/wp\/v2\/product"}],"about":[{"href":"https:\/\/stylingagenten.com\/fi\/wp-json\/wp\/v2\/types\/product"}],"replies":[{"embeddable":true,"href":"https:\/\/stylingagenten.com\/fi\/wp-json\/wp\/v2\/comments?post=127622"}],"version-history":[{"count":0,"href":"https:\/\/stylingagenten.com\/fi\/wp-json\/wp\/v2\/product\/127622\/revisions"}],"wp:featuredmedia":[{"embeddable":true,"href":"https:\/\/stylingagenten.com\/fi\/wp-json\/wp\/v2\/media\/127621"}],"wp:attachment":[{"href":"https:\/\/stylingagenten.com\/fi\/wp-json\/wp\/v2\/media?parent=127622"}],"wp:term":[{"taxonomy":"product_brand","embeddable":true,"href":"https:\/\/stylingagenten.com\/fi\/wp-json\/wp\/v2\/product_brand?post=127622"},{"taxonomy":"product_cat","embeddable":true,"href":"https:\/\/stylingagenten.com\/fi\/wp-json\/wp\/v2\/product_cat?post=127622"},{"taxonomy":"product_tag","embeddable":true,"href":"https:\/\/stylingagenten.com\/fi\/wp-json\/wp\/v2\/product_tag?post=127622"},{"taxonomy":"berocket_brand","embeddable":true,"href":"https:\/\/stylingagenten.com\/fi\/wp-json\/wp\/v2\/berocket_brand?post=127622"}],"curies":[{"name":"wp","href":"https:\/\/api.w.org\/{rel}","templated":true}]}}