{"id":127619,"date":"2025-05-18T22:11:57","date_gmt":"2025-05-18T22:11:57","guid":{"rendered":"https:\/\/staging2.stylingagenten.com\/fi\/produkt\/fudge-hair-shaper-75g\/"},"modified":"2026-03-30T07:20:11","modified_gmt":"2026-03-30T07:20:11","slug":"fudge-hair-shaper-75g","status":"publish","type":"product","link":"https:\/\/stylingagenten.com\/fi\/tuote\/fudge-hair-shaper-75g\/","title":{"rendered":"Fudge Hair Shaper 75g"},"content":{"rendered":"<p>Fudge Hair Shaper on yksi maailman myydyimmist\u00e4 vahoista ja toimii useimpiin tarkoituksiin p\u00f6rr\u00f6isyydest\u00e4 hoitoon. T\u00e4m\u00e4 vaha tarjoaa rakenteen ja tilavuuden sek\u00e4 vahvan kest\u00e4vyyden. Peseytyy helposti pois shampoolla.<\/p>\n","protected":false},"excerpt":{"rendered":"<p>Fudge Hair Shaper on yksi maailman myydyimmist\u00e4 vahoista ja toimii useimpiin tarkoituksiin p\u00f6rr\u00f6isyydest\u00e4 hoitoon. T\u00e4m\u00e4 vaha tarjoaa rakenteen ja tilavuuden sek\u00e4 vahvan kest\u00e4vyyden. Peseytyy helposti pois shampoolla.<\/p>\n","protected":false},"featured_media":127617,"comment_status":"open","ping_status":"closed","template":"","meta":{"_trash_the_other_posts":false},"product_brand":[],"product_cat":[1003],"product_tag":[],"berocket_brand":[1319],"class_list":{"0":"post-127619","1":"product","2":"type-product","3":"status-publish","4":"has-post-thumbnail","6":"product_cat-myydyimmat","7":"pa_brand-fudge","8":"berocket_brand-fudge","10":"first","11":"instock","12":"sale","13":"taxable","14":"shipping-taxable","15":"purchasable","16":"product-type-simple"},"_links":{"self":[{"href":"https:\/\/stylingagenten.com\/fi\/wp-json\/wp\/v2\/product\/127619","targetHints":{"allow":["GET"]}}],"collection":[{"href":"https:\/\/stylingagenten.com\/fi\/wp-json\/wp\/v2\/product"}],"about":[{"href":"https:\/\/stylingagenten.com\/fi\/wp-json\/wp\/v2\/types\/product"}],"replies":[{"embeddable":true,"href":"https:\/\/stylingagenten.com\/fi\/wp-json\/wp\/v2\/comments?post=127619"}],"version-history":[{"count":0,"href":"https:\/\/stylingagenten.com\/fi\/wp-json\/wp\/v2\/product\/127619\/revisions"}],"wp:featuredmedia":[{"embeddable":true,"href":"https:\/\/stylingagenten.com\/fi\/wp-json\/wp\/v2\/media\/127617"}],"wp:attachment":[{"href":"https:\/\/stylingagenten.com\/fi\/wp-json\/wp\/v2\/media?parent=127619"}],"wp:term":[{"taxonomy":"product_brand","embeddable":true,"href":"https:\/\/stylingagenten.com\/fi\/wp-json\/wp\/v2\/product_brand?post=127619"},{"taxonomy":"product_cat","embeddable":true,"href":"https:\/\/stylingagenten.com\/fi\/wp-json\/wp\/v2\/product_cat?post=127619"},{"taxonomy":"product_tag","embeddable":true,"href":"https:\/\/stylingagenten.com\/fi\/wp-json\/wp\/v2\/product_tag?post=127619"},{"taxonomy":"berocket_brand","embeddable":true,"href":"https:\/\/stylingagenten.com\/fi\/wp-json\/wp\/v2\/berocket_brand?post=127619"}],"curies":[{"name":"wp","href":"https:\/\/api.w.org\/{rel}","templated":true}]}}