{"id":127614,"date":"2025-05-18T22:11:55","date_gmt":"2025-05-18T22:11:55","guid":{"rendered":"https:\/\/staging2.stylingagenten.com\/fi\/produkt\/maria-nila-creator-fix-100ml\/"},"modified":"2026-03-14T20:37:33","modified_gmt":"2026-03-14T20:37:33","slug":"maria-nila-creator-fix-100ml","status":"publish","type":"product","link":"https:\/\/stylingagenten.com\/fi\/tuote\/maria-nila-creator-fix-100ml\/","title":{"rendered":"Maria Nila Creator Fix 100ml"},"content":{"rendered":"<p>Vaha, joka muotoilee, muotoilee ja sitoo hiuksiasi mattapintaisella tuloksella. K\u00e4yt\u00e4 kuiviin hiuksiin. Lyhyille ja pitkille hiuksille. Pid\u00e4 6\/6<\/p>\n","protected":false},"excerpt":{"rendered":"<p>Vaha, joka muotoilee, muotoilee ja sitoo hiuksiasi mattapintaisella tuloksella. K\u00e4yt\u00e4 kuiviin hiuksiin. Lyhyille ja pitkille hiuksille. Pid\u00e4 6\/6<\/p>\n","protected":false},"featured_media":127611,"comment_status":"open","ping_status":"closed","template":"","meta":{"_trash_the_other_posts":false},"product_brand":[],"product_cat":[1003,700],"product_tag":[],"berocket_brand":[1388],"class_list":{"0":"post-127614","1":"product","2":"type-product","3":"status-publish","4":"has-post-thumbnail","6":"product_cat-myydyimmat","7":"product_cat-vaha","8":"pa_brand-maria-nila","9":"berocket_brand-maria-nila","11":"first","12":"instock","13":"sale","14":"taxable","15":"shipping-taxable","16":"purchasable","17":"product-type-simple"},"_links":{"self":[{"href":"https:\/\/stylingagenten.com\/fi\/wp-json\/wp\/v2\/product\/127614","targetHints":{"allow":["GET"]}}],"collection":[{"href":"https:\/\/stylingagenten.com\/fi\/wp-json\/wp\/v2\/product"}],"about":[{"href":"https:\/\/stylingagenten.com\/fi\/wp-json\/wp\/v2\/types\/product"}],"replies":[{"embeddable":true,"href":"https:\/\/stylingagenten.com\/fi\/wp-json\/wp\/v2\/comments?post=127614"}],"version-history":[{"count":0,"href":"https:\/\/stylingagenten.com\/fi\/wp-json\/wp\/v2\/product\/127614\/revisions"}],"wp:featuredmedia":[{"embeddable":true,"href":"https:\/\/stylingagenten.com\/fi\/wp-json\/wp\/v2\/media\/127611"}],"wp:attachment":[{"href":"https:\/\/stylingagenten.com\/fi\/wp-json\/wp\/v2\/media?parent=127614"}],"wp:term":[{"taxonomy":"product_brand","embeddable":true,"href":"https:\/\/stylingagenten.com\/fi\/wp-json\/wp\/v2\/product_brand?post=127614"},{"taxonomy":"product_cat","embeddable":true,"href":"https:\/\/stylingagenten.com\/fi\/wp-json\/wp\/v2\/product_cat?post=127614"},{"taxonomy":"product_tag","embeddable":true,"href":"https:\/\/stylingagenten.com\/fi\/wp-json\/wp\/v2\/product_tag?post=127614"},{"taxonomy":"berocket_brand","embeddable":true,"href":"https:\/\/stylingagenten.com\/fi\/wp-json\/wp\/v2\/berocket_brand?post=127614"}],"curies":[{"name":"wp","href":"https:\/\/api.w.org\/{rel}","templated":true}]}}