{"id":127576,"date":"2025-05-18T22:11:47","date_gmt":"2025-05-18T22:11:47","guid":{"rendered":"https:\/\/staging2.stylingagenten.com\/fi\/produkt\/wella-eimi-texture-touch-matte-clay-75ml\/"},"modified":"2026-04-07T05:58:36","modified_gmt":"2026-04-07T05:58:36","slug":"wella-eimi-texture-touch-matte-clay-75ml","status":"publish","type":"product","link":"https:\/\/stylingagenten.com\/fi\/tuote\/wella-eimi-texture-touch-matte-clay-75ml\/","title":{"rendered":"Wella Eimi Texture Touch Matte Clay 75ml"},"content":{"rendered":"<p><span style='font-size:11.0pt;line-height:107%;font-family:\"Calibri\",sans-serif;Calibri'>Muokkaa ulkoasua p\u00e4iv\u00e4n aikana t\u00e4ll\u00e4 mattapintaisella savella. Mineraaleja ja mehil\u00e4isvahaa sis\u00e4lt\u00e4v\u00e4 koostumus kiinteytt\u00e4 ja joustavuutta varten.<\/span><\/p>\n","protected":false},"excerpt":{"rendered":"<p>Muokkaa ulkoasua p\u00e4iv\u00e4n aikana t\u00e4ll\u00e4 mattapintaisella savella. Mineraaleja ja mehil\u00e4isvahaa sis\u00e4lt\u00e4v\u00e4 koostumus kiinteytt\u00e4 ja joustavuutta varten.<\/p>\n","protected":false},"featured_media":127573,"comment_status":"open","ping_status":"closed","template":"","meta":{"_trash_the_other_posts":false},"product_brand":[],"product_cat":[702],"product_tag":[],"berocket_brand":[1030],"class_list":{"0":"post-127576","1":"product","2":"type-product","3":"status-publish","4":"has-post-thumbnail","6":"product_cat-clay","7":"pa_brand-wella","8":"berocket_brand-wella","10":"first","11":"outofstock","12":"sale","13":"taxable","14":"shipping-taxable","15":"purchasable","16":"product-type-simple"},"_links":{"self":[{"href":"https:\/\/stylingagenten.com\/fi\/wp-json\/wp\/v2\/product\/127576","targetHints":{"allow":["GET"]}}],"collection":[{"href":"https:\/\/stylingagenten.com\/fi\/wp-json\/wp\/v2\/product"}],"about":[{"href":"https:\/\/stylingagenten.com\/fi\/wp-json\/wp\/v2\/types\/product"}],"replies":[{"embeddable":true,"href":"https:\/\/stylingagenten.com\/fi\/wp-json\/wp\/v2\/comments?post=127576"}],"version-history":[{"count":0,"href":"https:\/\/stylingagenten.com\/fi\/wp-json\/wp\/v2\/product\/127576\/revisions"}],"wp:featuredmedia":[{"embeddable":true,"href":"https:\/\/stylingagenten.com\/fi\/wp-json\/wp\/v2\/media\/127573"}],"wp:attachment":[{"href":"https:\/\/stylingagenten.com\/fi\/wp-json\/wp\/v2\/media?parent=127576"}],"wp:term":[{"taxonomy":"product_brand","embeddable":true,"href":"https:\/\/stylingagenten.com\/fi\/wp-json\/wp\/v2\/product_brand?post=127576"},{"taxonomy":"product_cat","embeddable":true,"href":"https:\/\/stylingagenten.com\/fi\/wp-json\/wp\/v2\/product_cat?post=127576"},{"taxonomy":"product_tag","embeddable":true,"href":"https:\/\/stylingagenten.com\/fi\/wp-json\/wp\/v2\/product_tag?post=127576"},{"taxonomy":"berocket_brand","embeddable":true,"href":"https:\/\/stylingagenten.com\/fi\/wp-json\/wp\/v2\/berocket_brand?post=127576"}],"curies":[{"name":"wp","href":"https:\/\/api.w.org\/{rel}","templated":true}]}}