{"id":127572,"date":"2025-05-18T22:11:45","date_gmt":"2025-05-18T22:11:45","guid":{"rendered":"https:\/\/staging2.stylingagenten.com\/fi\/produkt\/schwarzkopf-osis-flexwax-85ml\/"},"modified":"2026-03-29T10:28:25","modified_gmt":"2026-03-29T10:28:25","slug":"schwarzkopf-osis-flexwax-85ml","status":"publish","type":"product","link":"https:\/\/stylingagenten.com\/fi\/tuote\/schwarzkopf-osis-flexwax-85ml\/","title":{"rendered":"Schwarzkopf Osis Flexwax 85ml"},"content":{"rendered":"<p>Schwarzkopf Osis Flexwax 85ml<br \/>OSiS Flexwax on kermainen ja tehokas vaha, joka tarjoaa vahvan pidon, luonnollisen kiillon ja joustavan m\u00e4\u00e4ritelm\u00e4n<\/p>\n","protected":false},"excerpt":{"rendered":"<p>Schwarzkopf Osis Flexwax 85mlOSiS Flexwax on kermainen ja tehokas vaha, joka tarjoaa vahvan pidon, luonnollisen kiillon ja joustavan m\u00e4\u00e4ritelm\u00e4n<\/p>\n","protected":false},"featured_media":127569,"comment_status":"open","ping_status":"closed","template":"","meta":{"_trash_the_other_posts":false},"product_brand":[],"product_cat":[1003,700],"product_tag":[],"berocket_brand":[1060],"class_list":{"0":"post-127572","1":"product","2":"type-product","3":"status-publish","4":"has-post-thumbnail","6":"product_cat-myydyimmat","7":"product_cat-vaha","8":"pa_brand-schwarzkopf","9":"berocket_brand-schwarzkopf","11":"first","12":"instock","13":"sale","14":"taxable","15":"shipping-taxable","16":"purchasable","17":"product-type-simple"},"_links":{"self":[{"href":"https:\/\/stylingagenten.com\/fi\/wp-json\/wp\/v2\/product\/127572","targetHints":{"allow":["GET"]}}],"collection":[{"href":"https:\/\/stylingagenten.com\/fi\/wp-json\/wp\/v2\/product"}],"about":[{"href":"https:\/\/stylingagenten.com\/fi\/wp-json\/wp\/v2\/types\/product"}],"replies":[{"embeddable":true,"href":"https:\/\/stylingagenten.com\/fi\/wp-json\/wp\/v2\/comments?post=127572"}],"version-history":[{"count":0,"href":"https:\/\/stylingagenten.com\/fi\/wp-json\/wp\/v2\/product\/127572\/revisions"}],"wp:featuredmedia":[{"embeddable":true,"href":"https:\/\/stylingagenten.com\/fi\/wp-json\/wp\/v2\/media\/127569"}],"wp:attachment":[{"href":"https:\/\/stylingagenten.com\/fi\/wp-json\/wp\/v2\/media?parent=127572"}],"wp:term":[{"taxonomy":"product_brand","embeddable":true,"href":"https:\/\/stylingagenten.com\/fi\/wp-json\/wp\/v2\/product_brand?post=127572"},{"taxonomy":"product_cat","embeddable":true,"href":"https:\/\/stylingagenten.com\/fi\/wp-json\/wp\/v2\/product_cat?post=127572"},{"taxonomy":"product_tag","embeddable":true,"href":"https:\/\/stylingagenten.com\/fi\/wp-json\/wp\/v2\/product_tag?post=127572"},{"taxonomy":"berocket_brand","embeddable":true,"href":"https:\/\/stylingagenten.com\/fi\/wp-json\/wp\/v2\/berocket_brand?post=127572"}],"curies":[{"name":"wp","href":"https:\/\/api.w.org\/{rel}","templated":true}]}}