{"id":127517,"date":"2025-05-18T22:11:35","date_gmt":"2025-05-18T22:11:35","guid":{"rendered":"https:\/\/staging2.stylingagenten.com\/fi\/produkt\/bjork-forma-hart-strong-hold-wax-75ml\/"},"modified":"2026-03-25T06:58:36","modified_gmt":"2026-03-25T06:58:36","slug":"bjork-forma-hart-strong-hold-wax-75ml","status":"publish","type":"product","link":"https:\/\/stylingagenten.com\/fi\/tuote\/bjork-forma-hart-strong-hold-wax-75ml\/","title":{"rendered":"Bj\u00f6rk FORMA H\u00c5RT Strong Hold Wax 75ml"},"content":{"rendered":"<p>Bj\u00f6rk FORMA H\u00c5RT Strong Hold Wax on vahaa, jolla on vahva pito sek\u00e4 lyhyille ett\u00e4 puolipitkille hiuksille. Ravitseva koostumus sheavoilla ja oliivi\u00f6ljyll\u00e4 muotoilee ja ehk\u00e4isee staattisuutta. Antaa vahvan pidon, tekstuurin ja luonnollisen mattapinnan.<\/p>\n<p>Tuoksu: Raikas tuoksu, jossa on vivahteita omenasta ja myskist\u00e4.<\/p>\n<p>75 ml<\/p>\n","protected":false},"excerpt":{"rendered":"<p>Bj\u00f6rk FORMA H\u00c5RT Strong Hold Wax on vahaa, jolla on vahva pito sek\u00e4 lyhyille ett\u00e4 puolipitkille hiuksille. Ravitseva koostumus sheavoilla ja oliivi\u00f6ljyll\u00e4 muotoilee ja ehk\u00e4isee staattisuutta. Antaa vahvan pidon, tekstuurin ja luonnollisen mattapinnan. Tuoksu: Raikas tuoksu, jossa on vivahteita omenasta ja myskist\u00e4. 75 ml<\/p>\n","protected":false},"featured_media":127515,"comment_status":"open","ping_status":"closed","template":"","meta":{"_trash_the_other_posts":false},"product_brand":[],"product_cat":[700],"product_tag":[],"berocket_brand":[1418],"class_list":{"0":"post-127517","1":"product","2":"type-product","3":"status-publish","4":"has-post-thumbnail","6":"product_cat-vaha","7":"pa_brand-bjork","8":"berocket_brand-bjork","10":"first","11":"instock","12":"sale","13":"taxable","14":"shipping-taxable","15":"purchasable","16":"product-type-simple"},"_links":{"self":[{"href":"https:\/\/stylingagenten.com\/fi\/wp-json\/wp\/v2\/product\/127517","targetHints":{"allow":["GET"]}}],"collection":[{"href":"https:\/\/stylingagenten.com\/fi\/wp-json\/wp\/v2\/product"}],"about":[{"href":"https:\/\/stylingagenten.com\/fi\/wp-json\/wp\/v2\/types\/product"}],"replies":[{"embeddable":true,"href":"https:\/\/stylingagenten.com\/fi\/wp-json\/wp\/v2\/comments?post=127517"}],"version-history":[{"count":0,"href":"https:\/\/stylingagenten.com\/fi\/wp-json\/wp\/v2\/product\/127517\/revisions"}],"wp:featuredmedia":[{"embeddable":true,"href":"https:\/\/stylingagenten.com\/fi\/wp-json\/wp\/v2\/media\/127515"}],"wp:attachment":[{"href":"https:\/\/stylingagenten.com\/fi\/wp-json\/wp\/v2\/media?parent=127517"}],"wp:term":[{"taxonomy":"product_brand","embeddable":true,"href":"https:\/\/stylingagenten.com\/fi\/wp-json\/wp\/v2\/product_brand?post=127517"},{"taxonomy":"product_cat","embeddable":true,"href":"https:\/\/stylingagenten.com\/fi\/wp-json\/wp\/v2\/product_cat?post=127517"},{"taxonomy":"product_tag","embeddable":true,"href":"https:\/\/stylingagenten.com\/fi\/wp-json\/wp\/v2\/product_tag?post=127517"},{"taxonomy":"berocket_brand","embeddable":true,"href":"https:\/\/stylingagenten.com\/fi\/wp-json\/wp\/v2\/berocket_brand?post=127517"}],"curies":[{"name":"wp","href":"https:\/\/api.w.org\/{rel}","templated":true}]}}