{"id":127491,"date":"2025-05-18T22:11:29","date_gmt":"2025-05-18T22:11:29","guid":{"rendered":"https:\/\/staging2.stylingagenten.com\/fi\/produkt\/loreal-professionnel-tecni-art-depolish-matte-paste-100ml\/"},"modified":"2026-04-09T05:08:28","modified_gmt":"2026-04-09T05:08:28","slug":"loreal-professionnel-tecni-art-depolish-matte-paste-100ml","status":"publish","type":"product","link":"https:\/\/stylingagenten.com\/fi\/tuote\/loreal-professionnel-tecni-art-depolish-matte-paste-100ml\/","title":{"rendered":"L&#8217;Oreal Professionnel Tecni.Art Depolish Matte Paste 100ml"},"content":{"rendered":"<p>L&#8217;Or\u00e9al Professionnel Tecni.Art Depolish on sile\u00e4 ja helposti muotoiltava tahna.<\/p>\n<p>TECNI.ARTin ehdoton tuote, joka tekee hiuksista mattapintaiset ja joustavat tyylikk\u00e4\u00e4n, rentouden ilmeen luomiseksi, joka voidaan muotoilla uudelleen lukemattomia kertoja. Ty\u00f6st\u00e4 ja muotoile hiukset trendikk\u00e4\u00e4ksi ilmeeksi ilman, ett\u00e4 hiukset tuntuvat j\u00e4ykilt\u00e4. Kuvittele sotkuinen, rento rakenne ja volyymi, joka voidaan muotoilla kaikilla hiustyypeill\u00e4.<\/p>\n<p>100ml<\/p>\n","protected":false},"excerpt":{"rendered":"<p>L&#8217;Or\u00e9al Professionnel Tecni.Art Depolish on sile\u00e4 ja helposti muotoiltava tahna. TECNI.ARTin ehdoton tuote, joka tekee hiuksista mattapintaiset ja joustavat tyylikk\u00e4\u00e4n, rentouden ilmeen luomiseksi, joka voidaan muotoilla uudelleen lukemattomia kertoja. Ty\u00f6st\u00e4 ja muotoile hiukset trendikk\u00e4\u00e4ksi ilmeeksi ilman, ett\u00e4 hiukset tuntuvat j\u00e4ykilt\u00e4. Kuvittele sotkuinen, rento rakenne ja volyymi, joka voidaan muotoilla kaikilla hiustyypeill\u00e4. 100ml<\/p>\n","protected":false},"featured_media":127482,"comment_status":"open","ping_status":"closed","template":"","meta":{"_trash_the_other_posts":false},"product_brand":[],"product_cat":[705],"product_tag":[],"berocket_brand":[2000],"class_list":{"0":"post-127491","1":"product","2":"type-product","3":"status-publish","4":"has-post-thumbnail","6":"product_cat-liita","7":"pa_brand-loreal-paris","8":"berocket_brand-loreal-paris","10":"first","11":"instock","12":"sale","13":"taxable","14":"shipping-taxable","15":"purchasable","16":"product-type-simple"},"_links":{"self":[{"href":"https:\/\/stylingagenten.com\/fi\/wp-json\/wp\/v2\/product\/127491","targetHints":{"allow":["GET"]}}],"collection":[{"href":"https:\/\/stylingagenten.com\/fi\/wp-json\/wp\/v2\/product"}],"about":[{"href":"https:\/\/stylingagenten.com\/fi\/wp-json\/wp\/v2\/types\/product"}],"replies":[{"embeddable":true,"href":"https:\/\/stylingagenten.com\/fi\/wp-json\/wp\/v2\/comments?post=127491"}],"version-history":[{"count":0,"href":"https:\/\/stylingagenten.com\/fi\/wp-json\/wp\/v2\/product\/127491\/revisions"}],"wp:featuredmedia":[{"embeddable":true,"href":"https:\/\/stylingagenten.com\/fi\/wp-json\/wp\/v2\/media\/127482"}],"wp:attachment":[{"href":"https:\/\/stylingagenten.com\/fi\/wp-json\/wp\/v2\/media?parent=127491"}],"wp:term":[{"taxonomy":"product_brand","embeddable":true,"href":"https:\/\/stylingagenten.com\/fi\/wp-json\/wp\/v2\/product_brand?post=127491"},{"taxonomy":"product_cat","embeddable":true,"href":"https:\/\/stylingagenten.com\/fi\/wp-json\/wp\/v2\/product_cat?post=127491"},{"taxonomy":"product_tag","embeddable":true,"href":"https:\/\/stylingagenten.com\/fi\/wp-json\/wp\/v2\/product_tag?post=127491"},{"taxonomy":"berocket_brand","embeddable":true,"href":"https:\/\/stylingagenten.com\/fi\/wp-json\/wp\/v2\/berocket_brand?post=127491"}],"curies":[{"name":"wp","href":"https:\/\/api.w.org\/{rel}","templated":true}]}}