{"id":127469,"date":"2025-05-18T22:11:24","date_gmt":"2025-05-18T22:11:24","guid":{"rendered":"https:\/\/staging2.stylingagenten.com\/fi\/produkt\/wella-eimi-flowing-form-anti-frizz-smoothing-balm-100ml\/"},"modified":"2026-04-09T08:58:28","modified_gmt":"2026-04-09T08:58:28","slug":"wella-eimi-flowing-form-anti-frizz-smoothing-balm-100ml","status":"publish","type":"product","link":"https:\/\/stylingagenten.com\/fi\/tuote\/wella-eimi-flowing-form-anti-frizz-smoothing-balm-100ml\/","title":{"rendered":"Wella EIMI Flowing Form Anti-frizz Smoothing Balm 100ml"},"content":{"rendered":"<p style='margin-top:0cm;margin-right:0cm;margin-bottom:8.0pt;margin-left:0cm;font-size:15px;font-family:\"Calibri\",sans-serif'> EIMI Flowing Form on kuoriva p\u00f6rr\u00f6isyytt\u00e4 ehk\u00e4isev\u00e4 voide. Auttaa luomaan pehme\u00e4n ja joustavan hallinnan hiustyyliisi, tuote auttaa my\u00f6s v\u00e4hent\u00e4m\u00e4\u00e4n p\u00f6rr\u00f6isyytt\u00e4 ja suojaa hiuksia kuivumiselta, kun k\u00e4yt\u00e4t muotoiluty\u00f6kaluja.<\/p>\n<p style='margin: 0cm 0cm 8pt;font-family: \"Calibri\", sans-serif'>Tilavuus: 100 ml<\/p>\n","protected":false},"excerpt":{"rendered":"<p>EIMI Flowing Form on kuoriva p\u00f6rr\u00f6isyytt\u00e4 ehk\u00e4isev\u00e4 voide. Auttaa luomaan pehme\u00e4n ja joustavan hallinnan hiustyyliisi, tuote auttaa my\u00f6s v\u00e4hent\u00e4m\u00e4\u00e4n p\u00f6rr\u00f6isyytt\u00e4 ja suojaa hiuksia kuivumiselta, kun k\u00e4yt\u00e4t muotoiluty\u00f6kaluja. Tilavuus: 100 ml<\/p>\n","protected":false},"featured_media":127462,"comment_status":"open","ping_status":"closed","template":"","meta":{"_trash_the_other_posts":false},"product_brand":[],"product_cat":[546,1003],"product_tag":[],"berocket_brand":[1030],"class_list":{"0":"post-127469","1":"product","2":"type-product","3":"status-publish","4":"has-post-thumbnail","6":"product_cat-harstyling","7":"product_cat-myydyimmat","8":"pa_brand-wella","9":"berocket_brand-wella","11":"first","12":"outofstock","13":"sale","14":"taxable","15":"shipping-taxable","16":"purchasable","17":"product-type-simple"},"_links":{"self":[{"href":"https:\/\/stylingagenten.com\/fi\/wp-json\/wp\/v2\/product\/127469","targetHints":{"allow":["GET"]}}],"collection":[{"href":"https:\/\/stylingagenten.com\/fi\/wp-json\/wp\/v2\/product"}],"about":[{"href":"https:\/\/stylingagenten.com\/fi\/wp-json\/wp\/v2\/types\/product"}],"replies":[{"embeddable":true,"href":"https:\/\/stylingagenten.com\/fi\/wp-json\/wp\/v2\/comments?post=127469"}],"version-history":[{"count":0,"href":"https:\/\/stylingagenten.com\/fi\/wp-json\/wp\/v2\/product\/127469\/revisions"}],"wp:featuredmedia":[{"embeddable":true,"href":"https:\/\/stylingagenten.com\/fi\/wp-json\/wp\/v2\/media\/127462"}],"wp:attachment":[{"href":"https:\/\/stylingagenten.com\/fi\/wp-json\/wp\/v2\/media?parent=127469"}],"wp:term":[{"taxonomy":"product_brand","embeddable":true,"href":"https:\/\/stylingagenten.com\/fi\/wp-json\/wp\/v2\/product_brand?post=127469"},{"taxonomy":"product_cat","embeddable":true,"href":"https:\/\/stylingagenten.com\/fi\/wp-json\/wp\/v2\/product_cat?post=127469"},{"taxonomy":"product_tag","embeddable":true,"href":"https:\/\/stylingagenten.com\/fi\/wp-json\/wp\/v2\/product_tag?post=127469"},{"taxonomy":"berocket_brand","embeddable":true,"href":"https:\/\/stylingagenten.com\/fi\/wp-json\/wp\/v2\/berocket_brand?post=127469"}],"curies":[{"name":"wp","href":"https:\/\/api.w.org\/{rel}","templated":true}]}}